{"id":706616,"date":"2025-08-27T15:57:35","date_gmt":"2025-08-27T12:57:35","guid":{"rendered":"https:\/\/roveyayinevi.com.tr\/index.php\/urun\/ejderha-avcilari-okulu-buyuk-savasci-neredesin\/"},"modified":"2026-04-16T02:15:04","modified_gmt":"2026-04-15T23:15:04","slug":"ejderha-avcilari-okulu-buyuk-savasci-neredesin","status":"publish","type":"product","link":"https:\/\/roveyayinevi.com.tr\/index.php\/urun\/ejderha-avcilari-okulu-buyuk-savasci-neredesin\/","title":{"rendered":"Ejderha Avc\u0131lar\u0131 Okulu \/ B\u00fcy\u00fck Sava\u015f\u00e7\u0131 Neredesin"},"content":{"rendered":"<p>Bir g\u00fcn yolunuz Kara Orman&#8217;a d\u00fc\u015ferse sak\u0131n korkmay\u0131n! Orman\u0131n derinliklerinden gelen \u00e7\u0131\u011fl\u0131klar \u015fa\u015f\u0131rtmas\u0131n sizi. Tuhaf yarat\u0131klar, deli ke\u015fi\u015fler, konu\u015fan hayvanlar&#8230; Aniden kar\u015f\u0131n\u0131za \u00e7\u0131k\u0131p ate\u015f sa\u00e7an ejderhalar&#8230;K\u00fc\u00e7\u00fck ejderha avc\u0131lar\u0131 pasl\u0131 k\u0131h\u00e7lar\u0131 ve k\u0131r\u0131k m\u0131zraklar\u0131yla her zaman yan\u0131mzda\u00eear. \u00c7ocuklar ejderha avc\u0131s\u0131 olabilirler mi?.. Ejderhalar bu kadar sevimli olursa neden olmas\u0131nlar?.. \u00dcstelik onlar Ejderha Avc\u0131lar\u0131 Okulu (EAO) \u00f6\u011frencileri! Morgana le Fay, S\u00f6r lancelot&#8217;u esir ald\u0131. Bunun \u00fczerine Wiglaf ve arkada\u015flar\u0131, S\u00f6r Lancelot&#8217;u bulmak ve Morgana&#8217;n\u0131n elinden kurtarmak i\u00e7in yola \u00e7\u0131kt\u0131lar. Ejderha Avc\u0131lar Okulu \u00f6\u011frencileri, trolleri, canavarlar\u0131 ve di\u011fer d\u00fc\u015fmanlar\u0131 a\u015f\u0131p d\u00fcnyan\u0131n en \u00fcnl\u00fc \u015f\u00f6valyesini kurtarabilecekler mi?<\/p>\n","protected":false},"excerpt":{"rendered":"<p>Bir g\u00fcn yolunuz Kara Orman&#8217;a d\u00fc\u015ferse sak\u0131n korkmay\u0131n! Orman\u0131n derinliklerinden gelen \u00e7\u0131\u011fl\u0131klar \u015fa\u015f\u0131rtmas\u0131n sizi. Tuhaf yarat\u0131klar, deli ke\u015fi\u015fler, konu\u015fan hayvanlar&#8230; Aniden kar\u015f\u0131n\u0131za \u00e7\u0131k\u0131p ate\u015f sa\u00e7an ejderhalar&#8230;K\u00fc\u00e7\u00fck<span class=\"excerpt-hellip\"> [\u2026]<\/span><\/p>\n","protected":false},"featured_media":0,"template":"","meta":{"_monsterinsights_skip_tracking":false,"_monsterinsights_sitenote_active":false,"_monsterinsights_sitenote_note":"","_monsterinsights_sitenote_category":0},"product_brand":[],"product_cat":[12689,12274],"product_tag":[],"class_list":{"0":"post-706616","1":"product","2":"type-product","3":"status-publish","5":"product_cat-cizgi-roman-cocuk-ve-genclik-kitaplari","6":"product_cat-cocuk-ve-genclik-kitaplari","7":"pa_cilt-ciltsiz","8":"pa_tur-kitap","9":"pa_yayinevi-beyaz-balina-yayinlari","10":"pa_yazar-kate-mcmullan","12":"first","13":"instock","14":"sale","15":"shipping-taxable","16":"purchasable","17":"product-type-simple"},"_links":{"self":[{"href":"https:\/\/roveyayinevi.com.tr\/index.php\/wp-json\/wp\/v2\/product\/706616","targetHints":{"allow":["GET"]}}],"collection":[{"href":"https:\/\/roveyayinevi.com.tr\/index.php\/wp-json\/wp\/v2\/product"}],"about":[{"href":"https:\/\/roveyayinevi.com.tr\/index.php\/wp-json\/wp\/v2\/types\/product"}],"wp:attachment":[{"href":"https:\/\/roveyayinevi.com.tr\/index.php\/wp-json\/wp\/v2\/media?parent=706616"}],"wp:term":[{"taxonomy":"product_brand","embeddable":true,"href":"https:\/\/roveyayinevi.com.tr\/index.php\/wp-json\/wp\/v2\/product_brand?post=706616"},{"taxonomy":"product_cat","embeddable":true,"href":"https:\/\/roveyayinevi.com.tr\/index.php\/wp-json\/wp\/v2\/product_cat?post=706616"},{"taxonomy":"product_tag","embeddable":true,"href":"https:\/\/roveyayinevi.com.tr\/index.php\/wp-json\/wp\/v2\/product_tag?post=706616"}],"curies":[{"name":"wp","href":"https:\/\/api.w.org\/{rel}","templated":true}]}}