{"id":706615,"date":"2025-08-27T15:57:34","date_gmt":"2025-08-27T12:57:34","guid":{"rendered":"https:\/\/roveyayinevi.com.tr\/index.php\/urun\/dostluk-ormani-6-inci-dikenlisirtin-harika-plani\/"},"modified":"2026-04-16T02:15:04","modified_gmt":"2026-04-15T23:15:04","slug":"dostluk-ormani-6-inci-dikenlisirtin-harika-plani","status":"publish","type":"product","link":"https:\/\/roveyayinevi.com.tr\/index.php\/urun\/dostluk-ormani-6-inci-dikenlisirtin-harika-plani\/","title":{"rendered":"Dostluk Orman\u0131-6 \/ \u0130nci Dikenlis\u0131rt&#8217;\u0131n Harika Plan\u0131"},"content":{"rendered":"<p>Lale ile Ceren, iki iyi arkada\u015f. \u0130kisi de hayvanlar\u0131 \u00e7ok seviyor. Dostluk Orman\u0131&#8217;n\u0131 ke\u015ffettikleri zaman hayalleri ger\u00e7ek oluyor. \u00c7\u00fcnk\u00fc bu gizli d\u00fcnyada ya\u015fayan hayvanlar konu\u015fabiliyor! Nehirde heyecan dolu yar\u0131\u015f ba\u015flamak \u00fczere! Ama ejderha Topaz, kirpi ailesi Dikenlis\u0131rtlar&#8217;\u0131 b\u00fcy\u00fcledi! Bu b\u00fcy\u00fcy\u00fc bozmazsa kirpiler nehrin akmas\u0131n\u0131 sa\u011flayan su tekerle\u011fini d\u00f6nd\u00fcremeyecek!<\/p>\n","protected":false},"excerpt":{"rendered":"<p>Lale ile Ceren, iki iyi arkada\u015f. \u0130kisi de hayvanlar\u0131 \u00e7ok seviyor. Dostluk Orman\u0131&#8217;n\u0131 ke\u015ffettikleri zaman hayalleri ger\u00e7ek oluyor. \u00c7\u00fcnk\u00fc bu gizli d\u00fcnyada ya\u015fayan hayvanlar konu\u015fabiliyor! Nehirde<span class=\"excerpt-hellip\"> [\u2026]<\/span><\/p>\n","protected":false},"featured_media":0,"template":"","meta":{"_monsterinsights_skip_tracking":false,"_monsterinsights_sitenote_active":false,"_monsterinsights_sitenote_note":"","_monsterinsights_sitenote_category":0},"product_brand":[],"product_cat":[12275,12274],"product_tag":[],"class_list":{"0":"post-706615","1":"product","2":"type-product","3":"status-publish","5":"product_cat-6-12-yas-kitaplari","6":"product_cat-cocuk-ve-genclik-kitaplari","7":"pa_cilt-ciltsiz","8":"pa_tur-kitap","9":"pa_yayinevi-beyaz-balina-yayinlari","10":"pa_yazar-daisy-meadows","12":"first","13":"instock","14":"sale","15":"shipping-taxable","16":"purchasable","17":"product-type-simple"},"_links":{"self":[{"href":"https:\/\/roveyayinevi.com.tr\/index.php\/wp-json\/wp\/v2\/product\/706615","targetHints":{"allow":["GET"]}}],"collection":[{"href":"https:\/\/roveyayinevi.com.tr\/index.php\/wp-json\/wp\/v2\/product"}],"about":[{"href":"https:\/\/roveyayinevi.com.tr\/index.php\/wp-json\/wp\/v2\/types\/product"}],"wp:attachment":[{"href":"https:\/\/roveyayinevi.com.tr\/index.php\/wp-json\/wp\/v2\/media?parent=706615"}],"wp:term":[{"taxonomy":"product_brand","embeddable":true,"href":"https:\/\/roveyayinevi.com.tr\/index.php\/wp-json\/wp\/v2\/product_brand?post=706615"},{"taxonomy":"product_cat","embeddable":true,"href":"https:\/\/roveyayinevi.com.tr\/index.php\/wp-json\/wp\/v2\/product_cat?post=706615"},{"taxonomy":"product_tag","embeddable":true,"href":"https:\/\/roveyayinevi.com.tr\/index.php\/wp-json\/wp\/v2\/product_tag?post=706615"}],"curies":[{"name":"wp","href":"https:\/\/api.w.org\/{rel}","templated":true}]}}