{"id":706614,"date":"2025-08-27T15:57:34","date_gmt":"2025-08-27T12:57:34","guid":{"rendered":"https:\/\/roveyayinevi.com.tr\/index.php\/urun\/kirik-comlek-parcasi\/"},"modified":"2026-04-16T02:15:04","modified_gmt":"2026-04-15T23:15:04","slug":"kirik-comlek-parcasi","status":"publish","type":"product","link":"https:\/\/roveyayinevi.com.tr\/index.php\/urun\/kirik-comlek-parcasi\/","title":{"rendered":"K\u0131r\u0131k \u00c7\u00f6mlek Par\u00e7as\u0131"},"content":{"rendered":"<p>Kore\u2019nin k\u00fc\u00e7\u00fck bir k\u00f6y\u00fc&#8230; 12. y\u00fczy\u0131l&#8230; A\u011fa\u00e7kulak\u2019\u0131n bir hayali vard\u0131r. Her g\u00fcn gizli gizli \u00e7\u00f6mlek ustas\u0131 Min\u2019in bir avu\u00e7 kilden bir \u015faheser yaratmas\u0131n\u0131 izler. Bu, ona g\u00f6re bir mucizedir. Kendisi de bir g\u00fcn b\u00f6yle bir mucize ger\u00e7ekle\u015ftirmek i\u00e7in can atar.Fakat bu k\u00fc\u00e7\u00fck k\u00f6yde, gidip bir \u00e7\u00f6mlek ustas\u0131ndan size sanat\u0131n\u0131 \u00f6\u011fretmesini istemek olanaks\u0131zd\u0131r. Hele de A\u011fa\u00e7kulak gibi bir yetimseniz. A\u011fa\u00e7kulak, \u00f6ncelikle kendisini ustas\u0131na kan\u0131tlamak zorundad\u0131r. Bunun i\u00e7in Min ustan\u0131n yan\u0131nda \u00e7al\u0131\u015fmaya ba\u015flayan A\u011fa\u00e7kulak, b\u00f6ylece hayaline bir ad\u0131m daha yakla\u015f\u0131r. Ama bazen bir hayal \u00f6ylesine uzak gelir ki adeta g\u00f6r\u00fcnmez olur. Ama belki A\u011fa\u00e7kulak her seferinde bir tepeyi, bir vadiyi a\u015farak hayaline kavu\u015facakt\u0131r.&#8221;Okurlar, kitaptaki karakterleri ve yapt\u0131klar\u0131 fedakarl\u0131klar\u0131 uzun s\u00fcre unutamayacak.&#8221;- Publishers Weekly<\/p>\n","protected":false},"excerpt":{"rendered":"<p>Kore\u2019nin k\u00fc\u00e7\u00fck bir k\u00f6y\u00fc&#8230; 12. y\u00fczy\u0131l&#8230; A\u011fa\u00e7kulak\u2019\u0131n bir hayali vard\u0131r. Her g\u00fcn gizli gizli \u00e7\u00f6mlek ustas\u0131 Min\u2019in bir avu\u00e7 kilden bir \u015faheser yaratmas\u0131n\u0131 izler. Bu, ona<span class=\"excerpt-hellip\"> [\u2026]<\/span><\/p>\n","protected":false},"featured_media":0,"template":"","meta":{"_monsterinsights_skip_tracking":false,"_monsterinsights_sitenote_active":false,"_monsterinsights_sitenote_note":"","_monsterinsights_sitenote_category":0},"product_brand":[],"product_cat":[12291,12711],"product_tag":[],"class_list":{"0":"post-706614","1":"product","2":"type-product","3":"status-publish","5":"product_cat-edebiyat","6":"product_cat-roman-oyku","7":"pa_cilt-ciltsiz","8":"pa_tur-kitap","9":"pa_yayinevi-beyaz-balina-yayinlari","10":"pa_yazar-linda-sue-park","12":"first","13":"instock","14":"sale","15":"shipping-taxable","16":"purchasable","17":"product-type-simple"},"_links":{"self":[{"href":"https:\/\/roveyayinevi.com.tr\/index.php\/wp-json\/wp\/v2\/product\/706614","targetHints":{"allow":["GET"]}}],"collection":[{"href":"https:\/\/roveyayinevi.com.tr\/index.php\/wp-json\/wp\/v2\/product"}],"about":[{"href":"https:\/\/roveyayinevi.com.tr\/index.php\/wp-json\/wp\/v2\/types\/product"}],"wp:attachment":[{"href":"https:\/\/roveyayinevi.com.tr\/index.php\/wp-json\/wp\/v2\/media?parent=706614"}],"wp:term":[{"taxonomy":"product_brand","embeddable":true,"href":"https:\/\/roveyayinevi.com.tr\/index.php\/wp-json\/wp\/v2\/product_brand?post=706614"},{"taxonomy":"product_cat","embeddable":true,"href":"https:\/\/roveyayinevi.com.tr\/index.php\/wp-json\/wp\/v2\/product_cat?post=706614"},{"taxonomy":"product_tag","embeddable":true,"href":"https:\/\/roveyayinevi.com.tr\/index.php\/wp-json\/wp\/v2\/product_tag?post=706614"}],"curies":[{"name":"wp","href":"https:\/\/api.w.org\/{rel}","templated":true}]}}