{"id":706613,"date":"2025-08-27T15:57:33","date_gmt":"2025-08-27T12:57:33","guid":{"rendered":"https:\/\/roveyayinevi.com.tr\/index.php\/urun\/canavar-pesinde-serisi-38-kayip-dunya-kizgin-dusman-hellion\/"},"modified":"2026-04-13T02:19:13","modified_gmt":"2026-04-12T23:19:13","slug":"canavar-pesinde-serisi-38-kayip-dunya-kizgin-dusman-hellion","status":"publish","type":"product","link":"https:\/\/roveyayinevi.com.tr\/index.php\/urun\/canavar-pesinde-serisi-38-kayip-dunya-kizgin-dusman-hellion\/","title":{"rendered":"Canavar Pe\u015finde Serisi 38 &#8211; Kay\u0131p D\u00fcnya (K\u0131zg\u0131n D\u00fc\u015fman Hellion)"},"content":{"rendered":"<p>Tom ve arkada\u015flar\u0131, gizemli diyar Tavania\u2019da yeni bir tehditle kar\u015f\u0131 kar\u015f\u0131ya. K\u0131yamet Orman\u0131 alev alev yan\u0131yor ve i\u00e7inde ya\u015fayan hayvanlar can havliyle ka\u00e7\u0131yor. T\u00fcm bunlara neden olan ise K\u0131zg\u0131n D\u00fc\u015fman Hellion. Tom, tamamen ate\u015ften olu\u015fan bu canavar\u0131 nas\u0131l yenecek?<\/p>\n","protected":false},"excerpt":{"rendered":"<p>Tom ve arkada\u015flar\u0131, gizemli diyar Tavania\u2019da yeni bir tehditle kar\u015f\u0131 kar\u015f\u0131ya. K\u0131yamet Orman\u0131 alev alev yan\u0131yor ve i\u00e7inde ya\u015fayan hayvanlar can havliyle ka\u00e7\u0131yor. T\u00fcm bunlara neden<span class=\"excerpt-hellip\"> [\u2026]<\/span><\/p>\n","protected":false},"featured_media":0,"template":"","meta":{"_monsterinsights_skip_tracking":false,"_monsterinsights_sitenote_active":false,"_monsterinsights_sitenote_note":"","_monsterinsights_sitenote_category":0},"product_brand":[],"product_cat":[12275,12274],"product_tag":[],"class_list":{"0":"post-706613","1":"product","2":"type-product","3":"status-publish","5":"product_cat-6-12-yas-kitaplari","6":"product_cat-cocuk-ve-genclik-kitaplari","7":"pa_cilt-ciltsiz","8":"pa_tur-kitap","9":"pa_yayinevi-beyaz-balina-yayinlari","10":"pa_yazar-adam-blade","12":"first","13":"instock","14":"sale","15":"shipping-taxable","16":"purchasable","17":"product-type-simple"},"_links":{"self":[{"href":"https:\/\/roveyayinevi.com.tr\/index.php\/wp-json\/wp\/v2\/product\/706613","targetHints":{"allow":["GET"]}}],"collection":[{"href":"https:\/\/roveyayinevi.com.tr\/index.php\/wp-json\/wp\/v2\/product"}],"about":[{"href":"https:\/\/roveyayinevi.com.tr\/index.php\/wp-json\/wp\/v2\/types\/product"}],"wp:attachment":[{"href":"https:\/\/roveyayinevi.com.tr\/index.php\/wp-json\/wp\/v2\/media?parent=706613"}],"wp:term":[{"taxonomy":"product_brand","embeddable":true,"href":"https:\/\/roveyayinevi.com.tr\/index.php\/wp-json\/wp\/v2\/product_brand?post=706613"},{"taxonomy":"product_cat","embeddable":true,"href":"https:\/\/roveyayinevi.com.tr\/index.php\/wp-json\/wp\/v2\/product_cat?post=706613"},{"taxonomy":"product_tag","embeddable":true,"href":"https:\/\/roveyayinevi.com.tr\/index.php\/wp-json\/wp\/v2\/product_tag?post=706613"}],"curies":[{"name":"wp","href":"https:\/\/api.w.org\/{rel}","templated":true}]}}