{"id":706612,"date":"2025-08-27T15:57:33","date_gmt":"2025-08-27T12:57:33","guid":{"rendered":"https:\/\/roveyayinevi.com.tr\/index.php\/urun\/alexander-graham-bell-kim-kimdi-serisi\/"},"modified":"2026-04-16T02:15:04","modified_gmt":"2026-04-15T23:15:04","slug":"alexander-graham-bell-kim-kimdi-serisi","status":"publish","type":"product","link":"https:\/\/roveyayinevi.com.tr\/index.php\/urun\/alexander-graham-bell-kim-kimdi-serisi\/","title":{"rendered":"Alexander Graham Bell &#8211; Kim Kimdi? Serisi"},"content":{"rendered":"<p>\u00b7 Kendisine ikinci bir isim se\u00e7en bir \u00e7ocuk.\u00b7 \u0130\u015fitme engellilere konu\u015fmay\u0131 \u00f6\u011freten gen\u00e7 bir adam.\u00b7 Telefonun mucidi.\u00b7 Yukar\u0131dakilerin hepsi! Ger\u00e7ek Alexander Graham Bell\u2019i bu e\u011flenceli, heyecanl\u0131 ve resimli biyografisinde \u00e7ok daha yak\u0131ndan tan\u0131y\u0131n!Kim Kimdi? Serisi &#8211; Alexander Graham Bell<\/p>\n","protected":false},"excerpt":{"rendered":"<p>\u00b7 Kendisine ikinci bir isim se\u00e7en bir \u00e7ocuk.\u00b7 \u0130\u015fitme engellilere konu\u015fmay\u0131 \u00f6\u011freten gen\u00e7 bir adam.\u00b7 Telefonun mucidi.\u00b7 Yukar\u0131dakilerin hepsi! Ger\u00e7ek Alexander Graham Bell\u2019i bu e\u011flenceli, heyecanl\u0131<span class=\"excerpt-hellip\"> [\u2026]<\/span><\/p>\n","protected":false},"featured_media":0,"template":"","meta":{"_monsterinsights_skip_tracking":false,"_monsterinsights_sitenote_active":false,"_monsterinsights_sitenote_note":"","_monsterinsights_sitenote_category":0},"product_brand":[],"product_cat":[12275,12274],"product_tag":[],"class_list":{"0":"post-706612","1":"product","2":"type-product","3":"status-publish","5":"product_cat-6-12-yas-kitaplari","6":"product_cat-cocuk-ve-genclik-kitaplari","7":"pa_cilt-ciltsiz","8":"pa_tur-kitap","9":"pa_yayinevi-beyaz-balina-yayinlari","10":"pa_yazar-bonnie-bader","12":"first","13":"instock","14":"sale","15":"shipping-taxable","16":"purchasable","17":"product-type-simple"},"_links":{"self":[{"href":"https:\/\/roveyayinevi.com.tr\/index.php\/wp-json\/wp\/v2\/product\/706612","targetHints":{"allow":["GET"]}}],"collection":[{"href":"https:\/\/roveyayinevi.com.tr\/index.php\/wp-json\/wp\/v2\/product"}],"about":[{"href":"https:\/\/roveyayinevi.com.tr\/index.php\/wp-json\/wp\/v2\/types\/product"}],"wp:attachment":[{"href":"https:\/\/roveyayinevi.com.tr\/index.php\/wp-json\/wp\/v2\/media?parent=706612"}],"wp:term":[{"taxonomy":"product_brand","embeddable":true,"href":"https:\/\/roveyayinevi.com.tr\/index.php\/wp-json\/wp\/v2\/product_brand?post=706612"},{"taxonomy":"product_cat","embeddable":true,"href":"https:\/\/roveyayinevi.com.tr\/index.php\/wp-json\/wp\/v2\/product_cat?post=706612"},{"taxonomy":"product_tag","embeddable":true,"href":"https:\/\/roveyayinevi.com.tr\/index.php\/wp-json\/wp\/v2\/product_tag?post=706612"}],"curies":[{"name":"wp","href":"https:\/\/api.w.org\/{rel}","templated":true}]}}