{"id":706609,"date":"2025-08-27T15:57:32","date_gmt":"2025-08-27T12:57:32","guid":{"rendered":"https:\/\/roveyayinevi.com.tr\/index.php\/urun\/korku-kulubu-12-canavar-yuvasi\/"},"modified":"2026-04-16T02:15:04","modified_gmt":"2026-04-15T23:15:04","slug":"korku-kulubu-12-canavar-yuvasi","status":"publish","type":"product","link":"https:\/\/roveyayinevi.com.tr\/index.php\/urun\/korku-kulubu-12-canavar-yuvasi\/","title":{"rendered":"Korku Kul\u00fcb\u00fc &#8211; 12 Canavar Yuvas\u0131"},"content":{"rendered":"<p>S\u00fcr\u00fcngenlere merakl\u0131 birinin evinde gizemli olaylar meydana geliyor.Hayvanlar\u0131, geceleri canavara d\u00f6n\u00fc\u015ferek kenti birbirine kat\u0131yor.Bu devasa s\u00fcr\u00fcngenlerden biriyle y\u00fczle\u015fmek zorunda kalan J\u00fcpiter ileVicky ve Nick, duvarlar\u0131n\u0131n ard\u0131nda pullu canavardan daha korkun\u00e7 bir s\u0131r bar\u0131nd\u0131ran eve giriyorlar\u2026<\/p>\n","protected":false},"excerpt":{"rendered":"<p>S\u00fcr\u00fcngenlere merakl\u0131 birinin evinde gizemli olaylar meydana geliyor.Hayvanlar\u0131, geceleri canavara d\u00f6n\u00fc\u015ferek kenti birbirine kat\u0131yor.Bu devasa s\u00fcr\u00fcngenlerden biriyle y\u00fczle\u015fmek zorunda kalan J\u00fcpiter ileVicky ve Nick, duvarlar\u0131n\u0131n ard\u0131nda<span class=\"excerpt-hellip\"> [\u2026]<\/span><\/p>\n","protected":false},"featured_media":0,"template":"","meta":{"_monsterinsights_skip_tracking":false,"_monsterinsights_sitenote_active":false,"_monsterinsights_sitenote_note":"","_monsterinsights_sitenote_category":0},"product_brand":[],"product_cat":[12275,12274],"product_tag":[],"class_list":{"0":"post-706609","1":"product","2":"type-product","3":"status-publish","5":"product_cat-6-12-yas-kitaplari","6":"product_cat-cocuk-ve-genclik-kitaplari","7":"pa_cilt-ciltsiz","8":"pa_tur-kitap","9":"pa_yayinevi-beyaz-balina-yayinlari","10":"pa_yazar-thomas-c-brezina","12":"first","13":"instock","14":"sale","15":"shipping-taxable","16":"purchasable","17":"product-type-simple"},"_links":{"self":[{"href":"https:\/\/roveyayinevi.com.tr\/index.php\/wp-json\/wp\/v2\/product\/706609","targetHints":{"allow":["GET"]}}],"collection":[{"href":"https:\/\/roveyayinevi.com.tr\/index.php\/wp-json\/wp\/v2\/product"}],"about":[{"href":"https:\/\/roveyayinevi.com.tr\/index.php\/wp-json\/wp\/v2\/types\/product"}],"wp:attachment":[{"href":"https:\/\/roveyayinevi.com.tr\/index.php\/wp-json\/wp\/v2\/media?parent=706609"}],"wp:term":[{"taxonomy":"product_brand","embeddable":true,"href":"https:\/\/roveyayinevi.com.tr\/index.php\/wp-json\/wp\/v2\/product_brand?post=706609"},{"taxonomy":"product_cat","embeddable":true,"href":"https:\/\/roveyayinevi.com.tr\/index.php\/wp-json\/wp\/v2\/product_cat?post=706609"},{"taxonomy":"product_tag","embeddable":true,"href":"https:\/\/roveyayinevi.com.tr\/index.php\/wp-json\/wp\/v2\/product_tag?post=706609"}],"curies":[{"name":"wp","href":"https:\/\/api.w.org\/{rel}","templated":true}]}}