{"id":706607,"date":"2025-08-27T15:57:31","date_gmt":"2025-08-27T12:57:31","guid":{"rendered":"https:\/\/roveyayinevi.com.tr\/index.php\/urun\/anne-frank\/"},"modified":"2026-04-16T02:15:04","modified_gmt":"2026-04-15T23:15:04","slug":"anne-frank","status":"publish","type":"product","link":"https:\/\/roveyayinevi.com.tr\/index.php\/urun\/anne-frank\/","title":{"rendered":"Anne Frank"},"content":{"rendered":"<p>Yaramazl\u0131k yapmaya bay\u0131lan, hayat dolu bir \u00e7ocuk.\u00b7 \u0130ki y\u0131l boyunca ailesiyle saklanmak zorunda kalan gen\u00e7 bir k\u0131z.\u00b7 D\u00fcnyadaki en \u00fcnl\u00fc kitaplardan birinin yazar\u0131.\u00b7 Yukar\u0131dakilerin hepsi!Ger\u00e7ek Anne Frank\u2019\u0131 bu e\u011flenceli, heyecanl\u0131 ve resimli biyografisinde \u00e7ok daha yak\u0131ndan tan\u0131y\u0131n!<\/p>\n","protected":false},"excerpt":{"rendered":"<p>Yaramazl\u0131k yapmaya bay\u0131lan, hayat dolu bir \u00e7ocuk.\u00b7 \u0130ki y\u0131l boyunca ailesiyle saklanmak zorunda kalan gen\u00e7 bir k\u0131z.\u00b7 D\u00fcnyadaki en \u00fcnl\u00fc kitaplardan birinin yazar\u0131.\u00b7 Yukar\u0131dakilerin hepsi!Ger\u00e7ek Anne<span class=\"excerpt-hellip\"> [\u2026]<\/span><\/p>\n","protected":false},"featured_media":0,"template":"","meta":{"_monsterinsights_skip_tracking":false,"_monsterinsights_sitenote_active":false,"_monsterinsights_sitenote_note":"","_monsterinsights_sitenote_category":0},"product_brand":[],"product_cat":[13829,12274],"product_tag":[],"class_list":{"0":"post-706607","1":"product","2":"type-product","3":"status-publish","5":"product_cat-bilimsel-kitaplar","6":"product_cat-cocuk-ve-genclik-kitaplari","7":"pa_cilt-ciltsiz","8":"pa_tur-kitap","9":"pa_yayinevi-beyaz-balina-yayinlari","10":"pa_yazar-ann-abramson","12":"first","13":"instock","14":"sale","15":"shipping-taxable","16":"purchasable","17":"product-type-simple"},"_links":{"self":[{"href":"https:\/\/roveyayinevi.com.tr\/index.php\/wp-json\/wp\/v2\/product\/706607","targetHints":{"allow":["GET"]}}],"collection":[{"href":"https:\/\/roveyayinevi.com.tr\/index.php\/wp-json\/wp\/v2\/product"}],"about":[{"href":"https:\/\/roveyayinevi.com.tr\/index.php\/wp-json\/wp\/v2\/types\/product"}],"wp:attachment":[{"href":"https:\/\/roveyayinevi.com.tr\/index.php\/wp-json\/wp\/v2\/media?parent=706607"}],"wp:term":[{"taxonomy":"product_brand","embeddable":true,"href":"https:\/\/roveyayinevi.com.tr\/index.php\/wp-json\/wp\/v2\/product_brand?post=706607"},{"taxonomy":"product_cat","embeddable":true,"href":"https:\/\/roveyayinevi.com.tr\/index.php\/wp-json\/wp\/v2\/product_cat?post=706607"},{"taxonomy":"product_tag","embeddable":true,"href":"https:\/\/roveyayinevi.com.tr\/index.php\/wp-json\/wp\/v2\/product_tag?post=706607"}],"curies":[{"name":"wp","href":"https:\/\/api.w.org\/{rel}","templated":true}]}}