{"id":706606,"date":"2025-08-27T15:57:30","date_gmt":"2025-08-27T12:57:30","guid":{"rendered":"https:\/\/roveyayinevi.com.tr\/index.php\/urun\/bale-okulu-7-muzikal-tutkusu\/"},"modified":"2026-04-16T02:15:04","modified_gmt":"2026-04-15T23:15:04","slug":"bale-okulu-7-muzikal-tutkusu","status":"publish","type":"product","link":"https:\/\/roveyayinevi.com.tr\/index.php\/urun\/bale-okulu-7-muzikal-tutkusu\/","title":{"rendered":"Bale Okulu 7 &#8211; M\u00fczikal Tutkusu"},"content":{"rendered":"<p>Bayan Marylin\u2019in Cats (Kediler) m\u00fczikalinde bir rol\u00fc var. Viola ve arkada\u015flar\u0131,Bayan Marylin i\u00e7in sevinirken onlar\u0131 nelerin bekledi\u011fini bilmiyorlar.Cats m\u00fczikalinin y\u00f6netmeni, konservatuvar \u00f6\u011frencilerinin dem\u00fczikale kat\u0131lmas\u0131n\u0131 istiyor ve heyecan verici ama bir o kadar dayorucu g\u00fcnler ba\u015fl\u0131yor. T\u0131pk\u0131 sanat\u00e7\u0131lar\u0131n ya\u015fam\u0131 gibi\u2026<\/p>\n","protected":false},"excerpt":{"rendered":"<p>Bayan Marylin\u2019in Cats (Kediler) m\u00fczikalinde bir rol\u00fc var. Viola ve arkada\u015flar\u0131,Bayan Marylin i\u00e7in sevinirken onlar\u0131 nelerin bekledi\u011fini bilmiyorlar.Cats m\u00fczikalinin y\u00f6netmeni, konservatuvar \u00f6\u011frencilerinin dem\u00fczikale kat\u0131lmas\u0131n\u0131 istiyor ve<span class=\"excerpt-hellip\"> [\u2026]<\/span><\/p>\n","protected":false},"featured_media":0,"template":"","meta":{"_monsterinsights_skip_tracking":false,"_monsterinsights_sitenote_active":false,"_monsterinsights_sitenote_note":"","_monsterinsights_sitenote_category":0},"product_brand":[],"product_cat":[12275,12274],"product_tag":[],"class_list":{"0":"post-706606","1":"product","2":"type-product","3":"status-publish","5":"product_cat-6-12-yas-kitaplari","6":"product_cat-cocuk-ve-genclik-kitaplari","7":"pa_cilt-ciltsiz","8":"pa_tur-kitap","9":"pa_yayinevi-beyaz-balina-yayinlari","10":"pa_yazar-aurora-marsotto","12":"first","13":"instock","14":"sale","15":"shipping-taxable","16":"purchasable","17":"product-type-simple"},"_links":{"self":[{"href":"https:\/\/roveyayinevi.com.tr\/index.php\/wp-json\/wp\/v2\/product\/706606","targetHints":{"allow":["GET"]}}],"collection":[{"href":"https:\/\/roveyayinevi.com.tr\/index.php\/wp-json\/wp\/v2\/product"}],"about":[{"href":"https:\/\/roveyayinevi.com.tr\/index.php\/wp-json\/wp\/v2\/types\/product"}],"wp:attachment":[{"href":"https:\/\/roveyayinevi.com.tr\/index.php\/wp-json\/wp\/v2\/media?parent=706606"}],"wp:term":[{"taxonomy":"product_brand","embeddable":true,"href":"https:\/\/roveyayinevi.com.tr\/index.php\/wp-json\/wp\/v2\/product_brand?post=706606"},{"taxonomy":"product_cat","embeddable":true,"href":"https:\/\/roveyayinevi.com.tr\/index.php\/wp-json\/wp\/v2\/product_cat?post=706606"},{"taxonomy":"product_tag","embeddable":true,"href":"https:\/\/roveyayinevi.com.tr\/index.php\/wp-json\/wp\/v2\/product_tag?post=706606"}],"curies":[{"name":"wp","href":"https:\/\/api.w.org\/{rel}","templated":true}]}}