{"id":706605,"date":"2025-08-27T15:57:30","date_gmt":"2025-08-27T12:57:30","guid":{"rendered":"https:\/\/roveyayinevi.com.tr\/index.php\/urun\/super-boyama\/"},"modified":"2026-04-16T02:15:04","modified_gmt":"2026-04-15T23:15:04","slug":"super-boyama","status":"publish","type":"product","link":"https:\/\/roveyayinevi.com.tr\/index.php\/urun\/super-boyama\/","title":{"rendered":"S\u00fcper Boyama"},"content":{"rendered":"<p>S\u00fcper Boyama, iki ya\u015f ve \u00fczeri \u00e7ocuklar\u0131n el-g\u00f6z koordinasyonunu, kalem kullanmas\u0131n\u0131 ve g\u00f6rsel okuma becerisini geli\u015ftirmek i\u00e7in haz\u0131rland\u0131!<\/p>\n","protected":false},"excerpt":{"rendered":"<p>S\u00fcper Boyama, iki ya\u015f ve \u00fczeri \u00e7ocuklar\u0131n el-g\u00f6z koordinasyonunu, kalem kullanmas\u0131n\u0131 ve g\u00f6rsel okuma becerisini geli\u015ftirmek i\u00e7in haz\u0131rland\u0131!<\/p>\n","protected":false},"featured_media":0,"template":"","meta":{"_monsterinsights_skip_tracking":false,"_monsterinsights_sitenote_active":false,"_monsterinsights_sitenote_note":"","_monsterinsights_sitenote_category":0},"product_brand":[],"product_cat":[12644,12274],"product_tag":[],"class_list":{"0":"post-706605","1":"product","2":"type-product","3":"status-publish","5":"product_cat-boyama-kitaplari","6":"product_cat-cocuk-ve-genclik-kitaplari","7":"pa_cilt-ciltsiz","8":"pa_tur-kitap","9":"pa_yayinevi-beyaz-balina-yayinlari","10":"pa_yazar-kolektif","12":"first","13":"instock","14":"sale","15":"shipping-taxable","16":"purchasable","17":"product-type-simple"},"_links":{"self":[{"href":"https:\/\/roveyayinevi.com.tr\/index.php\/wp-json\/wp\/v2\/product\/706605","targetHints":{"allow":["GET"]}}],"collection":[{"href":"https:\/\/roveyayinevi.com.tr\/index.php\/wp-json\/wp\/v2\/product"}],"about":[{"href":"https:\/\/roveyayinevi.com.tr\/index.php\/wp-json\/wp\/v2\/types\/product"}],"wp:attachment":[{"href":"https:\/\/roveyayinevi.com.tr\/index.php\/wp-json\/wp\/v2\/media?parent=706605"}],"wp:term":[{"taxonomy":"product_brand","embeddable":true,"href":"https:\/\/roveyayinevi.com.tr\/index.php\/wp-json\/wp\/v2\/product_brand?post=706605"},{"taxonomy":"product_cat","embeddable":true,"href":"https:\/\/roveyayinevi.com.tr\/index.php\/wp-json\/wp\/v2\/product_cat?post=706605"},{"taxonomy":"product_tag","embeddable":true,"href":"https:\/\/roveyayinevi.com.tr\/index.php\/wp-json\/wp\/v2\/product_tag?post=706605"}],"curies":[{"name":"wp","href":"https:\/\/api.w.org\/{rel}","templated":true}]}}