{"id":706603,"date":"2025-08-27T15:57:29","date_gmt":"2025-08-27T12:57:29","guid":{"rendered":"https:\/\/roveyayinevi.com.tr\/index.php\/urun\/klasikleri-okuyorum-80-gunde-dunya-turu-ciltli\/"},"modified":"2026-04-16T02:15:04","modified_gmt":"2026-04-15T23:15:04","slug":"klasikleri-okuyorum-80-gunde-dunya-turu-ciltli","status":"publish","type":"product","link":"https:\/\/roveyayinevi.com.tr\/index.php\/urun\/klasikleri-okuyorum-80-gunde-dunya-turu-ciltli\/","title":{"rendered":"Klasikleri Okuyorum &#8211; 80 G\u00fcnde D\u00fcnya Turu (Ciltli)"},"content":{"rendered":"<p>Bir \u0130ngiliz beyefendisi olan Phileas Fogg&#8217;un hayat\u0131, kalkt\u0131\u011f\u0131 andan yatt\u0131\u011f\u0131 ana kadar planl\u0131d\u0131r. Phileas Fogg&#8217;un ya\u015fam\u0131nda s\u00fcrprizlere yer yoktur. Ama bir g\u00fcn Reform Kul\u00fcp&#8217;teki arkada\u015flar\u0131yla d\u00fcnyay\u0131 80 g\u00fcnde dola\u015faca\u011f\u0131na dair bahse girer. Fogg bu bahis i\u00e7in t\u00fcm servetini ortaya koyar. U\u015fa\u011f\u0131 Passepartout&#8217;yu da yan\u0131na alarak d\u00fcnyan\u0131n d\u00f6rt bir taraf\u0131nda maceradan maceraya at\u0131l\u0131r. Bakal\u0131m, Phileas Fogg d\u00fcnyay\u0131 80 g\u00fcnde dola\u015fmay\u0131 ba\u015farabilecek mi? <\/p>\n","protected":false},"excerpt":{"rendered":"<p>Bir \u0130ngiliz beyefendisi olan Phileas Fogg&#8217;un hayat\u0131, kalkt\u0131\u011f\u0131 andan yatt\u0131\u011f\u0131 ana kadar planl\u0131d\u0131r. Phileas Fogg&#8217;un ya\u015fam\u0131nda s\u00fcrprizlere yer yoktur. Ama bir g\u00fcn Reform Kul\u00fcp&#8217;teki arkada\u015flar\u0131yla d\u00fcnyay\u0131<span class=\"excerpt-hellip\"> [\u2026]<\/span><\/p>\n","protected":false},"featured_media":0,"template":"","meta":{"_monsterinsights_skip_tracking":false,"_monsterinsights_sitenote_active":false,"_monsterinsights_sitenote_note":"","_monsterinsights_sitenote_category":0},"product_brand":[],"product_cat":[12275,12274],"product_tag":[],"class_list":{"0":"post-706603","1":"product","2":"type-product","3":"status-publish","5":"product_cat-6-12-yas-kitaplari","6":"product_cat-cocuk-ve-genclik-kitaplari","7":"pa_cilt-ciltli","8":"pa_tur-kitap","9":"pa_yayinevi-beyaz-balina-yayinlari","10":"pa_yazar-jules-verne","12":"first","13":"instock","14":"sale","15":"shipping-taxable","16":"purchasable","17":"product-type-simple"},"_links":{"self":[{"href":"https:\/\/roveyayinevi.com.tr\/index.php\/wp-json\/wp\/v2\/product\/706603","targetHints":{"allow":["GET"]}}],"collection":[{"href":"https:\/\/roveyayinevi.com.tr\/index.php\/wp-json\/wp\/v2\/product"}],"about":[{"href":"https:\/\/roveyayinevi.com.tr\/index.php\/wp-json\/wp\/v2\/types\/product"}],"wp:attachment":[{"href":"https:\/\/roveyayinevi.com.tr\/index.php\/wp-json\/wp\/v2\/media?parent=706603"}],"wp:term":[{"taxonomy":"product_brand","embeddable":true,"href":"https:\/\/roveyayinevi.com.tr\/index.php\/wp-json\/wp\/v2\/product_brand?post=706603"},{"taxonomy":"product_cat","embeddable":true,"href":"https:\/\/roveyayinevi.com.tr\/index.php\/wp-json\/wp\/v2\/product_cat?post=706603"},{"taxonomy":"product_tag","embeddable":true,"href":"https:\/\/roveyayinevi.com.tr\/index.php\/wp-json\/wp\/v2\/product_tag?post=706603"}],"curies":[{"name":"wp","href":"https:\/\/api.w.org\/{rel}","templated":true}]}}