{"id":706602,"date":"2025-08-27T15:57:28","date_gmt":"2025-08-27T12:57:28","guid":{"rendered":"https:\/\/roveyayinevi.com.tr\/index.php\/urun\/canavar-pesinde-serisi-36-kargasa-dunyasi-arilar-kralicesi-vespik\/"},"modified":"2026-04-13T02:19:12","modified_gmt":"2026-04-12T23:19:12","slug":"canavar-pesinde-serisi-36-kargasa-dunyasi-arilar-kralicesi-vespik","status":"publish","type":"product","link":"https:\/\/roveyayinevi.com.tr\/index.php\/urun\/canavar-pesinde-serisi-36-kargasa-dunyasi-arilar-kralicesi-vespik\/","title":{"rendered":"Canavar Pe\u015finde Serisi 36 &#8211; Karga\u015fa D\u00fcnyas\u0131 (Ar\u0131lar Krali\u00e7esi Vespik)"},"content":{"rendered":"<p>Karga\u015fa D\u00fcnyas\u0131 maceras\u0131, bu kitapla sona eriyor\u2026Tom, en zor Canavar Av\u0131\u2019n\u0131n sonuna gelmek \u00fczere!Annesinin ve Kayonya\u2019n\u0131n kaderi, ona ve sad\u0131k arkada\u015flar\u0131na ba\u011fl\u0131.Tom, d\u00fc\u015fmanlar\u0131 Ar\u0131lar Krali\u00e7esi Vespik ile k\u00f6t\u00fc b\u00fcy\u00fcc\u00fc Velmal\u2019i yenip annesini kurtarabilecek mi?<\/p>\n","protected":false},"excerpt":{"rendered":"<p>Karga\u015fa D\u00fcnyas\u0131 maceras\u0131, bu kitapla sona eriyor\u2026Tom, en zor Canavar Av\u0131\u2019n\u0131n sonuna gelmek \u00fczere!Annesinin ve Kayonya\u2019n\u0131n kaderi, ona ve sad\u0131k arkada\u015flar\u0131na ba\u011fl\u0131.Tom, d\u00fc\u015fmanlar\u0131 Ar\u0131lar Krali\u00e7esi Vespik<span class=\"excerpt-hellip\"> [\u2026]<\/span><\/p>\n","protected":false},"featured_media":0,"template":"","meta":{"_monsterinsights_skip_tracking":false,"_monsterinsights_sitenote_active":false,"_monsterinsights_sitenote_note":"","_monsterinsights_sitenote_category":0},"product_brand":[],"product_cat":[12274,12284],"product_tag":[],"class_list":{"0":"post-706602","1":"product","2":"type-product","3":"status-publish","5":"product_cat-cocuk-ve-genclik-kitaplari","6":"product_cat-hikayeler","7":"pa_cilt-ciltsiz","8":"pa_tur-kitap","9":"pa_yayinevi-beyaz-balina-yayinlari","10":"pa_yazar-adam-blade","12":"first","13":"instock","14":"sale","15":"shipping-taxable","16":"purchasable","17":"product-type-simple"},"_links":{"self":[{"href":"https:\/\/roveyayinevi.com.tr\/index.php\/wp-json\/wp\/v2\/product\/706602","targetHints":{"allow":["GET"]}}],"collection":[{"href":"https:\/\/roveyayinevi.com.tr\/index.php\/wp-json\/wp\/v2\/product"}],"about":[{"href":"https:\/\/roveyayinevi.com.tr\/index.php\/wp-json\/wp\/v2\/types\/product"}],"wp:attachment":[{"href":"https:\/\/roveyayinevi.com.tr\/index.php\/wp-json\/wp\/v2\/media?parent=706602"}],"wp:term":[{"taxonomy":"product_brand","embeddable":true,"href":"https:\/\/roveyayinevi.com.tr\/index.php\/wp-json\/wp\/v2\/product_brand?post=706602"},{"taxonomy":"product_cat","embeddable":true,"href":"https:\/\/roveyayinevi.com.tr\/index.php\/wp-json\/wp\/v2\/product_cat?post=706602"},{"taxonomy":"product_tag","embeddable":true,"href":"https:\/\/roveyayinevi.com.tr\/index.php\/wp-json\/wp\/v2\/product_tag?post=706602"}],"curies":[{"name":"wp","href":"https:\/\/api.w.org\/{rel}","templated":true}]}}