{"id":706601,"date":"2025-08-27T15:57:28","date_gmt":"2025-08-27T12:57:28","guid":{"rendered":"https:\/\/roveyayinevi.com.tr\/index.php\/urun\/denizler-altinda-20-000-fersah-ciltli\/"},"modified":"2026-04-16T02:15:04","modified_gmt":"2026-04-15T23:15:04","slug":"denizler-altinda-20-000-fersah-ciltli","status":"publish","type":"product","link":"https:\/\/roveyayinevi.com.tr\/index.php\/urun\/denizler-altinda-20-000-fersah-ciltli\/","title":{"rendered":"Denizler Alt\u0131nda 20.000 Fersah (Ciltli)"},"content":{"rendered":"<p>Okyanusun derinliklerinde ser\u00fcvene at\u0131lmaya haz\u0131r m\u0131s\u0131n\u0131z? Denizlerde deh\u015fet sa\u00e7an bir canavar\u0131n pe\u015fine d\u00fc\u015fen Profes\u00f6r Aronnax, kar\u015f\u0131s\u0131nda \u00e7ok daha beklenmedik bir \u015fey bulur. Kaptan Nemo&#8217;ya ve onun inan\u0131lmaz denizalt\u0131s\u0131na esir d\u00fc\u015fer. Siz de okyanuslar\u0131n hi\u00e7 insan aya\u011f\u0131 basmam\u0131\u015f derinliklerine inmek, tehlike ve heyecan dolu bu yolculu\u011fa kat\u0131lmak isterseniz kitab\u0131n sayfalar\u0131n\u0131 \u00e7evirmeye ba\u015flay\u0131n! <\/p>\n","protected":false},"excerpt":{"rendered":"<p>Okyanusun derinliklerinde ser\u00fcvene at\u0131lmaya haz\u0131r m\u0131s\u0131n\u0131z? Denizlerde deh\u015fet sa\u00e7an bir canavar\u0131n pe\u015fine d\u00fc\u015fen Profes\u00f6r Aronnax, kar\u015f\u0131s\u0131nda \u00e7ok daha beklenmedik bir \u015fey bulur. Kaptan Nemo&#8217;ya ve onun<span class=\"excerpt-hellip\"> [\u2026]<\/span><\/p>\n","protected":false},"featured_media":0,"template":"","meta":{"_monsterinsights_skip_tracking":false,"_monsterinsights_sitenote_active":false,"_monsterinsights_sitenote_note":"","_monsterinsights_sitenote_category":0},"product_brand":[],"product_cat":[12275,12274],"product_tag":[],"class_list":{"0":"post-706601","1":"product","2":"type-product","3":"status-publish","5":"product_cat-6-12-yas-kitaplari","6":"product_cat-cocuk-ve-genclik-kitaplari","7":"pa_cilt-ciltli","8":"pa_tur-kitap","9":"pa_yayinevi-beyaz-balina-yayinlari","10":"pa_yazar-jules-verne","12":"first","13":"instock","14":"sale","15":"shipping-taxable","16":"purchasable","17":"product-type-simple"},"_links":{"self":[{"href":"https:\/\/roveyayinevi.com.tr\/index.php\/wp-json\/wp\/v2\/product\/706601","targetHints":{"allow":["GET"]}}],"collection":[{"href":"https:\/\/roveyayinevi.com.tr\/index.php\/wp-json\/wp\/v2\/product"}],"about":[{"href":"https:\/\/roveyayinevi.com.tr\/index.php\/wp-json\/wp\/v2\/types\/product"}],"wp:attachment":[{"href":"https:\/\/roveyayinevi.com.tr\/index.php\/wp-json\/wp\/v2\/media?parent=706601"}],"wp:term":[{"taxonomy":"product_brand","embeddable":true,"href":"https:\/\/roveyayinevi.com.tr\/index.php\/wp-json\/wp\/v2\/product_brand?post=706601"},{"taxonomy":"product_cat","embeddable":true,"href":"https:\/\/roveyayinevi.com.tr\/index.php\/wp-json\/wp\/v2\/product_cat?post=706601"},{"taxonomy":"product_tag","embeddable":true,"href":"https:\/\/roveyayinevi.com.tr\/index.php\/wp-json\/wp\/v2\/product_tag?post=706601"}],"curies":[{"name":"wp","href":"https:\/\/api.w.org\/{rel}","templated":true}]}}