{"id":706594,"date":"2025-08-27T15:57:24","date_gmt":"2025-08-27T12:57:24","guid":{"rendered":"https:\/\/roveyayinevi.com.tr\/index.php\/urun\/zihin-oyunlari\/"},"modified":"2026-04-16T02:15:04","modified_gmt":"2026-04-15T23:15:04","slug":"zihin-oyunlari","status":"publish","type":"product","link":"https:\/\/roveyayinevi.com.tr\/index.php\/urun\/zihin-oyunlari\/","title":{"rendered":"Zihin Oyunlar\u0131"},"content":{"rendered":"<p>Bug\u00fcne kadar yap\u0131lm\u0131\u015f en g\u00fc\u00e7l\u00fc ve en karma\u015f\u0131k s\u00fcper bilgisayar\u0131n sahibisiniz! Beyniniz! Her t\u00fcrl\u00fc d\u00fc\u015f\u00fcnce, bellek, hareket ve duygular\u0131m\u0131z, \u00fc\u00e7 kiloluk yap\u0131\u015fkan bir k\u00fctle taraf\u0131ndan kontrol ediliyor. Panik yok! Bu sadece sizin d\u0131\u015f d\u00fcnyay\u0131 alg\u0131laman\u0131z\u0131 sa\u011flayan, t\u00fcm v\u00fccudunuzu, d\u00fc\u015f\u00fcnd\u00fcklerinizi ve yapt\u0131klar\u0131n\u0131z\u0131 kontrol eden; sizi siz yapan, inan\u0131lmaz derecede g\u00fc\u00e7l\u00fc ve etkili bir s\u00fcper bilgisayar olan beyniniz. \u0130\u015fte \u015fimdi bu bilgisayara \u015fu soruyu sorman\u0131n zaman\u0131 geldi: \u201cBir oyun oynamak ister misin?\u201d National Geographic Channel\u2019\u0131n sevilen belgeseli Zihin Oyunlar\u0131\u2019ndaki heyecanl\u0131 deneyler, interaktif oyunlar ve \u00e7ok daha fazlas\u0131 bu kitapta! Harika beyninizin arkas\u0131nda yatan inan\u0131lmaz bilim \u015fimdi g\u00fcn y\u00fcz\u00fcne \u00e7\u0131k\u0131yor.Beynimiz bize ne oyunlar oynar? Bili\u015fsel bilim, n\u00f6robilim ve psikoloji alanlar\u0131nda uzman ki\u015filer, zihnimizin bize oynad\u0131\u011f\u0131 \u015fa\u015f\u0131rt\u0131c\u0131 oyunlar\u0131n arkas\u0131nda yatan nedenleri a\u00e7\u0131kl\u0131yor ve beynimizin d\u00fcnyay\u0131 nas\u0131l alg\u0131lad\u0131\u011f\u0131n\u0131n ard\u0131ndan yatan e\u011flenceli bilimi ortaya \u00e7\u0131kar\u0131yor. <\/p>\n","protected":false},"excerpt":{"rendered":"<p>Bug\u00fcne kadar yap\u0131lm\u0131\u015f en g\u00fc\u00e7l\u00fc ve en karma\u015f\u0131k s\u00fcper bilgisayar\u0131n sahibisiniz! Beyniniz! Her t\u00fcrl\u00fc d\u00fc\u015f\u00fcnce, bellek, hareket ve duygular\u0131m\u0131z, \u00fc\u00e7 kiloluk yap\u0131\u015fkan bir k\u00fctle taraf\u0131ndan kontrol<span class=\"excerpt-hellip\"> [\u2026]<\/span><\/p>\n","protected":false},"featured_media":0,"template":"","meta":{"_monsterinsights_skip_tracking":false,"_monsterinsights_sitenote_active":false,"_monsterinsights_sitenote_note":"","_monsterinsights_sitenote_category":0},"product_brand":[],"product_cat":[13829,12274],"product_tag":[],"class_list":{"0":"post-706594","1":"product","2":"type-product","3":"status-publish","5":"product_cat-bilimsel-kitaplar","6":"product_cat-cocuk-ve-genclik-kitaplari","7":"pa_cilt-ciltsiz","8":"pa_tur-kitap","9":"pa_yayinevi-beta-kids","10":"pa_yazar-jennifer-swanson","12":"first","13":"instock","14":"sale","15":"shipping-taxable","16":"purchasable","17":"product-type-simple"},"_links":{"self":[{"href":"https:\/\/roveyayinevi.com.tr\/index.php\/wp-json\/wp\/v2\/product\/706594","targetHints":{"allow":["GET"]}}],"collection":[{"href":"https:\/\/roveyayinevi.com.tr\/index.php\/wp-json\/wp\/v2\/product"}],"about":[{"href":"https:\/\/roveyayinevi.com.tr\/index.php\/wp-json\/wp\/v2\/types\/product"}],"wp:attachment":[{"href":"https:\/\/roveyayinevi.com.tr\/index.php\/wp-json\/wp\/v2\/media?parent=706594"}],"wp:term":[{"taxonomy":"product_brand","embeddable":true,"href":"https:\/\/roveyayinevi.com.tr\/index.php\/wp-json\/wp\/v2\/product_brand?post=706594"},{"taxonomy":"product_cat","embeddable":true,"href":"https:\/\/roveyayinevi.com.tr\/index.php\/wp-json\/wp\/v2\/product_cat?post=706594"},{"taxonomy":"product_tag","embeddable":true,"href":"https:\/\/roveyayinevi.com.tr\/index.php\/wp-json\/wp\/v2\/product_tag?post=706594"}],"curies":[{"name":"wp","href":"https:\/\/api.w.org\/{rel}","templated":true}]}}