{"id":706593,"date":"2025-08-27T15:57:24","date_gmt":"2025-08-27T12:57:24","guid":{"rendered":"https:\/\/roveyayinevi.com.tr\/index.php\/urun\/inanilmaz-insan-vucudu-ciltli\/"},"modified":"2026-04-16T02:15:04","modified_gmt":"2026-04-15T23:15:04","slug":"inanilmaz-insan-vucudu-ciltli","status":"publish","type":"product","link":"https:\/\/roveyayinevi.com.tr\/index.php\/urun\/inanilmaz-insan-vucudu-ciltli\/","title":{"rendered":"\u0130nan\u0131lmaz \u0130nsan V\u00fccudu (ciltli)"},"content":{"rendered":"<p>V\u00fccudunuzun nas\u0131l \u00e7al\u0131\u015ft\u0131\u011f\u0131n\u0131 hi\u00e7 merak ettiniz mi?Bu e\u011flenceli ve zekice kaleme al\u0131nm\u0131\u015f \u0130nan\u0131lmaz \u0130nsan V\u00fccudu, \u00e7ocuklar\u0131n insan v\u00fccuduna dair ak\u0131llar\u0131nda olan t\u00fcm sorular\u0131 cevapl\u0131yor ve onlar\u0131 inan\u0131lmaz ger\u00e7ekler, foto\u011fraflar, \u00e7izimler ve diyagramlarla insan v\u00fccuduna do\u011fru, i\u00e7ten d\u0131\u015fa muhte\u015fem bir yolculu\u011fa \u00e7\u0131kar\u0131yor. Biz insanlar\u0131, insan yapan ve di\u011fer t\u00fcm canl\u0131lardan farkl\u0131 k\u0131lan ger\u00e7eklerin kap\u0131s\u0131n\u0131 aral\u0131yor. National Geographic imzas\u0131n\u0131 ta\u015f\u0131yan bu v\u00fccut ansiklopedisinin sayfalar\u0131n\u0131 \u00e7evirin ve insan v\u00fccudunu daha \u00f6nce hi\u00e7 deneyimlemedi\u011finiz bir \u015fekilde ke\u015ffetmeye ba\u015flay\u0131n.<\/p>\n","protected":false},"excerpt":{"rendered":"<p>V\u00fccudunuzun nas\u0131l \u00e7al\u0131\u015ft\u0131\u011f\u0131n\u0131 hi\u00e7 merak ettiniz mi?Bu e\u011flenceli ve zekice kaleme al\u0131nm\u0131\u015f \u0130nan\u0131lmaz \u0130nsan V\u00fccudu, \u00e7ocuklar\u0131n insan v\u00fccuduna dair ak\u0131llar\u0131nda olan t\u00fcm sorular\u0131 cevapl\u0131yor ve onlar\u0131<span class=\"excerpt-hellip\"> [\u2026]<\/span><\/p>\n","protected":false},"featured_media":0,"template":"","meta":{"_monsterinsights_skip_tracking":false,"_monsterinsights_sitenote_active":false,"_monsterinsights_sitenote_note":"","_monsterinsights_sitenote_category":0},"product_brand":[],"product_cat":[13829,12274],"product_tag":[],"class_list":{"0":"post-706593","1":"product","2":"type-product","3":"status-publish","5":"product_cat-bilimsel-kitaplar","6":"product_cat-cocuk-ve-genclik-kitaplari","7":"pa_cilt-ciltli","8":"pa_tur-kitap","9":"pa_yayinevi-beta-kids","10":"pa_yazar-christina-wilsdon","12":"first","13":"instock","14":"sale","15":"shipping-taxable","16":"purchasable","17":"product-type-simple"},"_links":{"self":[{"href":"https:\/\/roveyayinevi.com.tr\/index.php\/wp-json\/wp\/v2\/product\/706593","targetHints":{"allow":["GET"]}}],"collection":[{"href":"https:\/\/roveyayinevi.com.tr\/index.php\/wp-json\/wp\/v2\/product"}],"about":[{"href":"https:\/\/roveyayinevi.com.tr\/index.php\/wp-json\/wp\/v2\/types\/product"}],"wp:attachment":[{"href":"https:\/\/roveyayinevi.com.tr\/index.php\/wp-json\/wp\/v2\/media?parent=706593"}],"wp:term":[{"taxonomy":"product_brand","embeddable":true,"href":"https:\/\/roveyayinevi.com.tr\/index.php\/wp-json\/wp\/v2\/product_brand?post=706593"},{"taxonomy":"product_cat","embeddable":true,"href":"https:\/\/roveyayinevi.com.tr\/index.php\/wp-json\/wp\/v2\/product_cat?post=706593"},{"taxonomy":"product_tag","embeddable":true,"href":"https:\/\/roveyayinevi.com.tr\/index.php\/wp-json\/wp\/v2\/product_tag?post=706593"}],"curies":[{"name":"wp","href":"https:\/\/api.w.org\/{rel}","templated":true}]}}