{"id":706588,"date":"2025-08-27T15:57:22","date_gmt":"2025-08-27T12:57:22","guid":{"rendered":"https:\/\/roveyayinevi.com.tr\/index.php\/urun\/garip-ama-gercek-1\/"},"modified":"2026-04-16T02:15:04","modified_gmt":"2026-04-15T23:15:04","slug":"garip-ama-gercek-1","status":"publish","type":"product","link":"https:\/\/roveyayinevi.com.tr\/index.php\/urun\/garip-ama-gercek-1\/","title":{"rendered":"Garip Ama Ger\u00e7ek! 1"},"content":{"rendered":"<p>National Geographic Kids\u2019in d\u00fcnya \u00e7ap\u0131nda en sevilen yay\u0131nlar\u0131ndan biri olan, \u015fa\u015f\u0131rt\u0131c\u0131 ger\u00e7eklerle dolu Garip ama Ger\u00e7ek! serisinin en sevilen ilk kitab\u0131 Garip ama Ger\u00e7ek! 1 yenilenen i\u00e7eri\u011fi ve 50 yeni ger\u00e7e\u011fiyle merakl\u0131 \u00e7ocuklar kadar yeti\u015fkinleri de sayfalar\u0131n\u0131n aras\u0131na, s\u0131ra d\u0131\u015f\u0131 ger\u00e7eklerle y\u00fczle\u015fmeye \u00e7a\u011f\u0131r\u0131yor. Bilim, hayvanlar \u00e2lemi, yiyecekler, pop\u00fcler k\u00fclt\u00fcr, \u00e7\u0131lg\u0131n bulu\u015flar, iklim, co\u011frafya gibi ba\u015fl\u0131klar alt\u0131nda e\u011flence dolu bir genel k\u00fclt\u00fcr hazinesi. Hayvanlar, uzay, tuhaf yiyecekler, insan v\u00fccudu, robotlar ve daha bir s\u00fcr\u00fc konuda en acayip ger\u00e7ekleri \u00f6\u011frenin! Her sayfa, e\u011flenceli foto\u011fraflar ve \u00e7izimlerle dolu! National Geographic Kids imzas\u0131n\u0131 ta\u015f\u0131yan Garip Ama Ger\u00e7ek! serisi e\u011flence dolu bir genel k\u00fclt\u00fcr hazinesi. Elinizden b\u0131rakamayacaks\u0131n\u0131z&#8230; \u015eu an a\u011fz\u0131n\u0131zda yakla\u015f\u0131k bir milyar bakteri bulunmaktad\u0131r. Kediler ileti\u015fim kurarken en az 16 \u201ckedi kelimesi\u201d kullan\u0131r. Himalaya Da\u011flar\u0131 her y\u0131l yakla\u015f\u0131k 1,3 cm y\u00fckselmektedir. C\u0131rc\u0131r b\u00f6cekleri, sesi dizlerinden alg\u0131lar. Tanzanya\u2019daki bal\u0131k\u00e7\u0131lar, bal\u0131k a\u011f\u0131 olarak \u00f6r\u00fcmcek ipe\u011fi kullan\u0131rlar.<\/p>\n","protected":false},"excerpt":{"rendered":"<p>National Geographic Kids\u2019in d\u00fcnya \u00e7ap\u0131nda en sevilen yay\u0131nlar\u0131ndan biri olan, \u015fa\u015f\u0131rt\u0131c\u0131 ger\u00e7eklerle dolu Garip ama Ger\u00e7ek! serisinin en sevilen ilk kitab\u0131 Garip ama Ger\u00e7ek! 1 yenilenen<span class=\"excerpt-hellip\"> [\u2026]<\/span><\/p>\n","protected":false},"featured_media":0,"template":"","meta":{"_monsterinsights_skip_tracking":false,"_monsterinsights_sitenote_active":false,"_monsterinsights_sitenote_note":"","_monsterinsights_sitenote_category":0},"product_brand":[],"product_cat":[13829,12274],"product_tag":[],"class_list":{"0":"post-706588","1":"product","2":"type-product","3":"status-publish","5":"product_cat-bilimsel-kitaplar","6":"product_cat-cocuk-ve-genclik-kitaplari","7":"pa_cilt-ciltsiz","8":"pa_tur-kitap","9":"pa_yayinevi-beta-kids","10":"pa_yazar-kollektif","12":"first","13":"instock","14":"sale","15":"shipping-taxable","16":"purchasable","17":"product-type-simple"},"_links":{"self":[{"href":"https:\/\/roveyayinevi.com.tr\/index.php\/wp-json\/wp\/v2\/product\/706588","targetHints":{"allow":["GET"]}}],"collection":[{"href":"https:\/\/roveyayinevi.com.tr\/index.php\/wp-json\/wp\/v2\/product"}],"about":[{"href":"https:\/\/roveyayinevi.com.tr\/index.php\/wp-json\/wp\/v2\/types\/product"}],"wp:attachment":[{"href":"https:\/\/roveyayinevi.com.tr\/index.php\/wp-json\/wp\/v2\/media?parent=706588"}],"wp:term":[{"taxonomy":"product_brand","embeddable":true,"href":"https:\/\/roveyayinevi.com.tr\/index.php\/wp-json\/wp\/v2\/product_brand?post=706588"},{"taxonomy":"product_cat","embeddable":true,"href":"https:\/\/roveyayinevi.com.tr\/index.php\/wp-json\/wp\/v2\/product_cat?post=706588"},{"taxonomy":"product_tag","embeddable":true,"href":"https:\/\/roveyayinevi.com.tr\/index.php\/wp-json\/wp\/v2\/product_tag?post=706588"}],"curies":[{"name":"wp","href":"https:\/\/api.w.org\/{rel}","templated":true}]}}