{"id":706584,"date":"2025-08-27T15:57:20","date_gmt":"2025-08-27T12:57:20","guid":{"rendered":"https:\/\/roveyayinevi.com.tr\/index.php\/urun\/gumusle-yikanmis\/"},"modified":"2026-04-16T02:15:04","modified_gmt":"2026-04-15T23:15:04","slug":"gumusle-yikanmis","status":"publish","type":"product","link":"https:\/\/roveyayinevi.com.tr\/index.php\/urun\/gumusle-yikanmis\/","title":{"rendered":"G\u00fcm\u00fc\u015fle Y\u0131kanm\u0131\u015f"},"content":{"rendered":"<p>S\u00f6z\u00fcn ve rengin, kalemin ve f\u0131r\u00e7an\u0131n; incelikle \u00f6r\u00fclm\u00fc\u015f bile\u015fimidir bu \u00f6yk\u00fcler. \u00dclk\u00fc Yal\u0131m G\u00fcnay&#8217;\u0131n resimlerindeki soyut dokunu\u015flar\u0131; &#8220;G\u00fcm\u00fc\u015fle Y\u0131kanm\u0131\u015f&#8221; \u00f6yk\u00fclerinde somut anlamlar i\u00e7ererek a\u00e7\u0131l\u0131r.Yanl\u0131\u015fa kar\u015f\u0131 \u00e7\u0131kabilen ve g\u00fcc\u00fcn\u00fc sadece kendinden alan kad\u0131n\u0131 ve erke\u011fi anlat\u0131r \u00dclk\u00fc Yal\u0131m G\u00fcnay. G\u00f6zle g\u00f6r\u00fcnecek kadar canl\u0131 insanlar kentin i\u00e7inde dola\u015f\u0131r, d\u00fc\u015f\u00fcn\u00fcr, karar verir, sessiz ama \u00f6zg\u00fcr davranabilirler. Ara renkleri incelikle se\u00e7en f\u0131r\u00e7as\u0131; kalemine e\u015flik eder, g\u00f6r\u00fcnmeyeni de ustal\u0131kla sunar. F\u0131r\u00e7as\u0131n\u0131n ve kaleminin g\u00f6sterdi\u011fi yere bakar\u0131z. Kent ve insan ordad\u0131r. B\u00fct\u00fcn renkleri, ac\u0131s\u0131 ve sevinciyle.\u00c7i\u011fdem \u00dclkerSanat a\u015fk\u0131, ko\u015fullar\u0131n insana sanatla u\u011fra\u015fma imk\u00e2n\u0131 tan\u0131mad\u0131\u011f\u0131 hallerde bile hayat\u0131n i\u00e7 dinamiklerini, ayr\u0131nt\u0131larda gizli bilmecelerini \u00e7\u00f6zmekte yol g\u00f6stericidir. \u00dclk\u00fc Yal\u0131m G\u00fcnay, e\u015f ve anne olarak \u00fc\u00e7 evlat yeti\u015ftirdi\u011fi y\u0131llarda da sanatla i\u00e7 i\u00e7eydi. Renkle, desenle, dille, T\u00fcrk\u00e7emizle i\u00e7 i\u00e7eydi. \u0130\u00e7sel birikiminde \u00f6nce, 80\u2019lerde resim patlad\u0131. 90\u2019lar\u0131n ba\u015f\u0131nda \u015fiir. Tad\u0131na doyulmaz ger\u00e7ek \u015fiirlerdi bunlar. Ve sonra \u00f6yk\u00fcler geldi. Kad\u0131nl\u0131\u011f\u0131n kapal\u0131 d\u00fcnyas\u0131ndan, kad\u0131n erkek ili\u015fkilerinin \u00f6rt\u00fck- a\u00e7\u0131k inciticili\u011finden geni\u015f d\u00fcnyaya a\u00e7\u0131lan duyarl\u0131 bir sezgi, dikkatli bir g\u00f6zlem; ya\u015fanm\u0131\u015fl\u0131ktan s\u00fcz\u00fclen bir deneyim, geni\u015f bir edebiyat k\u00fclt\u00fcr\u00fc, kolay rastlanmayan bir dil bilinci ve dil g\u00fczelduyumuyla kaleme al\u0131nm\u0131\u015f i\u00e7e i\u015fleyen, yo\u011fun \u00f6yk\u00fcler yazd\u0131 ve yazmaya devam ediyor.Erendiz Atas\u00fc <\/p>\n","protected":false},"excerpt":{"rendered":"<p>S\u00f6z\u00fcn ve rengin, kalemin ve f\u0131r\u00e7an\u0131n; incelikle \u00f6r\u00fclm\u00fc\u015f bile\u015fimidir bu \u00f6yk\u00fcler. \u00dclk\u00fc Yal\u0131m G\u00fcnay&#8217;\u0131n resimlerindeki soyut dokunu\u015flar\u0131; &#8220;G\u00fcm\u00fc\u015fle Y\u0131kanm\u0131\u015f&#8221; \u00f6yk\u00fclerinde somut anlamlar i\u00e7ererek a\u00e7\u0131l\u0131r.Yanl\u0131\u015fa kar\u015f\u0131 \u00e7\u0131kabilen<span class=\"excerpt-hellip\"> [\u2026]<\/span><\/p>\n","protected":false},"featured_media":0,"template":"","meta":{"_monsterinsights_skip_tracking":false,"_monsterinsights_sitenote_active":false,"_monsterinsights_sitenote_note":"","_monsterinsights_sitenote_category":0},"product_brand":[],"product_cat":[12291,12711],"product_tag":[],"class_list":{"0":"post-706584","1":"product","2":"type-product","3":"status-publish","5":"product_cat-edebiyat","6":"product_cat-roman-oyku","7":"pa_cilt-ciltsiz","8":"pa_tur-kitap","9":"pa_yayinevi-bencekitap","10":"pa_yazar-ulku-yalim-gunay","12":"first","13":"instock","14":"sale","15":"shipping-taxable","16":"purchasable","17":"product-type-simple"},"_links":{"self":[{"href":"https:\/\/roveyayinevi.com.tr\/index.php\/wp-json\/wp\/v2\/product\/706584","targetHints":{"allow":["GET"]}}],"collection":[{"href":"https:\/\/roveyayinevi.com.tr\/index.php\/wp-json\/wp\/v2\/product"}],"about":[{"href":"https:\/\/roveyayinevi.com.tr\/index.php\/wp-json\/wp\/v2\/types\/product"}],"wp:attachment":[{"href":"https:\/\/roveyayinevi.com.tr\/index.php\/wp-json\/wp\/v2\/media?parent=706584"}],"wp:term":[{"taxonomy":"product_brand","embeddable":true,"href":"https:\/\/roveyayinevi.com.tr\/index.php\/wp-json\/wp\/v2\/product_brand?post=706584"},{"taxonomy":"product_cat","embeddable":true,"href":"https:\/\/roveyayinevi.com.tr\/index.php\/wp-json\/wp\/v2\/product_cat?post=706584"},{"taxonomy":"product_tag","embeddable":true,"href":"https:\/\/roveyayinevi.com.tr\/index.php\/wp-json\/wp\/v2\/product_tag?post=706584"}],"curies":[{"name":"wp","href":"https:\/\/api.w.org\/{rel}","templated":true}]}}