{"id":706583,"date":"2025-08-27T15:57:20","date_gmt":"2025-08-27T12:57:20","guid":{"rendered":"https:\/\/roveyayinevi.com.tr\/index.php\/urun\/ikinci-hendek\/"},"modified":"2026-04-16T02:15:04","modified_gmt":"2026-04-15T23:15:04","slug":"ikinci-hendek","status":"publish","type":"product","link":"https:\/\/roveyayinevi.com.tr\/index.php\/urun\/ikinci-hendek\/","title":{"rendered":"\u0130kinci Hendek"},"content":{"rendered":"<p>&#8230;. t\u00fcm hayat\u0131m buna bir haz\u0131rl\u0131k olarak ya\u015fanm\u0131\u015ft\u0131 sanki&#8230;&#8221;Hayat hende\u011fe benzer. Yapabilece\u011fin en iyi \u015fey hendekten g\u00fcelrek \u00e7\u0131k\u0131p d\u00fc\u015fman\u0131n\u0131n \u00fczerine y\u00fcr\u00fcmektir.&#8221;Arkada\u015f\u0131n\u0131n ge\u00e7mi\u015fte verdi\u011fi bu dahiyane tavsiyeye uymaya \u00e7al\u0131\u015f\u0131rken ailesinde birtak\u0131m trajik hadiseler olur. Bahsi ge\u00e7en bu olaylar\u0131n herbirinde solu\u011fu T\u00fcrkiye`de al\u0131r. \u0130nsanlar, o \u00fclkedeki deneyimler, Alt\u0131noluk, Karadeniz ya da \u0130stanbul seyahatlarinde okuduklar\u0131 ki\u015fisel hende\u011finden \u00e7\u0131kmas\u0131na yard\u0131m eder. Y\u0131llard\u0131r m\u00fccadele etti\u011fi durumun zannetti\u011fi gibi olmad\u0131\u011f\u0131 s\u00f6ylendi\u011finde yine bir de\u011fi\u015fiklik olmaz. Tam aksine. De\u011fi\u015fen sadece hende\u011fin say\u0131s\u0131d\u0131r. Birinciden ikinciye ge\u00e7er; belki de o hende\u011fi alg\u0131lama \u015fekli de\u011fi\u015fir. <\/p>\n","protected":false},"excerpt":{"rendered":"<p>&#8230;. t\u00fcm hayat\u0131m buna bir haz\u0131rl\u0131k olarak ya\u015fanm\u0131\u015ft\u0131 sanki&#8230;&#8221;Hayat hende\u011fe benzer. Yapabilece\u011fin en iyi \u015fey hendekten g\u00fcelrek \u00e7\u0131k\u0131p d\u00fc\u015fman\u0131n\u0131n \u00fczerine y\u00fcr\u00fcmektir.&#8221;Arkada\u015f\u0131n\u0131n ge\u00e7mi\u015fte verdi\u011fi bu dahiyane tavsiyeye<span class=\"excerpt-hellip\"> [\u2026]<\/span><\/p>\n","protected":false},"featured_media":0,"template":"","meta":{"_monsterinsights_skip_tracking":false,"_monsterinsights_sitenote_active":false,"_monsterinsights_sitenote_note":"","_monsterinsights_sitenote_category":0},"product_brand":[],"product_cat":[12291,12711],"product_tag":[],"class_list":{"0":"post-706583","1":"product","2":"type-product","3":"status-publish","5":"product_cat-edebiyat","6":"product_cat-roman-oyku","7":"pa_cilt-ciltsiz","8":"pa_tur-kitap","9":"pa_yayinevi-bencekitap","10":"pa_yazar-peter-weyns","12":"first","13":"instock","14":"sale","15":"shipping-taxable","16":"purchasable","17":"product-type-simple"},"_links":{"self":[{"href":"https:\/\/roveyayinevi.com.tr\/index.php\/wp-json\/wp\/v2\/product\/706583","targetHints":{"allow":["GET"]}}],"collection":[{"href":"https:\/\/roveyayinevi.com.tr\/index.php\/wp-json\/wp\/v2\/product"}],"about":[{"href":"https:\/\/roveyayinevi.com.tr\/index.php\/wp-json\/wp\/v2\/types\/product"}],"wp:attachment":[{"href":"https:\/\/roveyayinevi.com.tr\/index.php\/wp-json\/wp\/v2\/media?parent=706583"}],"wp:term":[{"taxonomy":"product_brand","embeddable":true,"href":"https:\/\/roveyayinevi.com.tr\/index.php\/wp-json\/wp\/v2\/product_brand?post=706583"},{"taxonomy":"product_cat","embeddable":true,"href":"https:\/\/roveyayinevi.com.tr\/index.php\/wp-json\/wp\/v2\/product_cat?post=706583"},{"taxonomy":"product_tag","embeddable":true,"href":"https:\/\/roveyayinevi.com.tr\/index.php\/wp-json\/wp\/v2\/product_tag?post=706583"}],"curies":[{"name":"wp","href":"https:\/\/api.w.org\/{rel}","templated":true}]}}