{"id":706573,"date":"2025-08-27T15:57:16","date_gmt":"2025-08-27T12:57:16","guid":{"rendered":"https:\/\/roveyayinevi.com.tr\/index.php\/urun\/guvenlik\/"},"modified":"2026-04-16T02:15:03","modified_gmt":"2026-04-15T23:15:03","slug":"guvenlik","status":"publish","type":"product","link":"https:\/\/roveyayinevi.com.tr\/index.php\/urun\/guvenlik\/","title":{"rendered":"G\u00fcvenlik"},"content":{"rendered":"<p>G\u00fcvenlik K\u00fcreselle\u015fme S\u00fcrecinde G\u00fcvenli\u011fi Yeniden D\u00fc\u015f\u00fcnmek<\/p>\n","protected":false},"excerpt":{"rendered":"<p>G\u00fcvenlik K\u00fcreselle\u015fme S\u00fcrecinde G\u00fcvenli\u011fi Yeniden D\u00fc\u015f\u00fcnmek<\/p>\n","protected":false},"featured_media":0,"template":"","meta":{"_monsterinsights_skip_tracking":false,"_monsterinsights_sitenote_active":false,"_monsterinsights_sitenote_note":"","_monsterinsights_sitenote_category":0},"product_brand":[],"product_cat":[12364],"product_tag":[],"class_list":{"0":"post-706573","1":"product","2":"type-product","3":"status-publish","5":"product_cat-genel-konular","6":"pa_cilt-ciltsiz","7":"pa_tur-kitap","8":"pa_yayinevi-baris-kitap","9":"pa_yazar-bilal-karabulut","11":"first","12":"instock","13":"sale","14":"shipping-taxable","15":"purchasable","16":"product-type-simple"},"_links":{"self":[{"href":"https:\/\/roveyayinevi.com.tr\/index.php\/wp-json\/wp\/v2\/product\/706573","targetHints":{"allow":["GET"]}}],"collection":[{"href":"https:\/\/roveyayinevi.com.tr\/index.php\/wp-json\/wp\/v2\/product"}],"about":[{"href":"https:\/\/roveyayinevi.com.tr\/index.php\/wp-json\/wp\/v2\/types\/product"}],"wp:attachment":[{"href":"https:\/\/roveyayinevi.com.tr\/index.php\/wp-json\/wp\/v2\/media?parent=706573"}],"wp:term":[{"taxonomy":"product_brand","embeddable":true,"href":"https:\/\/roveyayinevi.com.tr\/index.php\/wp-json\/wp\/v2\/product_brand?post=706573"},{"taxonomy":"product_cat","embeddable":true,"href":"https:\/\/roveyayinevi.com.tr\/index.php\/wp-json\/wp\/v2\/product_cat?post=706573"},{"taxonomy":"product_tag","embeddable":true,"href":"https:\/\/roveyayinevi.com.tr\/index.php\/wp-json\/wp\/v2\/product_tag?post=706573"}],"curies":[{"name":"wp","href":"https:\/\/api.w.org\/{rel}","templated":true}]}}