{"id":706571,"date":"2025-08-27T15:57:15","date_gmt":"2025-08-27T12:57:15","guid":{"rendered":"https:\/\/roveyayinevi.com.tr\/index.php\/urun\/boyle-bir-egitim-anadolu-enstituleri\/"},"modified":"2026-04-16T02:15:03","modified_gmt":"2026-04-15T23:15:03","slug":"boyle-bir-egitim-anadolu-enstituleri","status":"publish","type":"product","link":"https:\/\/roveyayinevi.com.tr\/index.php\/urun\/boyle-bir-egitim-anadolu-enstituleri\/","title":{"rendered":"B\u00f6yle Bir E\u011fitim Anadolu Enstit\u00fcleri"},"content":{"rendered":"<p>1942 y\u0131l\u0131nda Kastamonu\u00b4nun Bozkurt il\u00e7esinin K\u0131z\u0131lcaelma k\u00f6y\u00fcnde do\u011fmu\u015fum. \u0130lk okuma yazmay\u0131 ve d\u00f6rt i\u015flem matemati\u011fi k\u00f6y\u00fcn fahri imam\u0131 amcam\u0131n o\u011flu \u0130smail Karahalil\u00b4den 1949 y\u0131l\u0131nda \u00f6\u011frendim. 1953 y\u0131l\u0131nda Devrakani\u00b4de Hac\u0131 Haf\u0131z R\u0131fat Alt\u0131kula\u00e7\u00b4ta haf\u0131zl\u0131\u011f\u0131 tamamlad\u0131m. Sonra s\u0131navla Bozkurt merkez ilkokulunun d\u00f6rd\u00fcnc\u00fc s\u0131n\u0131f\u0131ndan ba\u015flayarak 1956 y\u0131l\u0131nda mezun oldum. Gerek Devrekani\u00b4de gerekse Bzokurt\u00b4da hazy\u0131rsever ailer yan\u0131nda kald\u0131m. &#8220;mahalle bask\u0131s\u0131&#8221; denen sosyal olgunun en ac\u0131t\u0131c\u0131s\u0131n\u0131 ya\u015fayarak \u00f6\u011fretmen okulu ve orta okula gidemedim. \u00d6\u011frenimime \u00fc\u00e7 y\u0131l ara vermek zorunda kalmak. \u00dc\u00e7 y\u0131l aradan sonra Kastamonu G\u00f6l \u0130lk\u00f6\u011fretmen Okulu ve oradan da Ankara Y\u00fcksek \u00d6\u011fretmen Okulu\u00b4nda okuyarak Ankara \u00dcniversitesi Fen Fak\u00fcltesi Fizik b\u00f6l\u00fcm\u00fcnden 1969 y\u0131l\u0131nda mezun oldum. Resmi ve \u00f6zel liselerde fizik \u00f6\u011fretmenli\u011fi ve Bzokurt Lisesi\u00b4nde m\u00fcd\u00fcrl\u00fck yapt\u0131m. -Halil Karahalil-<\/p>\n","protected":false},"excerpt":{"rendered":"<p>1942 y\u0131l\u0131nda Kastamonu\u00b4nun Bozkurt il\u00e7esinin K\u0131z\u0131lcaelma k\u00f6y\u00fcnde do\u011fmu\u015fum. \u0130lk okuma yazmay\u0131 ve d\u00f6rt i\u015flem matemati\u011fi k\u00f6y\u00fcn fahri imam\u0131 amcam\u0131n o\u011flu \u0130smail Karahalil\u00b4den 1949 y\u0131l\u0131nda \u00f6\u011frendim. 1953<span class=\"excerpt-hellip\"> [\u2026]<\/span><\/p>\n","protected":false},"featured_media":0,"template":"","meta":{"_monsterinsights_skip_tracking":false,"_monsterinsights_sitenote_active":false,"_monsterinsights_sitenote_note":"","_monsterinsights_sitenote_category":0},"product_brand":[],"product_cat":[13043,14381],"product_tag":[],"class_list":{"0":"post-706571","1":"product","2":"type-product","3":"status-publish","5":"product_cat-ekonomi","6":"product_cat-isletme-muhasebe-maliye","7":"pa_cilt-ciltsiz","8":"pa_tur-kitap","9":"pa_yayinevi-baris-kitap","10":"pa_yazar-halil-karahalil","12":"first","13":"instock","14":"sale","15":"shipping-taxable","16":"purchasable","17":"product-type-simple"},"_links":{"self":[{"href":"https:\/\/roveyayinevi.com.tr\/index.php\/wp-json\/wp\/v2\/product\/706571","targetHints":{"allow":["GET"]}}],"collection":[{"href":"https:\/\/roveyayinevi.com.tr\/index.php\/wp-json\/wp\/v2\/product"}],"about":[{"href":"https:\/\/roveyayinevi.com.tr\/index.php\/wp-json\/wp\/v2\/types\/product"}],"wp:attachment":[{"href":"https:\/\/roveyayinevi.com.tr\/index.php\/wp-json\/wp\/v2\/media?parent=706571"}],"wp:term":[{"taxonomy":"product_brand","embeddable":true,"href":"https:\/\/roveyayinevi.com.tr\/index.php\/wp-json\/wp\/v2\/product_brand?post=706571"},{"taxonomy":"product_cat","embeddable":true,"href":"https:\/\/roveyayinevi.com.tr\/index.php\/wp-json\/wp\/v2\/product_cat?post=706571"},{"taxonomy":"product_tag","embeddable":true,"href":"https:\/\/roveyayinevi.com.tr\/index.php\/wp-json\/wp\/v2\/product_tag?post=706571"}],"curies":[{"name":"wp","href":"https:\/\/api.w.org\/{rel}","templated":true}]}}