{"id":706565,"date":"2025-08-27T15:57:13","date_gmt":"2025-08-27T12:57:13","guid":{"rendered":"https:\/\/roveyayinevi.com.tr\/index.php\/urun\/uluslararasi-orgutlerin-guvenlik-boyutu\/"},"modified":"2026-04-16T02:15:03","modified_gmt":"2026-04-15T23:15:03","slug":"uluslararasi-orgutlerin-guvenlik-boyutu","status":"publish","type":"product","link":"https:\/\/roveyayinevi.com.tr\/index.php\/urun\/uluslararasi-orgutlerin-guvenlik-boyutu\/","title":{"rendered":"Uluslararas\u0131 \u00d6rg\u00fctlerin G\u00fcvenlik Boyutu"},"content":{"rendered":"<p>-Barry buzan-Yeni g\u00fcvenlik anlay\u0131\u015f\u0131-Nato&#8217;nun-avrupa birli\u011fi ve yeni g\u00fcvenlik anlay\u0131\u015f\u0131-Agit&#8217;in g\u00fcvenlik boyutu-Bar\u0131\u015f\u0131 koruma-Bireyg\u00fcvenli\u011fi-Ter\u00f6rizm-Siberter\u00f6r-\u00c7evre g\u00fcvenli\u011fi-eneji g\u00fcvenli\u011fi-Birle\u015fmi\u015f milletler-G\u00fcvenli\u011fi yeniden d\u00fc\u015f\u00fcnme<\/p>\n","protected":false},"excerpt":{"rendered":"<p>-Barry buzan-Yeni g\u00fcvenlik anlay\u0131\u015f\u0131-Nato&#8217;nun-avrupa birli\u011fi ve yeni g\u00fcvenlik anlay\u0131\u015f\u0131-Agit&#8217;in g\u00fcvenlik boyutu-Bar\u0131\u015f\u0131 koruma-Bireyg\u00fcvenli\u011fi-Ter\u00f6rizm-Siberter\u00f6r-\u00c7evre g\u00fcvenli\u011fi-eneji g\u00fcvenli\u011fi-Birle\u015fmi\u015f milletler-G\u00fcvenli\u011fi yeniden d\u00fc\u015f\u00fcnme<\/p>\n","protected":false},"featured_media":0,"template":"","meta":{"_monsterinsights_skip_tracking":false,"_monsterinsights_sitenote_active":false,"_monsterinsights_sitenote_note":"","_monsterinsights_sitenote_category":0},"product_brand":[],"product_cat":[12338,12337],"product_tag":[],"class_list":{"0":"post-706565","1":"product","2":"type-product","3":"status-publish","5":"product_cat-dunya-siyaseti-ve-politikasi","6":"product_cat-politika-siyaset","7":"pa_cilt-ciltsiz","8":"pa_tur-kitap","9":"pa_yayinevi-baris-kitap","10":"pa_yazar-bilal-karabulut","12":"first","13":"instock","14":"sale","15":"shipping-taxable","16":"purchasable","17":"product-type-simple"},"_links":{"self":[{"href":"https:\/\/roveyayinevi.com.tr\/index.php\/wp-json\/wp\/v2\/product\/706565","targetHints":{"allow":["GET"]}}],"collection":[{"href":"https:\/\/roveyayinevi.com.tr\/index.php\/wp-json\/wp\/v2\/product"}],"about":[{"href":"https:\/\/roveyayinevi.com.tr\/index.php\/wp-json\/wp\/v2\/types\/product"}],"wp:attachment":[{"href":"https:\/\/roveyayinevi.com.tr\/index.php\/wp-json\/wp\/v2\/media?parent=706565"}],"wp:term":[{"taxonomy":"product_brand","embeddable":true,"href":"https:\/\/roveyayinevi.com.tr\/index.php\/wp-json\/wp\/v2\/product_brand?post=706565"},{"taxonomy":"product_cat","embeddable":true,"href":"https:\/\/roveyayinevi.com.tr\/index.php\/wp-json\/wp\/v2\/product_cat?post=706565"},{"taxonomy":"product_tag","embeddable":true,"href":"https:\/\/roveyayinevi.com.tr\/index.php\/wp-json\/wp\/v2\/product_tag?post=706565"}],"curies":[{"name":"wp","href":"https:\/\/api.w.org\/{rel}","templated":true}]}}