{"id":706563,"date":"2025-08-27T15:57:12","date_gmt":"2025-08-27T12:57:12","guid":{"rendered":"https:\/\/roveyayinevi.com.tr\/index.php\/urun\/osmanli-devletini-yikima-goturen-nedenler\/"},"modified":"2026-04-16T02:15:03","modified_gmt":"2026-04-15T23:15:03","slug":"osmanli-devletini-yikima-goturen-nedenler","status":"publish","type":"product","link":"https:\/\/roveyayinevi.com.tr\/index.php\/urun\/osmanli-devletini-yikima-goturen-nedenler\/","title":{"rendered":"Osmanl\u0131 Devleti&#8217;ni Y\u0131k\u0131ma G\u00f6t\u00fcren Nedenler"},"content":{"rendered":"<p>Osmanl\u0131Devleti Roma, Arap-\u0130slam ve \u0130ngiliz \u0130mparatorluklar\u0131yla birlikte, tarihin kaydetti\u011fi d\u00f6rt b\u00fcy\u00fck ve uzun \u00f6m\u00fcrl\u00fc devletten biriydi.Bu b\u00fcy\u00fck devlet, \u00e7ok kritik bir b\u00f6lgede d\u00fcnyan\u0131n d\u00f6rt b\u00fcy\u00fck medeniyetinin askeri bo\u015flu\u011funu doldurmaktayd\u0131.Roma&#8217;n\u0131n bo\u015flu\u011funu Bizans, Arap Devleti&#8217;nin bo\u015flu\u011funu Sel\u00e7uklu doldurmu\u015f, Osmanl\u0131Devleti ise her iki y\u00fck\u00fc de \u00fczerine alm\u0131\u015ft\u0131r.<\/p>\n","protected":false},"excerpt":{"rendered":"<p>Osmanl\u0131Devleti Roma, Arap-\u0130slam ve \u0130ngiliz \u0130mparatorluklar\u0131yla birlikte, tarihin kaydetti\u011fi d\u00f6rt b\u00fcy\u00fck ve uzun \u00f6m\u00fcrl\u00fc devletten biriydi.Bu b\u00fcy\u00fck devlet, \u00e7ok kritik bir b\u00f6lgede d\u00fcnyan\u0131n d\u00f6rt b\u00fcy\u00fck medeniyetinin<span class=\"excerpt-hellip\"> [\u2026]<\/span><\/p>\n","protected":false},"featured_media":0,"template":"","meta":{"_monsterinsights_skip_tracking":false,"_monsterinsights_sitenote_active":false,"_monsterinsights_sitenote_note":"","_monsterinsights_sitenote_category":0},"product_brand":[],"product_cat":[13517,12304],"product_tag":[],"class_list":{"0":"post-706563","1":"product","2":"type-product","3":"status-publish","5":"product_cat-osmanli-tarihi","6":"product_cat-tarih","7":"pa_cilt-ciltsiz","8":"pa_tur-kitap","9":"pa_yayinevi-baris-kitap","10":"pa_yazar-emre-gor","12":"first","13":"instock","14":"sale","15":"shipping-taxable","16":"purchasable","17":"product-type-simple"},"_links":{"self":[{"href":"https:\/\/roveyayinevi.com.tr\/index.php\/wp-json\/wp\/v2\/product\/706563","targetHints":{"allow":["GET"]}}],"collection":[{"href":"https:\/\/roveyayinevi.com.tr\/index.php\/wp-json\/wp\/v2\/product"}],"about":[{"href":"https:\/\/roveyayinevi.com.tr\/index.php\/wp-json\/wp\/v2\/types\/product"}],"wp:attachment":[{"href":"https:\/\/roveyayinevi.com.tr\/index.php\/wp-json\/wp\/v2\/media?parent=706563"}],"wp:term":[{"taxonomy":"product_brand","embeddable":true,"href":"https:\/\/roveyayinevi.com.tr\/index.php\/wp-json\/wp\/v2\/product_brand?post=706563"},{"taxonomy":"product_cat","embeddable":true,"href":"https:\/\/roveyayinevi.com.tr\/index.php\/wp-json\/wp\/v2\/product_cat?post=706563"},{"taxonomy":"product_tag","embeddable":true,"href":"https:\/\/roveyayinevi.com.tr\/index.php\/wp-json\/wp\/v2\/product_tag?post=706563"}],"curies":[{"name":"wp","href":"https:\/\/api.w.org\/{rel}","templated":true}]}}