{"id":706562,"date":"2025-08-27T15:57:12","date_gmt":"2025-08-27T12:57:12","guid":{"rendered":"https:\/\/roveyayinevi.com.tr\/index.php\/urun\/sinemada-ritimlerin-kurgusu\/"},"modified":"2026-04-16T02:15:03","modified_gmt":"2026-04-15T23:15:03","slug":"sinemada-ritimlerin-kurgusu","status":"publish","type":"product","link":"https:\/\/roveyayinevi.com.tr\/index.php\/urun\/sinemada-ritimlerin-kurgusu\/","title":{"rendered":"Sinemada Ritimlerin Kurgusu"},"content":{"rendered":"<p>Sinemada Ritimlerin Kurgusu\u201d sineman\u0131n en g\u00f6r\u00fcnmez ama temel alanlar\u0131ndan olan kurgu \u00fczerine ender \u00e7al\u0131\u015fmalardan biri.\u201cKurgucu, d\u00fcnyan\u0131n ritmik bilgisini biriktiren bir varl\u0131kt\u0131r\u201d diyen yazar, film \u00e7al\u0131\u015fmas\u0131n\u0131n kalbinde yer alan kurgu prati\u011finin s\u0131rlar\u0131n\u0131 anlat\u0131yor. Bir kurgucu olarak kendi deneyimlerini ve geni\u015f kaynak taramalar\u0131ndan biriktirdiklerini aktar\u0131rken bunu, sinema tarihinden se\u00e7ti\u011fi pek \u00e7ok sahne ve sekans \u00fczerinde yapt\u0131\u011f\u0131 \u00e7\u00f6z\u00fcmlemelerle uygulamal\u0131 bir bi\u00e7imde zenginle\u015ftiriyor.Pearlman\u2019\u0131n \u00e7al\u0131\u015fmas\u0131 zaman, mek\u00e2n, ak\u0131\u015f, hareket, birlikte sal\u0131nma, c\u00fcmleleme, sine-c\u00fcmle gibi kavramsal tart\u0131\u015fmalarla birlikte y\u00f6netmenlerin, ak\u0131mlar\u0131n, dans koreografisinin, m\u00fczikal kompozisyonun kronolojisini de katederek farkl\u0131 bir sinema tarihine de ula\u015f\u0131yor. \u0130\u00e7erdi\u011fi tart\u0131\u015fman\u0131n teknik do\u011fas\u0131n\u0131n ritmini t\u0131pk\u0131 film kurgular gibi bir sinema tarih-yaz\u0131m\u0131 metodolojisi de \u00f6neriyor.Ritimler \u00fczerine \u00e7al\u0131\u015fma, ya\u015fam\u0131n ve ya\u015fam\u0131n kaydedilmi\u015f g\u00f6r\u00fcnt\u00fcs\u00fcn\u00fcn ritminin nas\u0131l al\u0131mland\u0131\u011f\u0131, izleyicinin seyir s\u00fcrecine hangi bi\u00e7imlerde dahil oldu\u011fu \u00fczerine ko\u015fut bir tarih\u00e7e de sunuyor. Gilles Deleuze\u2019\u00fcn \u201cSineman\u0131n ruh ve d\u00fc\u015f\u00fcnceyle ittifak olu\u015fturmas\u0131, beden yoluyla ger\u00e7ekle\u015fir\u201d saptamas\u0131n\u0131n yard\u0131m\u0131 ile kurgucunun \u00f6n-bedene d\u00f6n\u00fc\u015fme s\u00fcrecini, bedenin ve d\u00fcnyan\u0131n ritimlerinin senkronizasyonuna ula\u015farak elde etti\u011fi bir \u201chik\u00e2yeyi\u201d anlat\u0131yor&#8230;Sanc\u0131l\u0131 bir hik\u00e2ye: Kurgu masas\u0131nda \u201ckesip bi\u00e7erken\u201d ayn\u0131 zamanda y\u00f6netmenin, senaryonun, izleyicinin beklentileri ve hayalleri taraf\u0131ndan \u201ckesilip bi\u00e7ilen\u201d kurgucunun bedeni&#8230; Pearlman bu bedenin, Eisenstein \u00e7izgisini izleyerek fiziksel d\u00fc\u015f\u00fcnmeden, kinestetik empatiden yola \u00e7\u0131kt\u0131\u011f\u0131n\u0131 iddia ediyor.Sinemada Ritimlerin Kurgusu kurgunun ve onu in\u015fa eden ritmin kavranmas\u0131 a\u00e7\u0131s\u0131ndan bir ba\u015fucu kitab\u0131. <\/p>\n","protected":false},"excerpt":{"rendered":"<p>Sinemada Ritimlerin Kurgusu\u201d sineman\u0131n en g\u00f6r\u00fcnmez ama temel alanlar\u0131ndan olan kurgu \u00fczerine ender \u00e7al\u0131\u015fmalardan biri.\u201cKurgucu, d\u00fcnyan\u0131n ritmik bilgisini biriktiren bir varl\u0131kt\u0131r\u201d diyen yazar, film \u00e7al\u0131\u015fmas\u0131n\u0131n kalbinde<span class=\"excerpt-hellip\"> [\u2026]<\/span><\/p>\n","protected":false},"featured_media":0,"template":"","meta":{"_monsterinsights_skip_tracking":false,"_monsterinsights_sitenote_active":false,"_monsterinsights_sitenote_note":"","_monsterinsights_sitenote_category":0},"product_brand":[],"product_cat":[12409,12408],"product_tag":[],"class_list":{"0":"post-706562","1":"product","2":"type-product","3":"status-publish","5":"product_cat-fotograf-sinema-tiyatro","6":"product_cat-sanat","7":"pa_cilt-ciltsiz","8":"pa_tur-kitap","9":"pa_yayinevi-ayrinti-yayinlari","10":"pa_yazar-karen-pearlman","12":"first","13":"instock","14":"sale","15":"shipping-taxable","16":"purchasable","17":"product-type-simple"},"_links":{"self":[{"href":"https:\/\/roveyayinevi.com.tr\/index.php\/wp-json\/wp\/v2\/product\/706562","targetHints":{"allow":["GET"]}}],"collection":[{"href":"https:\/\/roveyayinevi.com.tr\/index.php\/wp-json\/wp\/v2\/product"}],"about":[{"href":"https:\/\/roveyayinevi.com.tr\/index.php\/wp-json\/wp\/v2\/types\/product"}],"wp:attachment":[{"href":"https:\/\/roveyayinevi.com.tr\/index.php\/wp-json\/wp\/v2\/media?parent=706562"}],"wp:term":[{"taxonomy":"product_brand","embeddable":true,"href":"https:\/\/roveyayinevi.com.tr\/index.php\/wp-json\/wp\/v2\/product_brand?post=706562"},{"taxonomy":"product_cat","embeddable":true,"href":"https:\/\/roveyayinevi.com.tr\/index.php\/wp-json\/wp\/v2\/product_cat?post=706562"},{"taxonomy":"product_tag","embeddable":true,"href":"https:\/\/roveyayinevi.com.tr\/index.php\/wp-json\/wp\/v2\/product_tag?post=706562"}],"curies":[{"name":"wp","href":"https:\/\/api.w.org\/{rel}","templated":true}]}}