{"id":706558,"date":"2025-08-27T15:57:10","date_gmt":"2025-08-27T12:57:10","guid":{"rendered":"https:\/\/roveyayinevi.com.tr\/index.php\/urun\/silahi-secmek\/"},"modified":"2026-04-16T02:15:03","modified_gmt":"2026-04-15T23:15:03","slug":"silahi-secmek","status":"publish","type":"product","link":"https:\/\/roveyayinevi.com.tr\/index.php\/urun\/silahi-secmek\/","title":{"rendered":"Silah\u0131 Se\u00e7mek"},"content":{"rendered":"<p>K\u0131z\u0131l Ordu (RAF) militanlar\u0131n\u0131n yer ald\u0131\u011f\u0131 aran\u0131yor afi\u015finde eski bak\u0131c\u0131s\u0131 Jette\u2019nin foto\u011fraf\u0131n\u0131 g\u00f6ren gen\u00e7 gazeteci Katia, \u00fczerinde izler b\u0131rakm\u0131\u015f ve cesaretine hayran oldu\u011fu bu kad\u0131n\u0131n ya\u015fam\u0131n\u0131 takip etmeye karar verir. K\u0131z\u0131l Ordu militan\u0131 Jette \u201870\u2019li y\u0131llar\u0131n ba\u015f\u0131nda, \u201cBeyaz Giysili Banka Soyguncusu\u201d s\u0131fat\u0131yla \u201cAlmanya\u2019n\u0131n en \u00e7ok aranan kad\u0131n\u0131\u201d olmu\u015f, tutuklanm\u0131\u015f, sonras\u0131nda arkada\u015flar\u0131n\u0131n eylemleri sonucu hapisten kurtulmu\u015ftur. Yurtd\u0131\u015f\u0131na ka\u00e7an Jette art\u0131k ya\u015fam\u0131n\u0131 Filistin m\u00fccadelesine adayacakt\u0131r. <\/p>\n","protected":false},"excerpt":{"rendered":"<p>K\u0131z\u0131l Ordu (RAF) militanlar\u0131n\u0131n yer ald\u0131\u011f\u0131 aran\u0131yor afi\u015finde eski bak\u0131c\u0131s\u0131 Jette\u2019nin foto\u011fraf\u0131n\u0131 g\u00f6ren gen\u00e7 gazeteci Katia, \u00fczerinde izler b\u0131rakm\u0131\u015f ve cesaretine hayran oldu\u011fu bu kad\u0131n\u0131n ya\u015fam\u0131n\u0131<span class=\"excerpt-hellip\"> [\u2026]<\/span><\/p>\n","protected":false},"featured_media":0,"template":"","meta":{"_monsterinsights_skip_tracking":false,"_monsterinsights_sitenote_active":false,"_monsterinsights_sitenote_note":"","_monsterinsights_sitenote_category":0},"product_brand":[],"product_cat":[12782,12291],"product_tag":[],"class_list":{"0":"post-706558","1":"product","2":"type-product","3":"status-publish","5":"product_cat-alman-edebiyati","6":"product_cat-edebiyat","7":"pa_cilt-ciltsiz","8":"pa_tur-kitap","9":"pa_yayinevi-ayrinti-yayinlari","10":"pa_yazar-judith-kuckart","12":"first","13":"instock","14":"sale","15":"shipping-taxable","16":"purchasable","17":"product-type-simple"},"_links":{"self":[{"href":"https:\/\/roveyayinevi.com.tr\/index.php\/wp-json\/wp\/v2\/product\/706558","targetHints":{"allow":["GET"]}}],"collection":[{"href":"https:\/\/roveyayinevi.com.tr\/index.php\/wp-json\/wp\/v2\/product"}],"about":[{"href":"https:\/\/roveyayinevi.com.tr\/index.php\/wp-json\/wp\/v2\/types\/product"}],"wp:attachment":[{"href":"https:\/\/roveyayinevi.com.tr\/index.php\/wp-json\/wp\/v2\/media?parent=706558"}],"wp:term":[{"taxonomy":"product_brand","embeddable":true,"href":"https:\/\/roveyayinevi.com.tr\/index.php\/wp-json\/wp\/v2\/product_brand?post=706558"},{"taxonomy":"product_cat","embeddable":true,"href":"https:\/\/roveyayinevi.com.tr\/index.php\/wp-json\/wp\/v2\/product_cat?post=706558"},{"taxonomy":"product_tag","embeddable":true,"href":"https:\/\/roveyayinevi.com.tr\/index.php\/wp-json\/wp\/v2\/product_tag?post=706558"}],"curies":[{"name":"wp","href":"https:\/\/api.w.org\/{rel}","templated":true}]}}