{"id":706557,"date":"2025-08-27T15:57:10","date_gmt":"2025-08-27T12:57:10","guid":{"rendered":"https:\/\/roveyayinevi.com.tr\/index.php\/urun\/mesih-garabeti\/"},"modified":"2026-04-16T02:15:03","modified_gmt":"2026-04-15T23:15:03","slug":"mesih-garabeti","status":"publish","type":"product","link":"https:\/\/roveyayinevi.com.tr\/index.php\/urun\/mesih-garabeti\/","title":{"rendered":"Mesih Garabeti"},"content":{"rendered":"<p>Bu kitap \u00fcnl\u00fc filozof Slavoj Zizek ile etkili bir teolog olan John Milbank\u2019in kar\u015f\u0131la\u015ft\u0131\u011f\u0131 bir \u201carena\u201d. Bir yanda, dinin yaratt\u0131\u011f\u0131 yan\u0131lsamalara olduk\u00e7a ele\u015ftirel yakla\u015fan, materyalist bir bak\u0131\u015f a\u00e7\u0131s\u0131n\u0131 temsil eden, militan bir ateist: Zizek; di\u011fer yanda ise bilgi, siyaset, etik gibi olduk\u00e7a \u00f6nemli meselelerin \u00fczerinde durabilece\u011fi yegane temelin teoloji olabilece\u011fini \u00f6ne s\u00fcren k\u0131\u015fk\u0131rt\u0131c\u0131, \u201cRadikal Ortodoks\u201d Milbank. Mesih Garabeti bu iki \u00f6nemli ismin bir araya geldi\u011fi ve birbirlerine y\u00f6nelik ele\u015ftirilerini a\u00e7\u0131k ve zaman zaman da sert bir bi\u00e7imde sergiledi\u011fi bir \u00e7al\u0131\u015fma. Gerek Zizek gerek Milbank, h\u00e2kim olduklar\u0131 konular\u0131n t\u00fcm avantajlar\u0131n\u0131 sergileyerek kendi bak\u0131\u015f a\u00e7\u0131lar\u0131n\u0131 geli\u015ftirdikleri \u00fc\u00e7 kuvvetli metin ortaya koyuyor. Bu kitapta yer alan metinler her iki d\u00fc\u015f\u00fcn\u00fcr\u00fcn ne kadar k\u0131ymetli oldu\u011funu g\u00f6stermekle kalm\u0131yor, y\u00fczlerce hatta binlerce y\u0131ld\u0131r devam eden inan\u00e7 ve ak\u0131l kar\u015f\u0131tl\u0131\u011f\u0131n\u0131n \u00e7ok da basit ve hi\u00e7bir \u015fekilde uzla\u015fmayacak bir kar\u015f\u0131tl\u0131k olmad\u0131\u011f\u0131n\u0131 da g\u00f6stermeye giri\u015fiyor. Uzun zamand\u0131r \u201cmateryalist bir teoloji\u201d fikriyle H\u0131ristiyanl\u0131\u011f\u0131 inceleyen Zizek ve k\u00fcresel kapitalizmin yeni y\u00fczy\u0131llar\u0131n en \u00f6nemli etik tart\u0131\u015fmalar\u0131n\u0131n kayna\u011f\u0131nda oldu\u011funa i\u015faret eden ve kendi ontolojik yakla\u015f\u0131m\u0131n\u0131 daha siyasi ve materyalist bir do\u011frultuya kayd\u0131ran Milbank&#8230; Mesih Garabeti dinin gelece\u011fi, sek\u00fclerlik ve politik umut meselelerini H\u0131ristiyanl\u0131\u011f\u0131n garabet meselesi, Tanr\u0131\u2019n\u0131n insan olmas\u0131 \u0131\u015f\u0131\u011f\u0131nda inceliyor. Bir ateist ile bir teolog aras\u0131nda teolojinin ger\u00e7ek anlam\u0131, Mesih, Kilise, Evrensellik ve mant\u0131\u011f\u0131n temelleri hakk\u0131nda etkili bir tart\u0131\u015fmaya tan\u0131k oluyoruz. Bu arenada diyalektik, \u201cparadoks\u201d ile kar\u015f\u0131la\u015ft\u0131r\u0131l\u0131yor. Ateizm-teizm tart\u0131\u015fmalar\u0131n\u0131n \u00f6tesinde ba\u015fka kap\u0131lar aralan\u0131yor. <\/p>\n","protected":false},"excerpt":{"rendered":"<p>Bu kitap \u00fcnl\u00fc filozof Slavoj Zizek ile etkili bir teolog olan John Milbank\u2019in kar\u015f\u0131la\u015ft\u0131\u011f\u0131 bir \u201carena\u201d. Bir yanda, dinin yaratt\u0131\u011f\u0131 yan\u0131lsamalara olduk\u00e7a ele\u015ftirel yakla\u015fan, materyalist bir<span class=\"excerpt-hellip\"> [\u2026]<\/span><\/p>\n","protected":false},"featured_media":0,"template":"","meta":{"_monsterinsights_skip_tracking":false,"_monsterinsights_sitenote_active":false,"_monsterinsights_sitenote_note":"","_monsterinsights_sitenote_category":0},"product_brand":[],"product_cat":[12312,12304],"product_tag":[],"class_list":{"0":"post-706557","1":"product","2":"type-product","3":"status-publish","5":"product_cat-diger","6":"product_cat-tarih","7":"pa_cilt-ciltsiz","8":"pa_tur-kitap","9":"pa_yayinevi-ayrinti-yayinlari","10":"pa_yazar-slavoj-zizek","12":"first","13":"instock","14":"sale","15":"shipping-taxable","16":"purchasable","17":"product-type-simple"},"_links":{"self":[{"href":"https:\/\/roveyayinevi.com.tr\/index.php\/wp-json\/wp\/v2\/product\/706557","targetHints":{"allow":["GET"]}}],"collection":[{"href":"https:\/\/roveyayinevi.com.tr\/index.php\/wp-json\/wp\/v2\/product"}],"about":[{"href":"https:\/\/roveyayinevi.com.tr\/index.php\/wp-json\/wp\/v2\/types\/product"}],"wp:attachment":[{"href":"https:\/\/roveyayinevi.com.tr\/index.php\/wp-json\/wp\/v2\/media?parent=706557"}],"wp:term":[{"taxonomy":"product_brand","embeddable":true,"href":"https:\/\/roveyayinevi.com.tr\/index.php\/wp-json\/wp\/v2\/product_brand?post=706557"},{"taxonomy":"product_cat","embeddable":true,"href":"https:\/\/roveyayinevi.com.tr\/index.php\/wp-json\/wp\/v2\/product_cat?post=706557"},{"taxonomy":"product_tag","embeddable":true,"href":"https:\/\/roveyayinevi.com.tr\/index.php\/wp-json\/wp\/v2\/product_tag?post=706557"}],"curies":[{"name":"wp","href":"https:\/\/api.w.org\/{rel}","templated":true}]}}