{"id":706555,"date":"2025-08-27T15:57:09","date_gmt":"2025-08-27T12:57:09","guid":{"rendered":"https:\/\/roveyayinevi.com.tr\/index.php\/urun\/gokyuzu-mavi-siyah\/"},"modified":"2026-04-16T02:15:03","modified_gmt":"2026-04-15T23:15:03","slug":"gokyuzu-mavi-siyah","status":"publish","type":"product","link":"https:\/\/roveyayinevi.com.tr\/index.php\/urun\/gokyuzu-mavi-siyah\/","title":{"rendered":"G\u00f6ky\u00fcz\u00fc Mavi Siyah"},"content":{"rendered":"<p>\u00dclkemizde geni\u015f bir okur kitlesinin takip etti\u011fi \u0130ngiliz yazar John Berger\u2019\u0131n az bilinen y\u00f6n\u00fc, edebiyata \u015fiirle ba\u015flam\u0131\u015f olmas\u0131d\u0131r. Ya\u015fam\u0131 boyunca bu tutkuya sad\u0131k kalm\u0131\u015f olan yazar\u0131n G\u00f6ky\u00fcz\u00fc Mavi Siyah ba\u015fl\u0131\u011f\u0131 alt\u0131nda bir araya getirilen \u015fiirleri, ayn\u0131 zamanda Berger anlat\u0131s\u0131ndaki \u015fiirsel mucizenin kaynaklar\u0131n\u0131 da a\u00e7\u0131kl\u0131\u011fa kavu\u015fturuyor. Berger roman, deneme, senaryo vb. t\u00fcrlerde yazd\u0131klar\u0131nda oldu\u011fu gibi \u015fiirlerinde de daha \u00e7ok ezilenlerin, yenik d\u00fc\u015fenlerin, yerinden yurdundan s\u00fcrg\u00fcn edilmi\u015flerin m\u00fccadeleye yazg\u0131l\u0131 ya\u015famlar\u0131na e\u011filiyor. Tarihin, mek\u00e2nlar\u0131n, dostluklar\u0131n ve a\u015fklar\u0131n; ya\u015fam\u0131n par\u00e7al\u0131 b\u00fct\u00fcnl\u00fc\u011f\u00fc i\u00e7inde do\u011fal imgelerin par\u0131lt\u0131s\u0131yla hik\u00e2ye edildi\u011fi bu \u015fiirler bizi \u201cd\u00fcnyan\u0131n ac\u0131mas\u0131zl\u0131\u011f\u0131 ve umursamazl\u0131\u011f\u0131yla ba\u015f edebilecek\u201d en g\u00fc\u00e7l\u00fc arac\u0131n dile d\u00f6nm\u00fc\u015f \u015fiir oldu\u011funa inanan bilge bir \u015fairin ya\u015fam g\u00fcncesiyle ba\u015f ba\u015fa b\u0131rak\u0131yor. Kaynak dil d\u0131\u015f\u0131nda ilk kez T\u00fcrk\u00e7ede yay\u0131mlanan G\u00f6ky\u00fcz\u00fc Mavi Siyah, \u00e7a\u011fda\u015f\u0131m\u0131z Berger\u2019a doksan\u0131nc\u0131 ya\u015f g\u00fcn\u00fcnde \u00fclkemizden, T\u00fcrk\u00e7eden bir arma\u011fan. <\/p>\n","protected":false},"excerpt":{"rendered":"<p>\u00dclkemizde geni\u015f bir okur kitlesinin takip etti\u011fi \u0130ngiliz yazar John Berger\u2019\u0131n az bilinen y\u00f6n\u00fc, edebiyata \u015fiirle ba\u015flam\u0131\u015f olmas\u0131d\u0131r. Ya\u015fam\u0131 boyunca bu tutkuya sad\u0131k kalm\u0131\u015f olan yazar\u0131n<span class=\"excerpt-hellip\"> [\u2026]<\/span><\/p>\n","protected":false},"featured_media":0,"template":"","meta":{"_monsterinsights_skip_tracking":false,"_monsterinsights_sitenote_active":false,"_monsterinsights_sitenote_note":"","_monsterinsights_sitenote_category":0},"product_brand":[],"product_cat":[12291,12866],"product_tag":[],"class_list":{"0":"post-706555","1":"product","2":"type-product","3":"status-publish","5":"product_cat-edebiyat","6":"product_cat-ingiliz-edebiyati","7":"pa_cilt-ciltsiz","8":"pa_tur-kitap","9":"pa_yayinevi-ayrinti-yayinlari","10":"pa_yazar-john-berger","12":"first","13":"instock","14":"sale","15":"shipping-taxable","16":"purchasable","17":"product-type-simple"},"_links":{"self":[{"href":"https:\/\/roveyayinevi.com.tr\/index.php\/wp-json\/wp\/v2\/product\/706555","targetHints":{"allow":["GET"]}}],"collection":[{"href":"https:\/\/roveyayinevi.com.tr\/index.php\/wp-json\/wp\/v2\/product"}],"about":[{"href":"https:\/\/roveyayinevi.com.tr\/index.php\/wp-json\/wp\/v2\/types\/product"}],"wp:attachment":[{"href":"https:\/\/roveyayinevi.com.tr\/index.php\/wp-json\/wp\/v2\/media?parent=706555"}],"wp:term":[{"taxonomy":"product_brand","embeddable":true,"href":"https:\/\/roveyayinevi.com.tr\/index.php\/wp-json\/wp\/v2\/product_brand?post=706555"},{"taxonomy":"product_cat","embeddable":true,"href":"https:\/\/roveyayinevi.com.tr\/index.php\/wp-json\/wp\/v2\/product_cat?post=706555"},{"taxonomy":"product_tag","embeddable":true,"href":"https:\/\/roveyayinevi.com.tr\/index.php\/wp-json\/wp\/v2\/product_tag?post=706555"}],"curies":[{"name":"wp","href":"https:\/\/api.w.org\/{rel}","templated":true}]}}