{"id":706553,"date":"2025-08-27T15:57:08","date_gmt":"2025-08-27T12:57:08","guid":{"rendered":"https:\/\/roveyayinevi.com.tr\/index.php\/urun\/akilli-kisiler-icin-felsefe-rehberi\/"},"modified":"2026-04-16T02:15:03","modified_gmt":"2026-04-15T23:15:03","slug":"akilli-kisiler-icin-felsefe-rehberi","status":"publish","type":"product","link":"https:\/\/roveyayinevi.com.tr\/index.php\/urun\/akilli-kisiler-icin-felsefe-rehberi\/","title":{"rendered":"Ak\u0131ll\u0131 Ki\u015filer \u0130\u00e7in Felsefe Rehberi"},"content":{"rendered":"<p>Bilgi ile bilgelik aras\u0131nda ne t\u00fcr bir fark var? Bilgelikle, \u00e7ok bilgi sahibi olmay\u0131 de\u011fil, bir t\u00fcr ya\u015fam anlay\u0131\u015f\u0131 sahibi olmay\u0131 kastederiz. Felsefe de kelime anlam\u0131 olarak \u201cbilgelik sevgisi\u201d demek. \u0130nsan d\u00fcnyas\u0131nda ya\u015fayan ki\u015filer birer nesne de\u011fil, \u00f6znedirler. Birbirleriyle diyalo\u011fa, ili\u015fkiye girerler, eylemlerde bulunurlar, d\u00fcnyalar\u0131nda ki\u015fi, \u00f6zne, sorumluluk, \u00f6zg\u00fcrl\u00fck, ahlak gibi kavramlar vard\u0131r. Scruton, bu d\u00fcnyan\u0131n ve kavramlar\u0131n\u0131n bilimin nedenler ve sonu\u00e7lar arayan d\u00fcnyas\u0131 taraf\u0131ndan tam olarak anla\u015f\u0131lamayaca\u011f\u0131, insan d\u00fcnyas\u0131n\u0131 bilimsel \u00e7er\u00e7eveye sokma \u00e7abas\u0131n\u0131n da bu d\u00fcnyay\u0131 zedeledi\u011fi, de\u011ferini ve etkinli\u011fini d\u00fc\u015f\u00fcrd\u00fc\u011f\u00fc fikrindedir. Peki, bilgi edinmek i\u00e7in bilimin en do\u011fru yolu bize g\u00f6sterdi\u011fi bu \u00e7a\u011fda felsefeye d\u00fc\u015fen rol ne oluyor? Felsefenin bilimle derin ba\u011flar\u0131 olmas\u0131na ra\u011fmen, hatta bilim felsefenin i\u00e7inden \u00e7\u0131km\u0131\u015f olsa da, felsefe be\u015feri bir disiplin say\u0131l\u0131r. Geleneksel anlay\u0131\u015f\u0131m\u0131za g\u00f6re, felsefenin u\u011fra\u015ft\u0131\u011f\u0131 konular olan bilginin ve d\u00fcnyan\u0131n yap\u0131s\u0131, ahlak, estetik, mutluluk hakk\u0131nda bilimin s\u00f6ylediklerinden daha fazlas\u0131n\u0131 felsefe s\u00f6yler; bunlar, daha ziyade, felsefenin alan\u0131na giren konulard\u0131r. Scruton\u2019un bu kitapta yapmaya \u00e7al\u0131\u015ft\u0131\u011f\u0131 \u015fey, her \u015feyin tek bir a\u00e7\u0131klamas\u0131n\u0131n bulunabilece\u011fini savunan dar ve s\u0131n\u0131rl\u0131 d\u00fcnya g\u00f6r\u00fc\u015flerinin kar\u015f\u0131s\u0131nda, insan ya\u015fam\u0131n\u0131 merkeze alan geleneksel felsefi yakla\u015f\u0131m\u0131 savunmak olarak g\u00f6r\u00fclebilir. Felsefeyi, ya\u015famda kendisini ger\u00e7ekle\u015ftiren bir u\u011fra\u015f olarak g\u00f6stermesiyle, felsefeyle dolu ya\u015fama \u201cdost\u00e7a\u201d bir bak\u0131\u015f a\u00e7\u0131s\u0131 geli\u015ftirmemize kap\u0131 aral\u0131yor. \ufffcTan\u0131t\u0131m Metni<\/p>\n","protected":false},"excerpt":{"rendered":"<p>Bilgi ile bilgelik aras\u0131nda ne t\u00fcr bir fark var? Bilgelikle, \u00e7ok bilgi sahibi olmay\u0131 de\u011fil, bir t\u00fcr ya\u015fam anlay\u0131\u015f\u0131 sahibi olmay\u0131 kastederiz. Felsefe de kelime anlam\u0131<span class=\"excerpt-hellip\"> [\u2026]<\/span><\/p>\n","protected":false},"featured_media":0,"template":"","meta":{"_monsterinsights_skip_tracking":false,"_monsterinsights_sitenote_active":false,"_monsterinsights_sitenote_note":"","_monsterinsights_sitenote_category":0},"product_brand":[],"product_cat":[12312,12304],"product_tag":[],"class_list":{"0":"post-706553","1":"product","2":"type-product","3":"status-publish","5":"product_cat-diger","6":"product_cat-tarih","7":"pa_cilt-ciltsiz","8":"pa_tur-kitap","9":"pa_yayinevi-ayrinti-yayinlari","10":"pa_yazar-roger-scruton","12":"first","13":"instock","14":"sale","15":"shipping-taxable","16":"purchasable","17":"product-type-simple"},"_links":{"self":[{"href":"https:\/\/roveyayinevi.com.tr\/index.php\/wp-json\/wp\/v2\/product\/706553","targetHints":{"allow":["GET"]}}],"collection":[{"href":"https:\/\/roveyayinevi.com.tr\/index.php\/wp-json\/wp\/v2\/product"}],"about":[{"href":"https:\/\/roveyayinevi.com.tr\/index.php\/wp-json\/wp\/v2\/types\/product"}],"wp:attachment":[{"href":"https:\/\/roveyayinevi.com.tr\/index.php\/wp-json\/wp\/v2\/media?parent=706553"}],"wp:term":[{"taxonomy":"product_brand","embeddable":true,"href":"https:\/\/roveyayinevi.com.tr\/index.php\/wp-json\/wp\/v2\/product_brand?post=706553"},{"taxonomy":"product_cat","embeddable":true,"href":"https:\/\/roveyayinevi.com.tr\/index.php\/wp-json\/wp\/v2\/product_cat?post=706553"},{"taxonomy":"product_tag","embeddable":true,"href":"https:\/\/roveyayinevi.com.tr\/index.php\/wp-json\/wp\/v2\/product_tag?post=706553"}],"curies":[{"name":"wp","href":"https:\/\/api.w.org\/{rel}","templated":true}]}}