{"id":706552,"date":"2025-08-27T15:57:07","date_gmt":"2025-08-27T12:57:07","guid":{"rendered":"https:\/\/roveyayinevi.com.tr\/index.php\/urun\/performatif-estetik\/"},"modified":"2026-04-16T02:15:03","modified_gmt":"2026-04-15T23:15:03","slug":"performatif-estetik","status":"publish","type":"product","link":"https:\/\/roveyayinevi.com.tr\/index.php\/urun\/performatif-estetik\/","title":{"rendered":"Performatif Estetik"},"content":{"rendered":"<p>\u201c24 Ekim 1975 tarihinde Innsbruck\u2019taki Krinzinger Galerisi\u2019nde dikkat \u00e7ekici ve d\u00fc\u015f\u00fcnd\u00fcr\u00fcc\u00fc bir olay meydana geldi. Yugoslav sanat\u00e7\u0131 Marina Abramovic Lips of Thomas isimli performans\u0131n\u0131 ger\u00e7ekle\u015ftirdi. Performans, sanat\u00e7\u0131n\u0131n k\u0131yafetini tamamen \u00e7\u0131karmas\u0131yla ba\u015flad\u0131. [&#8230;] Abramovi\u0107 aya\u011fa kalkt\u0131 ve kendi foto\u011fraf\u0131n\u0131n as\u0131l\u0131 bulundu\u011fu duvara do\u011fru gitti. S\u0131rt\u0131n\u0131 duvara, y\u00fcz\u00fcn\u00fc de seyircilere d\u00f6nerek bir t\u0131ra\u015f b\u0131\u00e7a\u011f\u0131yla g\u00f6be\u011fine be\u015f k\u00f6\u015feli bir y\u0131ld\u0131z kaz\u0131d\u0131. Kanlar f\u0131\u015fk\u0131r\u0131yordu. Sonra k\u0131rbac\u0131 eline ald\u0131, seyirciye arkas\u0131 d\u00f6n\u00fck bir vaziyette kendi resminin alt\u0131nda diz \u00e7\u00f6kt\u00fc ve s\u0131rt\u0131n\u0131 \u00e7ok sert bir \u015fekilde k\u0131rba\u00e7lamaya ba\u015flad\u0131. Kanayan kam\u00e7\u0131 izleri g\u00f6r\u00fcn\u00fcyordu. Hemen sonras\u0131nda kollar\u0131n\u0131 tamamen a\u00e7arak buz kal\u0131plar\u0131ndan olu\u015fan bir \u00e7arm\u0131h\u0131n \u00fczerine yatt\u0131. Tavandan g\u00f6be\u011fine do\u011frultulmu\u015f elektrikli bir \u0131s\u0131t\u0131c\u0131 as\u0131l\u0131yd\u0131. Is\u0131t\u0131c\u0131n\u0131n s\u0131cakl\u0131\u011f\u0131 v\u00fccuduna kaz\u0131nm\u0131\u015f y\u0131ld\u0131z\u0131 yeniden kanatt\u0131. [&#8230;] Bu eziyeti bozmaya hi\u00e7bir niyeti olmadan buz \u00e7arm\u0131h\u0131n\u0131n \u00fczerinde otuz dakika daha kald\u0131ktan sonra seyirciler onun \u00e7ekti\u011fi ac\u0131ya art\u0131k daha fazla dayanamad\u0131lar. Buz kal\u0131plar\u0131na do\u011fru h\u0131zl\u0131ca gittiler, elleriyle sanat\u00e7\u0131y\u0131 \u00e7arm\u0131htan kald\u0131r\u0131p uzakla\u015ft\u0131rd\u0131lar. B\u00f6ylece seyirciler performans\u0131 sona erdirmi\u015f oldular.\u201d <\/p>\n","protected":false},"excerpt":{"rendered":"<p>\u201c24 Ekim 1975 tarihinde Innsbruck\u2019taki Krinzinger Galerisi\u2019nde dikkat \u00e7ekici ve d\u00fc\u015f\u00fcnd\u00fcr\u00fcc\u00fc bir olay meydana geldi. Yugoslav sanat\u00e7\u0131 Marina Abramovic Lips of Thomas isimli performans\u0131n\u0131 ger\u00e7ekle\u015ftirdi. Performans,<span class=\"excerpt-hellip\"> [\u2026]<\/span><\/p>\n","protected":false},"featured_media":0,"template":"","meta":{"_monsterinsights_skip_tracking":false,"_monsterinsights_sitenote_active":false,"_monsterinsights_sitenote_note":"","_monsterinsights_sitenote_category":0},"product_brand":[],"product_cat":[13548,12408],"product_tag":[],"class_list":{"0":"post-706552","1":"product","2":"type-product","3":"status-publish","5":"product_cat-kuram","6":"product_cat-sanat","7":"pa_cilt-ciltsiz","8":"pa_tur-kitap","9":"pa_yayinevi-ayrinti-yayinlari","10":"pa_yazar-erika-fischer-lichte","12":"first","13":"instock","14":"sale","15":"shipping-taxable","16":"purchasable","17":"product-type-simple"},"_links":{"self":[{"href":"https:\/\/roveyayinevi.com.tr\/index.php\/wp-json\/wp\/v2\/product\/706552","targetHints":{"allow":["GET"]}}],"collection":[{"href":"https:\/\/roveyayinevi.com.tr\/index.php\/wp-json\/wp\/v2\/product"}],"about":[{"href":"https:\/\/roveyayinevi.com.tr\/index.php\/wp-json\/wp\/v2\/types\/product"}],"wp:attachment":[{"href":"https:\/\/roveyayinevi.com.tr\/index.php\/wp-json\/wp\/v2\/media?parent=706552"}],"wp:term":[{"taxonomy":"product_brand","embeddable":true,"href":"https:\/\/roveyayinevi.com.tr\/index.php\/wp-json\/wp\/v2\/product_brand?post=706552"},{"taxonomy":"product_cat","embeddable":true,"href":"https:\/\/roveyayinevi.com.tr\/index.php\/wp-json\/wp\/v2\/product_cat?post=706552"},{"taxonomy":"product_tag","embeddable":true,"href":"https:\/\/roveyayinevi.com.tr\/index.php\/wp-json\/wp\/v2\/product_tag?post=706552"}],"curies":[{"name":"wp","href":"https:\/\/api.w.org\/{rel}","templated":true}]}}