{"id":706548,"date":"2025-08-27T15:57:06","date_gmt":"2025-08-27T12:57:06","guid":{"rendered":"https:\/\/roveyayinevi.com.tr\/index.php\/urun\/muzaffer-orucoglu-anlatiyor\/"},"modified":"2026-04-16T02:15:03","modified_gmt":"2026-04-15T23:15:03","slug":"muzaffer-orucoglu-anlatiyor","status":"publish","type":"product","link":"https:\/\/roveyayinevi.com.tr\/index.php\/urun\/muzaffer-orucoglu-anlatiyor\/","title":{"rendered":"Muzaffer Oru\u00e7o\u011flu Anlat\u0131yor"},"content":{"rendered":"<p>Nihayetinde herkesin hikayesi ayak izlerindedir. Muzaffer Oru\u00e7o\u011flu\u2019nun do\u011fdu\u011fu k\u00f6y Zavot bir Malakan k\u00f6y\u00fcd\u00fcr. Vartinik ise bir Ermeni mezras\u0131d\u0131r. Oru\u00e7o\u011flu birinde do\u011fmu\u015f, di\u011ferinde bask\u0131na u\u011fram\u0131\u015ft\u0131r. Bu iki mek\u00e2ndan da birer halk s\u00fcr\u00fclm\u00fc\u015ft\u00fcr. Oru\u00e7o\u011flu\u2019nun s\u00fcrg\u00fcn ve mekans\u0131z kalmas\u0131yla buradaki halklar\u0131n s\u00fcrg\u00fcn ve mekans\u0131z olu\u015fu aras\u0131nda bir ili\u015fki oldu\u011fu s\u00f6ylenebilir. Asl\u0131na bak\u0131l\u0131rsa Oru\u00e7o\u011flu\u2019nun \u015fimdi ya\u015fad\u0131\u011f\u0131 Merlbourne\u2019deki varl\u0131\u011f\u0131 da \u00f6yledir. Yeter ki, \u201cNeden Avustralya?\u201d diye bir soran olsun\u2026 Cevab\u0131 son elli y\u0131l\u0131n sol\u2019dan hikayesidir. <\/p>\n","protected":false},"excerpt":{"rendered":"<p>Nihayetinde herkesin hikayesi ayak izlerindedir. Muzaffer Oru\u00e7o\u011flu\u2019nun do\u011fdu\u011fu k\u00f6y Zavot bir Malakan k\u00f6y\u00fcd\u00fcr. Vartinik ise bir Ermeni mezras\u0131d\u0131r. Oru\u00e7o\u011flu birinde do\u011fmu\u015f, di\u011ferinde bask\u0131na u\u011fram\u0131\u015ft\u0131r. Bu iki<span class=\"excerpt-hellip\"> [\u2026]<\/span><\/p>\n","protected":false},"featured_media":0,"template":"","meta":{"_monsterinsights_skip_tracking":false,"_monsterinsights_sitenote_active":false,"_monsterinsights_sitenote_note":"","_monsterinsights_sitenote_category":0},"product_brand":[],"product_cat":[12364,12826],"product_tag":[],"class_list":{"0":"post-706548","1":"product","2":"type-product","3":"status-publish","5":"product_cat-genel-konular","6":"product_cat-soylesi","7":"pa_cilt-ciltsiz","8":"pa_tur-kitap","9":"pa_yayinevi-ayrinti-yayinlari","10":"pa_yazar-ibrahim-ekinci","12":"first","13":"instock","14":"sale","15":"shipping-taxable","16":"purchasable","17":"product-type-simple"},"_links":{"self":[{"href":"https:\/\/roveyayinevi.com.tr\/index.php\/wp-json\/wp\/v2\/product\/706548","targetHints":{"allow":["GET"]}}],"collection":[{"href":"https:\/\/roveyayinevi.com.tr\/index.php\/wp-json\/wp\/v2\/product"}],"about":[{"href":"https:\/\/roveyayinevi.com.tr\/index.php\/wp-json\/wp\/v2\/types\/product"}],"wp:attachment":[{"href":"https:\/\/roveyayinevi.com.tr\/index.php\/wp-json\/wp\/v2\/media?parent=706548"}],"wp:term":[{"taxonomy":"product_brand","embeddable":true,"href":"https:\/\/roveyayinevi.com.tr\/index.php\/wp-json\/wp\/v2\/product_brand?post=706548"},{"taxonomy":"product_cat","embeddable":true,"href":"https:\/\/roveyayinevi.com.tr\/index.php\/wp-json\/wp\/v2\/product_cat?post=706548"},{"taxonomy":"product_tag","embeddable":true,"href":"https:\/\/roveyayinevi.com.tr\/index.php\/wp-json\/wp\/v2\/product_tag?post=706548"}],"curies":[{"name":"wp","href":"https:\/\/api.w.org\/{rel}","templated":true}]}}