{"id":706546,"date":"2025-08-27T15:57:04","date_gmt":"2025-08-27T12:57:04","guid":{"rendered":"https:\/\/roveyayinevi.com.tr\/index.php\/urun\/hayatin-gizli-hazlari\/"},"modified":"2026-04-16T02:15:03","modified_gmt":"2026-04-15T23:15:03","slug":"hayatin-gizli-hazlari","status":"publish","type":"product","link":"https:\/\/roveyayinevi.com.tr\/index.php\/urun\/hayatin-gizli-hazlari\/","title":{"rendered":"Hayat\u0131n Gizli Hazlar\u0131"},"content":{"rendered":"<p>Adeta bir roman gibi akan bu kitapta, zamana ve mek\u00e2na dair bamba\u015fka bir boyut geli\u015ftiriyor Theodore Zeldin. Ge\u00e7mi\u015fi g\u00fcn\u00fcm\u00fczle, do\u011fuyu bat\u0131yla birle\u015ftiriyor, belki de m\u00fcmk\u00fcn olan en geni\u015f a\u00e7\u0131yla bak\u0131yor d\u00fcnyaya. Ve insanl\u0131\u011fa dair, varolu\u015fa dair yepyeni bir vizyon yarat\u0131yor. Her c\u00fcmlesinde d\u00fc\u015f\u00fcnd\u00fcr\u00fcyor, insana hayat\u0131n\u0131, yapt\u0131klar\u0131n\u0131, yapabileceklerini sorgulat\u0131yor. Alan\u0131nda ender bir \u00e7al\u0131\u015fma bu bak\u0131mdan. Zeldin, belki de varl\u0131\u011f\u0131ndan bile haberdar olmad\u0131\u011f\u0131m\u0131z bamba\u015fka fikirlerin, ya\u015fam bi\u00e7imlerinin \u0131\u015f\u0131\u011f\u0131nda insan\u0131n \u00e7\u0131plak g\u00f6zle se\u00e7emedi\u011fi yollar\u0131 ayd\u0131nlat\u0131yor.Neredeyse her c\u00fcmlesinde durup d\u00fc\u015f\u00fcnmek isteyece\u011finiz, hatta d\u00fc\u015f\u00fcnmek zorunda kalaca\u011f\u0131n\u0131z bir kitap Hayat\u0131n Gizli Hazlar\u0131. Varolu\u015f hakk\u0131nda sorular soran, cevaplar arayan, daha \u00f6nce verilmi\u015f cevaplar\u0131 sorgulayan bir kitap bu. Cevap arama s\u00fcre\u00e7leri kadar, sorular\u0131 da ba\u015fl\u0131 ba\u015f\u0131na dikkate de\u011fer: \u201cZaman\u0131m\u0131z\u0131n b\u00fcy\u00fck maceras\u0131 nedir? Heba edilmi\u015f bir ya\u015fam nedir? Yoksul zengine ne s\u00f6yleyebilir? Zengin yoksula ne s\u00f6yleyebilir? Bir din nas\u0131l de\u011fi\u015febilir? \u0130nanmayan biri inanan\u0131 nas\u0131l anlayabilir? Neden bu kadar \u00e7ok say\u0131da insan de\u011fer g\u00f6rmedi\u011fini, sevilmedi\u011fini ve yaln\u0131zca yar\u0131 canl\u0131 oldu\u011funu d\u00fc\u015f\u00fcn\u00fcyor? Kad\u0131nlar ve erkekler birbirlerine ba\u015fka nas\u0131l davranabilirler? Farkl\u0131 bir t\u00fcr cinsel devrim m\u00fcmk\u00fcn m\u00fc? Bu kadar \u00e7ok \u00e7al\u0131\u015fman\u0131n ne anlam\u0131 var? Ya\u015f\u0131yor olmak ne anlama gelir?\u201dTheodore Zeldin, hepsi de k\u0131\u015fk\u0131rt\u0131c\u0131 olan bu sorulara sade ve sakin cevaplar vererek, bu esnada yeni sorular\u0131n sorulmas\u0131na da zemin haz\u0131rlayarak, okurunu bamba\u015fka diyarlara davet ediyor&#8230; <\/p>\n","protected":false},"excerpt":{"rendered":"<p>Adeta bir roman gibi akan bu kitapta, zamana ve mek\u00e2na dair bamba\u015fka bir boyut geli\u015ftiriyor Theodore Zeldin. Ge\u00e7mi\u015fi g\u00fcn\u00fcm\u00fczle, do\u011fuyu bat\u0131yla birle\u015ftiriyor, belki de m\u00fcmk\u00fcn olan<span class=\"excerpt-hellip\"> [\u2026]<\/span><\/p>\n","protected":false},"featured_media":0,"template":"","meta":{"_monsterinsights_skip_tracking":false,"_monsterinsights_sitenote_active":false,"_monsterinsights_sitenote_note":"","_monsterinsights_sitenote_category":0},"product_brand":[],"product_cat":[12291,12711],"product_tag":[],"class_list":{"0":"post-706546","1":"product","2":"type-product","3":"status-publish","5":"product_cat-edebiyat","6":"product_cat-roman-oyku","7":"pa_cilt-ciltsiz","8":"pa_tur-kitap","9":"pa_yayinevi-ayrinti-yayinlari","10":"pa_yazar-theodore-zeldin","12":"first","13":"instock","14":"sale","15":"shipping-taxable","16":"purchasable","17":"product-type-simple"},"_links":{"self":[{"href":"https:\/\/roveyayinevi.com.tr\/index.php\/wp-json\/wp\/v2\/product\/706546","targetHints":{"allow":["GET"]}}],"collection":[{"href":"https:\/\/roveyayinevi.com.tr\/index.php\/wp-json\/wp\/v2\/product"}],"about":[{"href":"https:\/\/roveyayinevi.com.tr\/index.php\/wp-json\/wp\/v2\/types\/product"}],"wp:attachment":[{"href":"https:\/\/roveyayinevi.com.tr\/index.php\/wp-json\/wp\/v2\/media?parent=706546"}],"wp:term":[{"taxonomy":"product_brand","embeddable":true,"href":"https:\/\/roveyayinevi.com.tr\/index.php\/wp-json\/wp\/v2\/product_brand?post=706546"},{"taxonomy":"product_cat","embeddable":true,"href":"https:\/\/roveyayinevi.com.tr\/index.php\/wp-json\/wp\/v2\/product_cat?post=706546"},{"taxonomy":"product_tag","embeddable":true,"href":"https:\/\/roveyayinevi.com.tr\/index.php\/wp-json\/wp\/v2\/product_tag?post=706546"}],"curies":[{"name":"wp","href":"https:\/\/api.w.org\/{rel}","templated":true}]}}