{"id":706545,"date":"2025-08-27T15:57:04","date_gmt":"2025-08-27T12:57:04","guid":{"rendered":"https:\/\/roveyayinevi.com.tr\/index.php\/urun\/gastro-gosteri\/"},"modified":"2026-04-16T02:15:03","modified_gmt":"2026-04-15T23:15:03","slug":"gastro-gosteri","status":"publish","type":"product","link":"https:\/\/roveyayinevi.com.tr\/index.php\/urun\/gastro-gosteri\/","title":{"rendered":"Gastro G\u00f6steri"},"content":{"rendered":"<p>Gastro G\u00f6steri, g\u00fcnl\u00fck hayat\u0131n \u00f6nemli bir k\u0131sm\u0131n\u0131 olu\u015fturan yemek yeme rit\u00fcellerini ele\u015ftirel bir perspektiften hareketle mercek alt\u0131na al\u0131yor. Bu i\u015flemi yaparken medya g\u00f6sterilerini ihmal etmiyor, yemek yemenin sergilenme bi\u00e7imlerine de \u0131\u015f\u0131k tutuyor. Kitapta tart\u0131\u015f\u0131lan konular, modern insan\u0131n hayat\u0131na anlam katan anlat\u0131lar \u00fcreterek, yenilenin ve i\u00e7ilenin t\u00fcketimini g\u00f6rsel-sessel formlara ta\u015f\u0131yor.Modern toplumun yeme ve i\u00e7me rit\u00fcellerini bi\u00e7imlendiren, pop\u00fcler yaz\u0131nsal ve sessel bir k\u00fclt\u00fcr, yani gastro g\u00f6steri haline getiren s\u00fcre\u00e7ler, k\u00fcresel bir etkile\u015fimi de yede\u011fine alarak, t\u00fcketimi \u00e7ekici, e\u011flenceli bir deneyim ve performans olarak g\u00f6zler \u00f6n\u00fcne sermektedir. Beslenmeyi de\u011fil, seslenmeyi (g\u00f6rsel ve sessel hitap etmeyi) \u00f6ne \u00e7\u0131karmaktad\u0131r gastro g\u00f6steri addedilen pratikler.Bu kitap, yemenin ve i\u00e7menin ba\u011f\u0131ra \u00e7\u0131\u011f\u0131ra g\u00f6steri halini ald\u0131\u011f\u0131 bir zamanda yeme etkinlilerinin k\u00fclt\u00fcrel boyutlar\u0131n\u0131, medyadaki serimlenme tarzlar\u0131n\u0131 ele al\u0131yor, ustal\u0131kla&#8230; <\/p>\n","protected":false},"excerpt":{"rendered":"<p>Gastro G\u00f6steri, g\u00fcnl\u00fck hayat\u0131n \u00f6nemli bir k\u0131sm\u0131n\u0131 olu\u015fturan yemek yeme rit\u00fcellerini ele\u015ftirel bir perspektiften hareketle mercek alt\u0131na al\u0131yor. Bu i\u015flemi yaparken medya g\u00f6sterilerini ihmal etmiyor, yemek<span class=\"excerpt-hellip\"> [\u2026]<\/span><\/p>\n","protected":false},"featured_media":0,"template":"","meta":{"_monsterinsights_skip_tracking":false,"_monsterinsights_sitenote_active":false,"_monsterinsights_sitenote_note":"","_monsterinsights_sitenote_category":0},"product_brand":[],"product_cat":[12312,12304],"product_tag":[],"class_list":{"0":"post-706545","1":"product","2":"type-product","3":"status-publish","5":"product_cat-diger","6":"product_cat-tarih","7":"pa_cilt-ciltsiz","8":"pa_tur-kitap","9":"pa_yayinevi-ayrinti-yayinlari","10":"pa_yazar-ilkay-kanik","12":"first","13":"instock","14":"sale","15":"shipping-taxable","16":"purchasable","17":"product-type-simple"},"_links":{"self":[{"href":"https:\/\/roveyayinevi.com.tr\/index.php\/wp-json\/wp\/v2\/product\/706545","targetHints":{"allow":["GET"]}}],"collection":[{"href":"https:\/\/roveyayinevi.com.tr\/index.php\/wp-json\/wp\/v2\/product"}],"about":[{"href":"https:\/\/roveyayinevi.com.tr\/index.php\/wp-json\/wp\/v2\/types\/product"}],"wp:attachment":[{"href":"https:\/\/roveyayinevi.com.tr\/index.php\/wp-json\/wp\/v2\/media?parent=706545"}],"wp:term":[{"taxonomy":"product_brand","embeddable":true,"href":"https:\/\/roveyayinevi.com.tr\/index.php\/wp-json\/wp\/v2\/product_brand?post=706545"},{"taxonomy":"product_cat","embeddable":true,"href":"https:\/\/roveyayinevi.com.tr\/index.php\/wp-json\/wp\/v2\/product_cat?post=706545"},{"taxonomy":"product_tag","embeddable":true,"href":"https:\/\/roveyayinevi.com.tr\/index.php\/wp-json\/wp\/v2\/product_tag?post=706545"}],"curies":[{"name":"wp","href":"https:\/\/api.w.org\/{rel}","templated":true}]}}