{"id":706544,"date":"2025-08-27T15:57:04","date_gmt":"2025-08-27T12:57:04","guid":{"rendered":"https:\/\/roveyayinevi.com.tr\/index.php\/urun\/dorian-grayin-portresi-2\/"},"modified":"2026-04-16T02:15:03","modified_gmt":"2026-04-15T23:15:03","slug":"dorian-grayin-portresi-2","status":"publish","type":"product","link":"https:\/\/roveyayinevi.com.tr\/index.php\/urun\/dorian-grayin-portresi-2\/","title":{"rendered":"Dorian Gray&#8217;in Portresi"},"content":{"rendered":"<p>Oscar Wilde\u2019\u0131n 1890\u2019da yay\u0131mlanan bu sars\u0131c\u0131 roman\u0131 modern insan\u0131n karanl\u0131k taraflar\u0131na bakmakta. Dorian Gray portresi yap\u0131ld\u0131\u011f\u0131nda, kendi ola\u011fan\u00fcst\u00fc g\u00fczelli\u011finin b\u00fcy\u00fcs\u00fcne kap\u0131l\u0131r. D\u00fcnyan\u0131n g\u00fczelliklerini ya\u015famaktan yorgun d\u00fc\u015fm\u00fc\u015f, giderek ya\u015flan\u0131p \u00e7\u00f6kmekte olan arkada\u015f\u0131 Lord Henry Wotton\u2019un tahrik edici k\u0131\u015fk\u0131rtmalar\u0131yla daima g\u00fczel ve gen\u00e7 kalmaya b\u00fcy\u00fck bir istek duymaya ba\u015flar; onun taraf\u0131ndan ruhunun gen\u00e7 kalmas\u0131yla d\u0131\u015f g\u00f6r\u00fcn\u00fc\u015f\u00fcn\u00fcn de gen\u00e7 kalaca\u011f\u0131na inand\u0131r\u0131l\u0131r. Bir devrin kapan\u0131\u015f\u0131 olan on dokuzuncu y\u00fczy\u0131l sonlar\u0131nda Ressam Basil Hallward\u2019\u0131n st\u00fcdyosunda ba\u015flayan roman Londra\u2019n\u0131n en do\u011fusundaki afyon ve uyu\u015fturucu batakhanelerine kadar uzan\u0131r. Ressam da kendi yapt\u0131\u011f\u0131 portreden \u00fcrker, garip bir \u00e7ekingenlik ruhunu kas\u0131p kavurur: Ressam, sanat\u0131nda yans\u0131tt\u0131\u011f\u0131 zarif ve yak\u0131\u015f\u0131kl\u0131 fig\u00fcre bakarken y\u00fcz\u00fcn\u00fc bir zevk g\u00fcl\u00fcmsemesi yalad\u0131 ve sanki bir s\u00fcre orada oyalanmak istedi. Ancak birden irkilerek do\u011fruldu, uyan\u0131p yitirmekten korktu\u011fu tuhaf bir d\u00fc\u015f\u00fc beyninin i\u00e7inde hapsetmek istercesine g\u00f6zlerini yumup parmak u\u00e7lar\u0131n\u0131 g\u00f6z kapaklar\u0131n\u0131n \u00fczerine bast\u0131rd\u0131. <\/p>\n","protected":false},"excerpt":{"rendered":"<p>Oscar Wilde\u2019\u0131n 1890\u2019da yay\u0131mlanan bu sars\u0131c\u0131 roman\u0131 modern insan\u0131n karanl\u0131k taraflar\u0131na bakmakta. Dorian Gray portresi yap\u0131ld\u0131\u011f\u0131nda, kendi ola\u011fan\u00fcst\u00fc g\u00fczelli\u011finin b\u00fcy\u00fcs\u00fcne kap\u0131l\u0131r. D\u00fcnyan\u0131n g\u00fczelliklerini ya\u015famaktan yorgun d\u00fc\u015fm\u00fc\u015f,<span class=\"excerpt-hellip\"> [\u2026]<\/span><\/p>\n","protected":false},"featured_media":0,"template":"","meta":{"_monsterinsights_skip_tracking":false,"_monsterinsights_sitenote_active":false,"_monsterinsights_sitenote_note":"","_monsterinsights_sitenote_category":0},"product_brand":[],"product_cat":[12291,12866],"product_tag":[],"class_list":{"0":"post-706544","1":"product","2":"type-product","3":"status-publish","5":"product_cat-edebiyat","6":"product_cat-ingiliz-edebiyati","7":"pa_cilt-ciltsiz","8":"pa_tur-kitap","9":"pa_yayinevi-ayrinti-yayinlari","10":"pa_yazar-oscar-wilde","12":"first","13":"instock","14":"sale","15":"shipping-taxable","16":"purchasable","17":"product-type-simple"},"_links":{"self":[{"href":"https:\/\/roveyayinevi.com.tr\/index.php\/wp-json\/wp\/v2\/product\/706544","targetHints":{"allow":["GET"]}}],"collection":[{"href":"https:\/\/roveyayinevi.com.tr\/index.php\/wp-json\/wp\/v2\/product"}],"about":[{"href":"https:\/\/roveyayinevi.com.tr\/index.php\/wp-json\/wp\/v2\/types\/product"}],"wp:attachment":[{"href":"https:\/\/roveyayinevi.com.tr\/index.php\/wp-json\/wp\/v2\/media?parent=706544"}],"wp:term":[{"taxonomy":"product_brand","embeddable":true,"href":"https:\/\/roveyayinevi.com.tr\/index.php\/wp-json\/wp\/v2\/product_brand?post=706544"},{"taxonomy":"product_cat","embeddable":true,"href":"https:\/\/roveyayinevi.com.tr\/index.php\/wp-json\/wp\/v2\/product_cat?post=706544"},{"taxonomy":"product_tag","embeddable":true,"href":"https:\/\/roveyayinevi.com.tr\/index.php\/wp-json\/wp\/v2\/product_tag?post=706544"}],"curies":[{"name":"wp","href":"https:\/\/api.w.org\/{rel}","templated":true}]}}