{"id":706543,"date":"2025-08-27T15:57:03","date_gmt":"2025-08-27T12:57:03","guid":{"rendered":"https:\/\/roveyayinevi.com.tr\/index.php\/urun\/gece-gunduzu-dusluyor\/"},"modified":"2026-04-16T02:15:03","modified_gmt":"2026-04-15T23:15:03","slug":"gece-gunduzu-dusluyor","status":"publish","type":"product","link":"https:\/\/roveyayinevi.com.tr\/index.php\/urun\/gece-gunduzu-dusluyor\/","title":{"rendered":"Gece G\u00fcnd\u00fcz\u00fc D\u00fc\u015fl\u00fcyor"},"content":{"rendered":"<p>Sune, bir g\u00f6\u00e7ebedir; ancak bildi\u011fimiz g\u00f6\u00e7ebelerden \u00e7ok farkl\u0131 bir g\u00f6\u00e7ebe. \u00c7ad\u0131r\u0131 yok, birlikte hareket etti\u011fi a\u015fireti yok, s\u0131rt \u00e7antas\u0131 yok, plan\u0131 program\u0131 yok, gece g\u00fcnd\u00fcz da\u011flarda, ormanlarda dur durak bilmeksizin yapayaln\u0131z y\u00fcr\u00fcyor. Ba\u015f\u0131n\u0131 bir \u00e7at\u0131 alt\u0131na sokmas\u0131 gerekti\u011fi zamanlarda mevsim gere\u011fi kullan\u0131lmayan da\u011f evleri ya da yazl\u0131k kul\u00fcbelerinden birini, en uzakta ve ula\u015f\u0131lmas\u0131 en zor olan\u0131n\u0131 se\u00e7iyor. \u0130lk tercih olarak gizlenmi\u015f anahtar\u0131 ar\u0131yor, anahtar\u0131 bulamazsa kilidi veya k\u00fc\u00e7\u00fck bir cam\u0131 k\u0131rarak i\u00e7eri giriyor ve bir s\u00fcreli\u011fine buras\u0131 Sune\u2019 nin mek\u00e2n\u0131 oluyor. Sune \u00e7al\u0131yor ama bir h\u0131rs\u0131z de\u011fil&#8230; Kul\u00fcbelerde buldu\u011fu konservelerden, peksimetlerden yiyor, sobada ate\u015f yak\u0131p \u0131s\u0131n\u0131yor, giysiler temin ediyor ihtiyac\u0131na g\u00f6re&#8230; Ancak odun kesip b\u0131rakmak ya da kul\u00fcbenin boyas\u0131 d\u00f6k\u00fclm\u00fc\u015f duvar\u0131n\u0131 boyamak, k\u0131rd\u0131\u011f\u0131 cam\u0131 tamir etmek gibi baz\u0131 ilkeleri var. Sune, yaln\u0131zl\u0131\u011f\u0131n\u0131 korumak i\u00e7in yollara d\u00fc\u015fm\u00fc\u015f ne var ki s\u00fcre\u00e7 i\u00e7inde t\u0131pk\u0131 kendisi gibi toplumun k\u0131y\u0131s\u0131nda ya\u015famay\u0131 se\u00e7mi\u015f eski hippiler, motosikletliler, ayk\u0131r\u0131 sanat\u00e7\u0131lar, kaybetmi\u015f idealistlerden olu\u015fan bir grubun ili\u015fkiler a\u011f\u0131na tak\u0131l\u0131yor. Ve bir gece orman\u0131n karanl\u0131\u011f\u0131ndan yaral\u0131 bir kad\u0131n \u00e7\u0131k\u0131yor Sune\u2019 nin kar\u015f\u0131s\u0131na. Kad\u0131ndan kurtulma \u00e7abalar\u0131 sonu\u00e7suz kal\u0131nca iki ayk\u0131r\u0131, iki yaln\u0131z, Sune ve g\u00f6lgesi olarak devam ediyor bu y\u00fcr\u00fcy\u00fc\u015f&#8230; \ufffcTan\u0131t\u0131m Metni<\/p>\n","protected":false},"excerpt":{"rendered":"<p>Sune, bir g\u00f6\u00e7ebedir; ancak bildi\u011fimiz g\u00f6\u00e7ebelerden \u00e7ok farkl\u0131 bir g\u00f6\u00e7ebe. \u00c7ad\u0131r\u0131 yok, birlikte hareket etti\u011fi a\u015fireti yok, s\u0131rt \u00e7antas\u0131 yok, plan\u0131 program\u0131 yok, gece g\u00fcnd\u00fcz da\u011flarda,<span class=\"excerpt-hellip\"> [\u2026]<\/span><\/p>\n","protected":false},"featured_media":0,"template":"","meta":{"_monsterinsights_skip_tracking":false,"_monsterinsights_sitenote_active":false,"_monsterinsights_sitenote_note":"","_monsterinsights_sitenote_category":0},"product_brand":[],"product_cat":[12291,12711],"product_tag":[],"class_list":{"0":"post-706543","1":"product","2":"type-product","3":"status-publish","5":"product_cat-edebiyat","6":"product_cat-roman-oyku","7":"pa_cilt-ciltsiz","8":"pa_tur-kitap","9":"pa_yayinevi-ayrinti-yayinlari","10":"pa_yazar-ingvar-ambjornsen","12":"first","13":"instock","14":"sale","15":"shipping-taxable","16":"purchasable","17":"product-type-simple"},"_links":{"self":[{"href":"https:\/\/roveyayinevi.com.tr\/index.php\/wp-json\/wp\/v2\/product\/706543","targetHints":{"allow":["GET"]}}],"collection":[{"href":"https:\/\/roveyayinevi.com.tr\/index.php\/wp-json\/wp\/v2\/product"}],"about":[{"href":"https:\/\/roveyayinevi.com.tr\/index.php\/wp-json\/wp\/v2\/types\/product"}],"wp:attachment":[{"href":"https:\/\/roveyayinevi.com.tr\/index.php\/wp-json\/wp\/v2\/media?parent=706543"}],"wp:term":[{"taxonomy":"product_brand","embeddable":true,"href":"https:\/\/roveyayinevi.com.tr\/index.php\/wp-json\/wp\/v2\/product_brand?post=706543"},{"taxonomy":"product_cat","embeddable":true,"href":"https:\/\/roveyayinevi.com.tr\/index.php\/wp-json\/wp\/v2\/product_cat?post=706543"},{"taxonomy":"product_tag","embeddable":true,"href":"https:\/\/roveyayinevi.com.tr\/index.php\/wp-json\/wp\/v2\/product_tag?post=706543"}],"curies":[{"name":"wp","href":"https:\/\/api.w.org\/{rel}","templated":true}]}}