{"id":706541,"date":"2025-08-27T15:57:02","date_gmt":"2025-08-27T12:57:02","guid":{"rendered":"https:\/\/roveyayinevi.com.tr\/index.php\/urun\/alman-sosyolojisinin-felsefi-tarihi\/"},"modified":"2026-04-16T02:15:02","modified_gmt":"2026-04-15T23:15:02","slug":"alman-sosyolojisinin-felsefi-tarihi","status":"publish","type":"product","link":"https:\/\/roveyayinevi.com.tr\/index.php\/urun\/alman-sosyolojisinin-felsefi-tarihi\/","title":{"rendered":"Alman Sosyolojisinin Felsefi Tarihi"},"content":{"rendered":"<p>Alman Sosyolojisinin Felsef\u00ee Tarihi, sosyolojinin kurucu babalar\u0131ndan (Marx, Simmel, Weber) ba\u015flayarak Lukacs arac\u0131l\u0131\u011f\u0131yla Frankfurt Okulu\u2019na (Horkheimer, Adorno, Habermas) dek uzanan ele\u015ftirel teorinin sistematik bir yeniden-in\u015fas\u0131n\u0131 sunuyor. Yabanc\u0131la\u015fma, rasyonelle\u015fme ve \u015feyle\u015fme teorilerini derinlemesine analiz eden Vandenberghe, sadece tahakk\u00fcm\u00fcn ger\u00e7ekli\u011fine \u0131\u015f\u0131k tutmakla kalmay\u0131p \u00f6zg\u00fcrle\u015fimin olas\u0131 yollar\u0131n\u0131 da ayd\u0131nlatacak olan, bug\u00fcne dair ele\u015ftirel bir teorinin metateorik \u00f6nvarsay\u0131mlar\u0131n\u0131 soru\u015fturuyor.Elinizdeki T\u00fcrk\u00e7e bask\u0131ya \u00f6zel kaleme ald\u0131\u011f\u0131 notta Benhabib\u2019in belirtti\u011fi \u00fczere: \u201cKarl Marx ve Max Weber\u2019den Frankfurt Okulu ve J\u00fcrgen Habermas\u2019a Alman Sosyal Teorisi\u2019nin evrimini, \u015feyle\u015fme kavram\u0131n\u0131 merkeze alarak inceleyen kapsay\u0131c\u0131 ve g\u00fcvenilir bir giri\u015f \u00e7al\u0131\u015fmas\u0131. \u00d6\u011fretici ve ufuk a\u00e7\u0131c\u0131.\u201dFrederic Vandenberghe\u2019nin bu \u00e7al\u0131\u015fmas\u0131, Ele\u015ftirel Teori gelene\u011finin titiz ve kapsaml\u0131 bir izahat\u0131n\u0131 sunmaktad\u0131r. Konuya dair bug\u00fcne dek \u00fcretilmi\u015f en iyi katk\u0131 oldu\u011funu hi\u00e7 teredd\u00fct etmeksizin s\u00f6yleyebilirim. Bilhassa Habermas\u2019\u0131 konu alan k\u0131s\u0131m, b\u00fcy\u00fck bir \u00e7a\u011fda\u015f filozofun d\u00fc\u015f\u00fcncesinin geli\u015fimindeki temel evrelerin ayr\u0131nt\u0131l\u0131 ve hayli \u00f6zg\u00fcn bir yorumunu sunuyor. <\/p>\n","protected":false},"excerpt":{"rendered":"<p>Alman Sosyolojisinin Felsef\u00ee Tarihi, sosyolojinin kurucu babalar\u0131ndan (Marx, Simmel, Weber) ba\u015flayarak Lukacs arac\u0131l\u0131\u011f\u0131yla Frankfurt Okulu\u2019na (Horkheimer, Adorno, Habermas) dek uzanan ele\u015ftirel teorinin sistematik bir yeniden-in\u015fas\u0131n\u0131 sunuyor.<span class=\"excerpt-hellip\"> [\u2026]<\/span><\/p>\n","protected":false},"featured_media":0,"template":"","meta":{"_monsterinsights_skip_tracking":false,"_monsterinsights_sitenote_active":false,"_monsterinsights_sitenote_note":"","_monsterinsights_sitenote_category":0},"product_brand":[],"product_cat":[12388,14717],"product_tag":[],"class_list":{"0":"post-706541","1":"product","2":"type-product","3":"status-publish","5":"product_cat-felsefe","6":"product_cat-felsefe-tarihi","7":"pa_cilt-ciltsiz","8":"pa_tur-kitap","9":"pa_yayinevi-ayrinti-yayinlari","10":"pa_yazar-frederic-vandenberghe","12":"first","13":"instock","14":"sale","15":"shipping-taxable","16":"purchasable","17":"product-type-simple"},"_links":{"self":[{"href":"https:\/\/roveyayinevi.com.tr\/index.php\/wp-json\/wp\/v2\/product\/706541","targetHints":{"allow":["GET"]}}],"collection":[{"href":"https:\/\/roveyayinevi.com.tr\/index.php\/wp-json\/wp\/v2\/product"}],"about":[{"href":"https:\/\/roveyayinevi.com.tr\/index.php\/wp-json\/wp\/v2\/types\/product"}],"wp:attachment":[{"href":"https:\/\/roveyayinevi.com.tr\/index.php\/wp-json\/wp\/v2\/media?parent=706541"}],"wp:term":[{"taxonomy":"product_brand","embeddable":true,"href":"https:\/\/roveyayinevi.com.tr\/index.php\/wp-json\/wp\/v2\/product_brand?post=706541"},{"taxonomy":"product_cat","embeddable":true,"href":"https:\/\/roveyayinevi.com.tr\/index.php\/wp-json\/wp\/v2\/product_cat?post=706541"},{"taxonomy":"product_tag","embeddable":true,"href":"https:\/\/roveyayinevi.com.tr\/index.php\/wp-json\/wp\/v2\/product_tag?post=706541"}],"curies":[{"name":"wp","href":"https:\/\/api.w.org\/{rel}","templated":true}]}}