{"id":706539,"date":"2025-08-27T15:57:01","date_gmt":"2025-08-27T12:57:01","guid":{"rendered":"https:\/\/roveyayinevi.com.tr\/index.php\/urun\/brillo-kutusu\/"},"modified":"2026-04-16T02:15:02","modified_gmt":"2026-04-15T23:15:02","slug":"brillo-kutusu","status":"publish","type":"product","link":"https:\/\/roveyayinevi.com.tr\/index.php\/urun\/brillo-kutusu\/","title":{"rendered":"Brillo Kutusu"},"content":{"rendered":"<p>Arthur Danto bu kitapta Andy Warhol\u2019un 1964 tarihli Brillo Kutusu\u2019nun, Bat\u0131 sanat\u0131n\u0131n m\u00fcesses nizam ve gidi\u015fat\u0131n\u0131 sona erdirip, sanat\u0131n icra, idrak ve te\u015fhir edilme bi\u00e7imini de\u011fi\u015ftiren bir \u00e7o\u011fulculuk anlay\u0131\u015f\u0131na \u00f6nc\u00fcl\u00fck etti\u011fini savunuyor. Fevkalade ufuk a\u00e7\u0131c\u0131 ve bir hayli k\u0131\u015fk\u0131rt\u0131c\u0131 nitelikteki makalelerinde Danto, \u00e7e\u015fitli sanat yakla\u015f\u0131mlar\u0131n\u0131n ve bunlar\u0131n sonucu olarak geli\u015fmi\u015f olan tarihsel anlat\u0131lar\u0131n farkl\u0131 k\u00fclt\u00fcrler kar\u015f\u0131s\u0131nda ne \u015fekilde de\u011fi\u015fime u\u011frad\u0131klar\u0131n\u0131 konu ediyor. Bununla kalmay\u0131p, sans\u00fcr ve sanat\u00e7\u0131lara y\u00f6nelik devlet deste\u011fi de dahil olmak \u00fczere g\u00fcn\u00fcm\u00fcz sanat\u0131n\u0131n en tart\u0131\u015fmal\u0131 konular\u0131n\u0131n \u00fczerine gidiyor. Arthur C. Danto Johnsonian Emeritus \u00fcnvan\u0131 ile C olumbia \u00dcniversitesi\u2019nde Felsefe Profess\u00f6rl\u00fc\u011f\u00fc yapm\u0131\u015f, The Nation dergisinde sanat ele\u015ftirileri yazm\u0131\u015ft\u0131r. 1990 y\u0131l\u0131nda National Book Critics Circle taraf\u0131ndan en iyi ele\u015ftiri eser \u00f6d\u00fcl\u00fcne lay\u0131k g\u00f6r\u00fclm\u00fc\u015ft\u00fcr.Arthur Danto Amerika\u2019n\u0131n en radikal sanat yazar\u0131 \u2013 radikal \u00e7\u00fcnk\u00fc, dili a\u00e7\u0131k ve d\u00fcr\u00fcst, g\u00fcn\u00fcn modas\u0131na kar\u015f\u0131 kay\u0131ts\u0131z ve sanata g\u00f6n\u00fclden a\u015f\u0131k.Richard Sennett\u00d6zenli, trend kar\u015f\u0131t\u0131 ve harikulade bir \u015fekilde anla\u015f\u0131l\u0131r\u2026 Danto, \u00e7a\u011f\u0131m\u0131z\u0131n en ilgi \u00e7ekici ve \u00f6nemli ele\u015ftirmenlerinden biri.Bruce Barcott, Seattle WeeklyKonu Amerika\u2019da sanat ele\u015ftirmeli\u011fi olunca Arthur C. Danto rakipsiz\u2026 konuyla ilgili b\u00fct\u00fcn fikir insanlar\u0131 taraf\u0131ndan ilk i\u015f olarak okunmas\u0131 gereken bir \u00e7a\u011fda\u015f sanat d\u00fc\u015f\u00fcn\u00fcr\u00fc.Carlin Romano, Philedelphia InquirerDanto\u2019nun serseri zek\u00e2s\u0131 kitab\u0131 herkes i\u00e7in s\u00fcr\u00fckleyici bir hale getiriyor. Sanat\u0131n felsefeye d\u00f6n\u00fc\u015ft\u00fc\u011f\u00fc \u00e7a\u011f\u0131m\u0131zda Danto, zaman zaman \u015fiiri and\u0131ran bir ele\u015ftiri \u00f6rne\u011fine imza at\u0131yor.Nicholas Jenkins, New York NewsdayDanto g\u00fcncel k\u00fclt\u00fcr s\u00f6z konusu oldu\u011funda en s\u0131k kar\u015f\u0131la\u015ft\u0131\u011f\u0131m\u0131z hususlardan birine dair zengin yorumlar\u0131n\u0131 sunuyor.Thomas West, Washington Post Book World <\/p>\n","protected":false},"excerpt":{"rendered":"<p>Arthur Danto bu kitapta Andy Warhol\u2019un 1964 tarihli Brillo Kutusu\u2019nun, Bat\u0131 sanat\u0131n\u0131n m\u00fcesses nizam ve gidi\u015fat\u0131n\u0131 sona erdirip, sanat\u0131n icra, idrak ve te\u015fhir edilme bi\u00e7imini de\u011fi\u015ftiren<span class=\"excerpt-hellip\"> [\u2026]<\/span><\/p>\n","protected":false},"featured_media":0,"template":"","meta":{"_monsterinsights_skip_tracking":false,"_monsterinsights_sitenote_active":false,"_monsterinsights_sitenote_note":"","_monsterinsights_sitenote_category":0},"product_brand":[],"product_cat":[13548,12408],"product_tag":[],"class_list":{"0":"post-706539","1":"product","2":"type-product","3":"status-publish","5":"product_cat-kuram","6":"product_cat-sanat","7":"pa_cilt-ciltsiz","8":"pa_tur-kitap","9":"pa_yayinevi-ayrinti-yayinlari","10":"pa_yazar-arthur-c-danto","12":"first","13":"instock","14":"sale","15":"shipping-taxable","16":"purchasable","17":"product-type-simple"},"_links":{"self":[{"href":"https:\/\/roveyayinevi.com.tr\/index.php\/wp-json\/wp\/v2\/product\/706539","targetHints":{"allow":["GET"]}}],"collection":[{"href":"https:\/\/roveyayinevi.com.tr\/index.php\/wp-json\/wp\/v2\/product"}],"about":[{"href":"https:\/\/roveyayinevi.com.tr\/index.php\/wp-json\/wp\/v2\/types\/product"}],"wp:attachment":[{"href":"https:\/\/roveyayinevi.com.tr\/index.php\/wp-json\/wp\/v2\/media?parent=706539"}],"wp:term":[{"taxonomy":"product_brand","embeddable":true,"href":"https:\/\/roveyayinevi.com.tr\/index.php\/wp-json\/wp\/v2\/product_brand?post=706539"},{"taxonomy":"product_cat","embeddable":true,"href":"https:\/\/roveyayinevi.com.tr\/index.php\/wp-json\/wp\/v2\/product_cat?post=706539"},{"taxonomy":"product_tag","embeddable":true,"href":"https:\/\/roveyayinevi.com.tr\/index.php\/wp-json\/wp\/v2\/product_tag?post=706539"}],"curies":[{"name":"wp","href":"https:\/\/api.w.org\/{rel}","templated":true}]}}