{"id":706538,"date":"2025-08-27T15:57:01","date_gmt":"2025-08-27T12:57:01","guid":{"rendered":"https:\/\/roveyayinevi.com.tr\/index.php\/urun\/deniz-deniz\/"},"modified":"2026-04-08T02:20:01","modified_gmt":"2026-04-07T23:20:01","slug":"deniz-deniz","status":"publish","type":"product","link":"https:\/\/roveyayinevi.com.tr\/index.php\/urun\/deniz-deniz\/","title":{"rendered":"Deniz Deniz"},"content":{"rendered":"<p>Deniz Deniz\u2019in ana karakteri Charles Arrowby, g\u00fcn\u00fcn birinde deniz k\u0131y\u0131s\u0131nda bir evde inzivaya \u00e7ekilmeye karar vermi\u015f, ya\u015flanmakta olan \u00fcnl\u00fc bir tiyatrocudur. Prospero Sendromu denen bir dertten mustariptir: Bir akt\u00f6r olarak ilgi uyand\u0131ran bir karakterdir; yaln\u0131zca seyirci a\u00e7\u0131s\u0131ndan de\u011fil, meslekta\u015flar\u0131 a\u00e7\u0131s\u0131ndan da. Art\u0131k, diye d\u00fc\u015f\u00fcn\u00fcr Arrowby, g\u00fc\u00e7lerine teslim olman\u0131n; inzivada k\u00e2milce, do\u011fayla uyum i\u00e7inde ya\u015faman\u0131n, y\u00fczerek ve y\u00fcr\u00fcyerek, basit ama eksantrik yemekler haz\u0131rlayarak, hayat ve ge\u00e7mi\u015f \u00fczerine d\u00fc\u015f\u00fcnerek bir g\u00fcnl\u00fck\/an\u0131\/roman yazman\u0131n (yazd\u0131klar\u0131n\u0131n ne olaca\u011f\u0131na bir t\u00fcrl\u00fc karar veremez) s\u0131ras\u0131d\u0131r. Kalk\u0131\u015ft\u0131\u011f\u0131 i\u015fi de\u011ferlendirirken utanga\u00e7\u00e7a edebi ve teatraldir: \ufffcTan\u0131t\u0131m Metni<\/p>\n","protected":false},"excerpt":{"rendered":"<p>Deniz Deniz\u2019in ana karakteri Charles Arrowby, g\u00fcn\u00fcn birinde deniz k\u0131y\u0131s\u0131nda bir evde inzivaya \u00e7ekilmeye karar vermi\u015f, ya\u015flanmakta olan \u00fcnl\u00fc bir tiyatrocudur. Prospero Sendromu denen bir dertten<span class=\"excerpt-hellip\"> [\u2026]<\/span><\/p>\n","protected":false},"featured_media":0,"template":"","meta":{"_monsterinsights_skip_tracking":false,"_monsterinsights_sitenote_active":false,"_monsterinsights_sitenote_note":"","_monsterinsights_sitenote_category":0},"product_brand":[],"product_cat":[12291,12711],"product_tag":[],"class_list":{"0":"post-706538","1":"product","2":"type-product","3":"status-publish","5":"product_cat-edebiyat","6":"product_cat-roman-oyku","7":"pa_cilt-ciltsiz","8":"pa_tur-kitap","9":"pa_yayinevi-ayrinti-yayinlari","10":"pa_yazar-iris-murdoch","12":"first","13":"instock","14":"sale","15":"shipping-taxable","16":"purchasable","17":"product-type-simple"},"_links":{"self":[{"href":"https:\/\/roveyayinevi.com.tr\/index.php\/wp-json\/wp\/v2\/product\/706538","targetHints":{"allow":["GET"]}}],"collection":[{"href":"https:\/\/roveyayinevi.com.tr\/index.php\/wp-json\/wp\/v2\/product"}],"about":[{"href":"https:\/\/roveyayinevi.com.tr\/index.php\/wp-json\/wp\/v2\/types\/product"}],"wp:attachment":[{"href":"https:\/\/roveyayinevi.com.tr\/index.php\/wp-json\/wp\/v2\/media?parent=706538"}],"wp:term":[{"taxonomy":"product_brand","embeddable":true,"href":"https:\/\/roveyayinevi.com.tr\/index.php\/wp-json\/wp\/v2\/product_brand?post=706538"},{"taxonomy":"product_cat","embeddable":true,"href":"https:\/\/roveyayinevi.com.tr\/index.php\/wp-json\/wp\/v2\/product_cat?post=706538"},{"taxonomy":"product_tag","embeddable":true,"href":"https:\/\/roveyayinevi.com.tr\/index.php\/wp-json\/wp\/v2\/product_tag?post=706538"}],"curies":[{"name":"wp","href":"https:\/\/api.w.org\/{rel}","templated":true}]}}