{"id":706537,"date":"2025-08-27T15:57:00","date_gmt":"2025-08-27T12:57:00","guid":{"rendered":"https:\/\/roveyayinevi.com.tr\/index.php\/urun\/calisma-dusuncesi\/"},"modified":"2026-04-16T02:15:02","modified_gmt":"2026-04-15T23:15:02","slug":"calisma-dusuncesi","status":"publish","type":"product","link":"https:\/\/roveyayinevi.com.tr\/index.php\/urun\/calisma-dusuncesi\/","title":{"rendered":"\u00c7al\u0131\u015fma D\u00fc\u015f\u00fcncesi"},"content":{"rendered":"<p>\u201cAyd\u0131nl\u0131kta saklanmak\u201d tabiri, her an kar\u015f\u0131 kar\u015f\u0131ya bulundu\u011fumuz, s\u00fcrekli g\u00f6z\u00fcm\u00fcz\u00fcn \u00f6n\u00fcnde tekrarlanan, a\u015fina oldu\u011fumuz \u015feylerin, durumlar\u0131n dikkatimizi \u00e7ekmeyece\u011fini ve dolay\u0131s\u0131yla bizlere \u201cg\u00f6r\u00fcnmez\u201d olaca\u011f\u0131n\u0131 ima eder. \u201c\u00c7al\u0131\u015fma\u201d eylemi de t\u0131pk\u0131 bu her an tan\u0131k oldu\u011fumuz ancak s\u00fcrekli a\u015fina olma durumundan dolay\u0131 fazla dikkat \u00e7ekmeyen eylemlerden biri. \u00c7al\u0131\u015fman\u0131n insanl\u0131k tarihi kadar gerilere giden bir ge\u00e7mi\u015fi var. Ancak modern sanayi toplumlar\u0131nda sosyalle\u015fenler olarak \u00e7al\u0131\u015fma kavray\u0131\u015f\u0131m\u0131z, ana ak\u0131m iktisat \u00f6\u011fretisinin \u201cistihdam\u201d ile e\u015f bir bi\u00e7imde tan\u0131mlad\u0131\u011f\u0131 \u00e7al\u0131\u015fma kavray\u0131\u015f\u0131yla s\u0131n\u0131rl\u0131d\u0131r. Bu bak\u0131mdan emek piyasalar\u0131nda \u00fccret kar\u015f\u0131l\u0131\u011f\u0131nda yap\u0131lan eylemler d\u0131\u015f\u0131ndaki \u00e7ok geni\u015f bir eylemler alan\u0131n\u0131 \u00e7al\u0131\u015fma tan\u0131mlamas\u0131n\u0131n d\u0131\u015f\u0131nda g\u00f6rme e\u011filimi olduk\u00e7a yayg\u0131nd\u0131r. Ancak John W. Budd, \u00c7al\u0131\u015fma D\u00fc\u015f\u00fcncesi\u2019nde \u00e7al\u0131\u015fma ile ilgili son derece geni\u015f bir anlam alan\u0131 sunarak bizleri bu dar \u00e7al\u0131\u015fma kavray\u0131\u015f\u0131n\u0131n \u00f6tesine g\u00f6t\u00fcr\u00fcyor. Budd, bu kitapta \u00e7al\u0131\u015fma ile ilgili birbirinden farkl\u0131 ama elbette birbirinden kopuk olmayan on kavramla\u015ft\u0131rmay\u0131 kullanarak, g\u00fcndelik ya\u015fam\u0131m\u0131zda her an kar\u015f\u0131 kar\u015f\u0131ya bulundu\u011fumuz \u00e7al\u0131\u015fma eyleminin ne denli geni\u015f ve derinlikli bir anlama sahip olabilece\u011fini ve \u00e7al\u0131\u015fman\u0131n, \u00fczerinde \u00e7ok\u00e7a d\u00fc\u015f\u00fcn\u00fclmeyi hak eden bir kavram oldu\u011funu g\u00f6stermektedir. Dolay\u0131s\u0131yla bu kitap, \u00e7al\u0131\u015fman\u0131n emek piyasalar\u0131ndaki \u201cistihdam\u201ddan \u00e7ok daha fazlas\u0131 oldu\u011funu g\u00f6stermenin yan\u0131 s\u0131ra, bunun entelekt\u00fcel bir \u00e7abadan \u00f6te bir anlam ta\u015f\u0131d\u0131\u011f\u0131n\u0131 da ortaya koymaktad\u0131r. \u00c7\u00fcnk\u00fc konumumuza ba\u011fl\u0131 olarak \u00f6rne\u011fin \u0130\u015f Mahkemesi H\u00e2kimi veya Belediye Ba\u015fkan\u0131 olarak sahip oldu\u011fumuz \u00e7al\u0131\u015fma kavray\u0131\u015f\u0131, verece\u011fimiz kararlar\u0131 da do\u011frudan etkileyecek ve bunun somut kar\u015f\u0131l\u0131\u011f\u0131 olacakt\u0131r. \ufffcTan\u0131t\u0131m Metni<\/p>\n","protected":false},"excerpt":{"rendered":"<p>\u201cAyd\u0131nl\u0131kta saklanmak\u201d tabiri, her an kar\u015f\u0131 kar\u015f\u0131ya bulundu\u011fumuz, s\u00fcrekli g\u00f6z\u00fcm\u00fcz\u00fcn \u00f6n\u00fcnde tekrarlanan, a\u015fina oldu\u011fumuz \u015feylerin, durumlar\u0131n dikkatimizi \u00e7ekmeyece\u011fini ve dolay\u0131s\u0131yla bizlere \u201cg\u00f6r\u00fcnmez\u201d olaca\u011f\u0131n\u0131 ima eder. \u201c\u00c7al\u0131\u015fma\u201d<span class=\"excerpt-hellip\"> [\u2026]<\/span><\/p>\n","protected":false},"featured_media":0,"template":"","meta":{"_monsterinsights_skip_tracking":false,"_monsterinsights_sitenote_active":false,"_monsterinsights_sitenote_note":"","_monsterinsights_sitenote_category":0},"product_brand":[],"product_cat":[12777,12291],"product_tag":[],"class_list":{"0":"post-706537","1":"product","2":"type-product","3":"status-publish","5":"product_cat-deneme","6":"product_cat-edebiyat","7":"pa_cilt-ciltsiz","8":"pa_tur-kitap","9":"pa_yayinevi-ayrinti-yayinlari","10":"pa_yazar-john-w-budd","12":"first","13":"instock","14":"sale","15":"shipping-taxable","16":"purchasable","17":"product-type-simple"},"_links":{"self":[{"href":"https:\/\/roveyayinevi.com.tr\/index.php\/wp-json\/wp\/v2\/product\/706537","targetHints":{"allow":["GET"]}}],"collection":[{"href":"https:\/\/roveyayinevi.com.tr\/index.php\/wp-json\/wp\/v2\/product"}],"about":[{"href":"https:\/\/roveyayinevi.com.tr\/index.php\/wp-json\/wp\/v2\/types\/product"}],"wp:attachment":[{"href":"https:\/\/roveyayinevi.com.tr\/index.php\/wp-json\/wp\/v2\/media?parent=706537"}],"wp:term":[{"taxonomy":"product_brand","embeddable":true,"href":"https:\/\/roveyayinevi.com.tr\/index.php\/wp-json\/wp\/v2\/product_brand?post=706537"},{"taxonomy":"product_cat","embeddable":true,"href":"https:\/\/roveyayinevi.com.tr\/index.php\/wp-json\/wp\/v2\/product_cat?post=706537"},{"taxonomy":"product_tag","embeddable":true,"href":"https:\/\/roveyayinevi.com.tr\/index.php\/wp-json\/wp\/v2\/product_tag?post=706537"}],"curies":[{"name":"wp","href":"https:\/\/api.w.org\/{rel}","templated":true}]}}