{"id":706535,"date":"2025-08-27T15:56:59","date_gmt":"2025-08-27T12:56:59","guid":{"rendered":"https:\/\/roveyayinevi.com.tr\/index.php\/urun\/cinselligin-onemi\/"},"modified":"2026-04-16T02:15:02","modified_gmt":"2026-04-15T23:15:02","slug":"cinselligin-onemi","status":"publish","type":"product","link":"https:\/\/roveyayinevi.com.tr\/index.php\/urun\/cinselligin-onemi\/","title":{"rendered":"Cinselli\u011fin \u00d6nemi"},"content":{"rendered":"<p>\u201cCinsellik nerede?\u201d diye sorarak ba\u015fl\u0131yor kitaba Frans\u0131z seksolog Dr. Ghislaine Paris. Bir dan\u0131\u015fman karakteri yard\u0131m\u0131yla t\u00fcm dan\u0131\u015fanlar\u0131n\u0131n hik\u00e2yesinden bu sorunun cevab\u0131na giden ve herkes i\u00e7in \u00f6zel olan o yolun haritas\u0131n\u0131 nas\u0131l \u00e7izece\u011fimizi a\u00e7\u0131kl\u0131yor. Modern ya\u015fant\u0131lar\u0131m\u0131zda cinselli\u011fe hak etti\u011fi de\u011feri veriyor muyuz? Cinselli\u011fimizin ne kadar\u0131 bize, ne kadar\u0131 topluma ait? Toplumsal normlardan, tabulardan, din ve ahlak kurallar\u0131ndan kendini kurtarm\u0131\u015f bir cinsellik m\u00fcmk\u00fcn m\u00fc? \u00d6zg\u00fcr oldu\u011fumuzu sanarken ger\u00e7ekten \u00f6zg\u00fcr m\u00fcy\u00fcz? Cinsel \u00f6zg\u00fcrl\u00fck bir r\u00fcya m\u0131? S\u0131n\u0131rlar\u0131 olmad\u0131\u011f\u0131nda nas\u0131l olurdu cinsellik? Dr. G. Paris\u2019in sorular\u0131 bizi cinsellikle ilgili d\u00fc\u015f\u00fcncelerimizi yeniden g\u00f6zden ge\u00e7irmeye, kendi cinsel ya\u015fant\u0131m\u0131z\u0131 de\u011ferlendirmeye davet ediyor. Bu kitab\u0131 okuduktan sonra cinsellik s\u00f6z konusu oldu\u011funda bizim i\u00e7in de hi\u00e7bir \u015feyin eskisi gibi olmayaca\u011f\u0131 s\u00f6ylenebilir. \u015eimdi cinselli\u011finizi nas\u0131lsa \u00f6yle g\u00f6rmeye ve asl\u0131nda nas\u0131l olmas\u0131 gerekti\u011fini bilmeye haz\u0131r m\u0131s\u0131n\u0131z? Bu soruyu yan\u0131tlay\u0131n ve cevab\u0131n\u0131z \u201cevet\u201d ise derin bir nefes al\u0131p elinizdeki kitab\u0131 okumaya ba\u015flay\u0131n. Zira bu hayat\u0131n\u0131zda bir g\u00fcn mutlaka yapman\u0131z gereken ve ne kadar erken yaparsan\u0131z o kadar faydal\u0131 olacak bir y\u00fczle\u015fme.DR. GHISLAINE PARISFrans\u0131z seksolog doktor. Psikanaliz \u00fczerine uzmanla\u015fm\u0131\u015ft\u0131r ve uzun y\u0131llard\u0131r cinsel dan\u0131\u015fmanl\u0131k yapmaktad\u0131r. Pratikteki tecr\u00fcbelerinden yola \u00e7\u0131karak cinsellik \u00fczerine Un desir si fragile, L\u2019importance du sexuel kitaplar\u0131n\u0131 kaleme alm\u0131\u015ft\u0131r. H\u00e2l\u00e2 Paris\u2019teki muayenehanesinde cinsel terapist olarak \u00e7al\u0131\u015fmalar\u0131na devam etmektedir.<\/p>\n","protected":false},"excerpt":{"rendered":"<p>\u201cCinsellik nerede?\u201d diye sorarak ba\u015fl\u0131yor kitaba Frans\u0131z seksolog Dr. Ghislaine Paris. Bir dan\u0131\u015fman karakteri yard\u0131m\u0131yla t\u00fcm dan\u0131\u015fanlar\u0131n\u0131n hik\u00e2yesinden bu sorunun cevab\u0131na giden ve herkes i\u00e7in \u00f6zel<span class=\"excerpt-hellip\"> [\u2026]<\/span><\/p>\n","protected":false},"featured_media":0,"template":"","meta":{"_monsterinsights_skip_tracking":false,"_monsterinsights_sitenote_active":false,"_monsterinsights_sitenote_note":"","_monsterinsights_sitenote_category":0},"product_brand":[],"product_cat":[17502,13488],"product_tag":[],"class_list":{"0":"post-706535","1":"product","2":"type-product","3":"status-publish","5":"product_cat-cinsellik","6":"product_cat-toplum-ve-insan","7":"pa_cilt-ciltsiz","8":"pa_tur-kitap","9":"pa_yayinevi-ayrinti-yayinlari","10":"pa_yazar-ghislaine-paris","12":"first","13":"instock","14":"sale","15":"shipping-taxable","16":"purchasable","17":"product-type-simple"},"_links":{"self":[{"href":"https:\/\/roveyayinevi.com.tr\/index.php\/wp-json\/wp\/v2\/product\/706535","targetHints":{"allow":["GET"]}}],"collection":[{"href":"https:\/\/roveyayinevi.com.tr\/index.php\/wp-json\/wp\/v2\/product"}],"about":[{"href":"https:\/\/roveyayinevi.com.tr\/index.php\/wp-json\/wp\/v2\/types\/product"}],"wp:attachment":[{"href":"https:\/\/roveyayinevi.com.tr\/index.php\/wp-json\/wp\/v2\/media?parent=706535"}],"wp:term":[{"taxonomy":"product_brand","embeddable":true,"href":"https:\/\/roveyayinevi.com.tr\/index.php\/wp-json\/wp\/v2\/product_brand?post=706535"},{"taxonomy":"product_cat","embeddable":true,"href":"https:\/\/roveyayinevi.com.tr\/index.php\/wp-json\/wp\/v2\/product_cat?post=706535"},{"taxonomy":"product_tag","embeddable":true,"href":"https:\/\/roveyayinevi.com.tr\/index.php\/wp-json\/wp\/v2\/product_tag?post=706535"}],"curies":[{"name":"wp","href":"https:\/\/api.w.org\/{rel}","templated":true}]}}