{"id":706531,"date":"2025-08-27T15:56:58","date_gmt":"2025-08-27T12:56:58","guid":{"rendered":"https:\/\/roveyayinevi.com.tr\/index.php\/urun\/musluman-kardesler\/"},"modified":"2026-04-16T02:15:02","modified_gmt":"2026-04-15T23:15:02","slug":"musluman-kardesler","status":"publish","type":"product","link":"https:\/\/roveyayinevi.com.tr\/index.php\/urun\/musluman-kardesler\/","title":{"rendered":"M\u00fcsl\u00fcman Karde\u015fler"},"content":{"rendered":"<p>Bu kitap, \u0130hvan&#8217;\u0131n M\u0131s\u0131r&#8217;da 1928&#8217;de ortaya \u00e7\u0131k\u0131\u015f\u0131ndan itibaren ana ak\u0131m siyasete dahil olu\u015funun evrimini inceliyor. Kitap, hareketin ama\u00e7lar\u0131 ve stratejilerini analiz ediyor. Sonras\u0131nda da \u0130hvan&#8217;\u0131n neden Arap Bahar\u0131 \u00f6ncesinde at\u0131ll\u0131\u011fa d\u00fc\u015ferek geleneklerinin ve ge\u00e7mi\u015finin \u00f6tesine ge\u00e7emedi\u011fini ya da anlaml\u0131 bir \u015fekilde reform ger\u00e7ekle\u015ftirmeyi ba\u015faramad\u0131\u011f\u0131n\u0131 de\u011ferlendiriyor. Ayn\u0131 zamanda hareketin Arap Bahar\u0131&#8217;na nas\u0131l tepki verdi\u011fini ve M\u0131s\u0131r \u00f6rne\u011finde iktidara nas\u0131l y\u00f6neldi\u011fini tahlil ediyor. Ulusal ve uluslararas\u0131 meseleler aras\u0131nda Kahire&#8217;deki ana merkez ile ulus\u00f6tesi hareketin geri kalan\u0131 aras\u0131nda kurulan ili\u015fkiyle ifade edilen karma\u015f\u0131k dinamiklere de g\u00f6z at\u0131yor.\u0130hvan&#8217;a a\u015fina olanlar i\u00e7in, hareketin Arap Bahar\u0131 s\u0131ras\u0131ndaki tutumu o kadar da \u015fa\u015f\u0131rt\u0131c\u0131 de\u011fil. \u0130hvan daima, tespit etmesi neredeyse imkans\u0131z ihtilaflar ve \u00e7eli\u015fkilerin hareketi olmu\u015ftur. Ger\u00e7ekten de onu derinlemesine idrak etmek isteyenler i\u00e7in her zaman bir muammay\u0131 temsil etmi\u015ftir \u00f6rg\u00fct. Ayn\u0131 anda, siyasi bir kurummu\u015f gibi \u00e7al\u0131\u015fan bir harekettir; ulusal kanatlar\u0131n\u0131n ba\u011f\u0131ms\u0131zl\u0131\u011f\u0131na vurgu yapan ulus\u00fcst\u00fc bir \u00f6rg\u00fctt\u00fcr; kendisini bar\u0131\u015f\u00e7\u0131 olarak yans\u0131tsa da baz\u0131 kanatlar\u0131 do\u011frudan \u015fiddet olaylar\u0131na kar\u0131\u015fm\u0131\u015ft\u0131r; Bat\u0131y\u0131 ve Bat\u0131l\u0131 de\u011ferleri genel itibariyle reddeder ancak Bat\u0131l\u0131lar nezdinde ilerici, kapsay\u0131c\u0131 de\u011ferleri ihtiva eden makul bir \u00f6rg\u00fct olarak g\u00f6r\u00fclmek hususunda heveslidir. Mu\u011flakl\u0131\u011fa b\u00fcr\u00fcnm\u00fc\u015f ve \u015fiddet, kad\u0131nlar\u0131n ve gayri M\u00fcslim az\u0131nl\u0131klar\u0131n toplumdaki yeri gibi konular\u0131 da muhteva eden kilit meselelerde tekil bir duru\u015f sergilemekte zorlanacak derecede farkl\u0131 kollar ve ak\u0131mlar muhteva etmi\u015f bir harekettir.<\/p>\n","protected":false},"excerpt":{"rendered":"<p>Bu kitap, \u0130hvan&#8217;\u0131n M\u0131s\u0131r&#8217;da 1928&#8217;de ortaya \u00e7\u0131k\u0131\u015f\u0131ndan itibaren ana ak\u0131m siyasete dahil olu\u015funun evrimini inceliyor. Kitap, hareketin ama\u00e7lar\u0131 ve stratejilerini analiz ediyor. Sonras\u0131nda da \u0130hvan&#8217;\u0131n neden<span class=\"excerpt-hellip\"> [\u2026]<\/span><\/p>\n","protected":false},"featured_media":0,"template":"","meta":{"_monsterinsights_skip_tracking":false,"_monsterinsights_sitenote_active":false,"_monsterinsights_sitenote_note":"","_monsterinsights_sitenote_category":0},"product_brand":[],"product_cat":[12718,12719],"product_tag":[],"class_list":{"0":"post-706531","1":"product","2":"type-product","3":"status-publish","5":"product_cat-din","6":"product_cat-islam","7":"pa_cilt-ciltsiz","8":"pa_tur-kitap","9":"pa_yayinevi-ayrinti-yayinlari","10":"pa_yazar-alison-pargeter","12":"first","13":"instock","14":"sale","15":"shipping-taxable","16":"purchasable","17":"product-type-simple"},"_links":{"self":[{"href":"https:\/\/roveyayinevi.com.tr\/index.php\/wp-json\/wp\/v2\/product\/706531","targetHints":{"allow":["GET"]}}],"collection":[{"href":"https:\/\/roveyayinevi.com.tr\/index.php\/wp-json\/wp\/v2\/product"}],"about":[{"href":"https:\/\/roveyayinevi.com.tr\/index.php\/wp-json\/wp\/v2\/types\/product"}],"wp:attachment":[{"href":"https:\/\/roveyayinevi.com.tr\/index.php\/wp-json\/wp\/v2\/media?parent=706531"}],"wp:term":[{"taxonomy":"product_brand","embeddable":true,"href":"https:\/\/roveyayinevi.com.tr\/index.php\/wp-json\/wp\/v2\/product_brand?post=706531"},{"taxonomy":"product_cat","embeddable":true,"href":"https:\/\/roveyayinevi.com.tr\/index.php\/wp-json\/wp\/v2\/product_cat?post=706531"},{"taxonomy":"product_tag","embeddable":true,"href":"https:\/\/roveyayinevi.com.tr\/index.php\/wp-json\/wp\/v2\/product_tag?post=706531"}],"curies":[{"name":"wp","href":"https:\/\/api.w.org\/{rel}","templated":true}]}}