{"id":706530,"date":"2025-08-27T15:56:57","date_gmt":"2025-08-27T12:56:57","guid":{"rendered":"https:\/\/roveyayinevi.com.tr\/index.php\/urun\/secme-eserler\/"},"modified":"2026-04-16T02:15:02","modified_gmt":"2026-04-15T23:15:02","slug":"secme-eserler","status":"publish","type":"product","link":"https:\/\/roveyayinevi.com.tr\/index.php\/urun\/secme-eserler\/","title":{"rendered":"Se\u00e7me Eserler"},"content":{"rendered":"<p>Sad\u0131k Hidayet\u2019in bu kitab\u0131nda yazar\u0131n farkl\u0131 t\u00fcrlerde kaleme ald\u0131\u011f\u0131 eserleri bir araya geliyor.\u201cSe\u00e7meler\u201d ba\u015fl\u0131\u011f\u0131 alt\u0131nda toplad\u0131\u011f\u0131m\u0131z bu metinler farkl\u0131 tarihlerde ve farkl\u0131 \u00fclkelerde yaz\u0131lm\u0131\u015f. S\u00e2d\u0131k Hid\u00e2yet\u2019in mizah ve kasvet y\u00fckl\u00fc edebi metinlerinin yan\u0131 s\u0131ra, bir de uzun bir denemesi bulunuyor kitapta: \u201c\u0130nsan ile Hayvan.\u201d Bu denemede de yazar\u0131n edebi ustal\u0131\u011f\u0131 kendisini duyuruyor. \u0130nsan ile hayvan aras\u0131ndaki ontolojik ili\u015fkilere y\u00f6nelik derin g\u00f6zlemler lezzetli bir dil i\u00e7inde sunuluyor.Kitapta yer alan \u201cYarat\u0131l\u0131\u015f Efsanesi\u201d adl\u0131 tiyatro metni de benzer \u015fekilde Sad\u0131k Hidayet\u2019in \u00e7arp\u0131c\u0131 \u00fcretimleri aras\u0131nda. Bu oyunda insan\u0131n ve evrenin yarat\u0131l\u0131\u015f\u0131na dair teolojik anlat\u0131lar, yarat\u0131l\u0131\u015f\u0131n amac\u0131, hayat\u0131n anlam\u0131 gibi temel sorular, tiyatro metninin sa\u011flad\u0131\u011f\u0131 olanaklarla ve bir t\u00fcr kara mizah e\u015fli\u011finde ete kemi\u011fe b\u00fcr\u00fcn\u00fcyor. Uzun hikayelerse yazar\u0131n erken d\u00f6nem \u00fcretim tarz\u0131n\u0131 yans\u0131tmas\u0131 ve olgunluk d\u00f6nemindeki S\u00e2d\u0131k Hidayet hakk\u0131nda kim <\/p>\n","protected":false},"excerpt":{"rendered":"<p>Sad\u0131k Hidayet\u2019in bu kitab\u0131nda yazar\u0131n farkl\u0131 t\u00fcrlerde kaleme ald\u0131\u011f\u0131 eserleri bir araya geliyor.\u201cSe\u00e7meler\u201d ba\u015fl\u0131\u011f\u0131 alt\u0131nda toplad\u0131\u011f\u0131m\u0131z bu metinler farkl\u0131 tarihlerde ve farkl\u0131 \u00fclkelerde yaz\u0131lm\u0131\u015f. S\u00e2d\u0131k Hid\u00e2yet\u2019in<span class=\"excerpt-hellip\"> [\u2026]<\/span><\/p>\n","protected":false},"featured_media":0,"template":"","meta":{"_monsterinsights_skip_tracking":false,"_monsterinsights_sitenote_active":false,"_monsterinsights_sitenote_note":"","_monsterinsights_sitenote_category":0},"product_brand":[],"product_cat":[12777,12291],"product_tag":[],"class_list":{"0":"post-706530","1":"product","2":"type-product","3":"status-publish","5":"product_cat-deneme","6":"product_cat-edebiyat","7":"pa_cilt-ciltsiz","8":"pa_tur-kitap","9":"pa_yayinevi-ayrinti-yayinlari","10":"pa_yazar-sadik-hidayet","12":"first","13":"instock","14":"sale","15":"shipping-taxable","16":"purchasable","17":"product-type-simple"},"_links":{"self":[{"href":"https:\/\/roveyayinevi.com.tr\/index.php\/wp-json\/wp\/v2\/product\/706530","targetHints":{"allow":["GET"]}}],"collection":[{"href":"https:\/\/roveyayinevi.com.tr\/index.php\/wp-json\/wp\/v2\/product"}],"about":[{"href":"https:\/\/roveyayinevi.com.tr\/index.php\/wp-json\/wp\/v2\/types\/product"}],"wp:attachment":[{"href":"https:\/\/roveyayinevi.com.tr\/index.php\/wp-json\/wp\/v2\/media?parent=706530"}],"wp:term":[{"taxonomy":"product_brand","embeddable":true,"href":"https:\/\/roveyayinevi.com.tr\/index.php\/wp-json\/wp\/v2\/product_brand?post=706530"},{"taxonomy":"product_cat","embeddable":true,"href":"https:\/\/roveyayinevi.com.tr\/index.php\/wp-json\/wp\/v2\/product_cat?post=706530"},{"taxonomy":"product_tag","embeddable":true,"href":"https:\/\/roveyayinevi.com.tr\/index.php\/wp-json\/wp\/v2\/product_tag?post=706530"}],"curies":[{"name":"wp","href":"https:\/\/api.w.org\/{rel}","templated":true}]}}