{"id":706529,"date":"2025-08-27T15:56:57","date_gmt":"2025-08-27T12:56:57","guid":{"rendered":"https:\/\/roveyayinevi.com.tr\/index.php\/urun\/marksizmin-anlami\/"},"modified":"2026-04-16T02:15:02","modified_gmt":"2026-04-15T23:15:02","slug":"marksizmin-anlami","status":"publish","type":"product","link":"https:\/\/roveyayinevi.com.tr\/index.php\/urun\/marksizmin-anlami\/","title":{"rendered":"Marksizmin Anlam\u0131"},"content":{"rendered":"<p>Elinizdeki bu kitap sadece kapitalist sistemin yaratt\u0131\u011f\u0131 e\u015fitsizlik ve adaletsizli\u011fi ele\u015ftirmekle kalm\u0131yor, onun \u00e7al\u0131\u015fma prensiplerini de g\u00f6zler \u00f6n\u00fcne seriyor. Yery\u00fcz\u00fcn\u00fcn t\u00fcm ezilen ve s\u00f6m\u00fcr\u00fclen insanlar\u0131n\u0131 adil ve e\u015fitlik\u00e7i bir sistemin kurucu \u00f6znesi k\u0131l\u0131p bu u\u011furda kapsaml\u0131 m\u00fccadeleler veren Marksist d\u00fc\u015f\u00fcncenin miad\u0131n\u0131 doldurmad\u0131\u011f\u0131n\u0131n da alt\u0131n\u0131 \u00e7iziyor. Bug\u00fcn kapitalist sistemin yaratt\u0131\u011f\u0131 insani, toplumsal ve \u00e7evresel tahribatlar, sava\u015flar, bask\u0131lar ve zulm\u00fcn geldi\u011fi nokta g\u00f6z \u00f6n\u00fcne al\u0131nd\u0131\u011f\u0131nda bu eser, ayn\u0131 zamanda \u00f6nemli bir \u00e7a\u011fr\u0131da bulunmakta. Kapitalist hegemonyan\u0131n \u015fiddetine maruz kalan herkesi, \u015fimdiye dek ona kar\u015f\u0131 kurulmu\u015f en sistematik, en devrimci ve felsefi d\u00fc\u015f\u00fcnce ailesinin sesine ve deneyimlerine kulak vermeye \u00e7a\u011f\u0131r\u0131yor. G\u00fcncel deneyimler, tart\u0131\u015fmalar ve sorunlar\u0131 derin bir tarihsel birikimle birle\u015ftiren eser, yal\u0131n diliyle okurlara \u00f6nce Marksizmin genel ekonomik, politik ve ideolojik esaslar\u0131n\u0131 sunuyor. Ard\u0131ndan y\u00fcz elli y\u0131ll\u0131k bir tarihsel deneyimi de arkas\u0131na alarak, sendika m\u00fccadelesinden \u00e7evre m\u00fccadelesine, \u0131rk\u00e7\u0131l\u0131k, cinsel ayr\u0131mc\u0131l\u0131k ve kimliksel farkl\u0131l\u0131klara y\u00f6nelik bask\u0131lardan kitlesel devrimci sava\u015f\u0131mlara ve daha bir\u00e7ok \u00f6nemli tart\u0131\u015fmaya Marksizm \u0131\u015f\u0131\u011f\u0131nda \u00e7\u00f6z\u00fcmler ar\u0131yor, yeni yorumlar geli\u015ftiriyor. Bu eser, ya\u015fad\u0131\u011f\u0131m\u0131z \u00e7a\u011f\u0131n sorunlar\u0131n\u0131 anlamak, bunlara kar\u015f\u0131 m\u00fccadele etmek ve tarihin m\u00fcdahil akt\u00f6r\u00fc olmak isteyen herkes i\u00e7in bir k\u0131lavuz olma niteli\u011fi ta\u015f\u0131makta&#8230; <\/p>\n","protected":false},"excerpt":{"rendered":"<p>Elinizdeki bu kitap sadece kapitalist sistemin yaratt\u0131\u011f\u0131 e\u015fitsizlik ve adaletsizli\u011fi ele\u015ftirmekle kalm\u0131yor, onun \u00e7al\u0131\u015fma prensiplerini de g\u00f6zler \u00f6n\u00fcne seriyor. Yery\u00fcz\u00fcn\u00fcn t\u00fcm ezilen ve s\u00f6m\u00fcr\u00fclen insanlar\u0131n\u0131 adil<span class=\"excerpt-hellip\"> [\u2026]<\/span><\/p>\n","protected":false},"featured_media":0,"template":"","meta":{"_monsterinsights_skip_tracking":false,"_monsterinsights_sitenote_active":false,"_monsterinsights_sitenote_note":"","_monsterinsights_sitenote_category":0},"product_brand":[],"product_cat":[12388,15536],"product_tag":[],"class_list":{"0":"post-706529","1":"product","2":"type-product","3":"status-publish","5":"product_cat-felsefe","6":"product_cat-siyaset-felsefesi","7":"pa_cilt-ciltsiz","8":"pa_tur-kitap","9":"pa_yayinevi-ayrinti-yayinlari","10":"pa_yazar-paul-damato","12":"first","13":"instock","14":"sale","15":"shipping-taxable","16":"purchasable","17":"product-type-simple"},"_links":{"self":[{"href":"https:\/\/roveyayinevi.com.tr\/index.php\/wp-json\/wp\/v2\/product\/706529","targetHints":{"allow":["GET"]}}],"collection":[{"href":"https:\/\/roveyayinevi.com.tr\/index.php\/wp-json\/wp\/v2\/product"}],"about":[{"href":"https:\/\/roveyayinevi.com.tr\/index.php\/wp-json\/wp\/v2\/types\/product"}],"wp:attachment":[{"href":"https:\/\/roveyayinevi.com.tr\/index.php\/wp-json\/wp\/v2\/media?parent=706529"}],"wp:term":[{"taxonomy":"product_brand","embeddable":true,"href":"https:\/\/roveyayinevi.com.tr\/index.php\/wp-json\/wp\/v2\/product_brand?post=706529"},{"taxonomy":"product_cat","embeddable":true,"href":"https:\/\/roveyayinevi.com.tr\/index.php\/wp-json\/wp\/v2\/product_cat?post=706529"},{"taxonomy":"product_tag","embeddable":true,"href":"https:\/\/roveyayinevi.com.tr\/index.php\/wp-json\/wp\/v2\/product_tag?post=706529"}],"curies":[{"name":"wp","href":"https:\/\/api.w.org\/{rel}","templated":true}]}}