{"id":706528,"date":"2025-08-27T15:56:56","date_gmt":"2025-08-27T12:56:56","guid":{"rendered":"https:\/\/roveyayinevi.com.tr\/index.php\/urun\/mansfield-park\/"},"modified":"2026-04-16T02:15:02","modified_gmt":"2026-04-15T23:15:02","slug":"mansfield-park","status":"publish","type":"product","link":"https:\/\/roveyayinevi.com.tr\/index.php\/urun\/mansfield-park\/","title":{"rendered":"Mansfield Park"},"content":{"rendered":"<p>1814 y\u0131l\u0131nda yay\u0131mlanan Mansfield Park i\u00e7in Jane Austen\u2019\u0131n ba\u015fyap\u0131t\u0131 denebilir. Jane Austen\u2019\u0131n bu roman \u00f6zelindeki anlat\u0131m tekni\u011fi \u00e7etrefildir, dil kah a\u00e7\u0131l\u0131p geni\u015fler kah kapan\u0131p daral\u0131r; bazen semboller ve metaforlar y\u00fcklenir; dildeki bu dalgalanmalar anlat\u0131lmak istenen olaylarla do\u011frudan alakal\u0131 tabii: burjuva orta s\u0131n\u0131f ailesi. S\u00fcrekli doldurulmaya \u00e7al\u0131\u015f\u0131lan ama bir t\u00fcrl\u00fc dolamayan, hep fire veren bir bo\u015fluktur asl\u0131nda burjuva aile hayat\u0131: ili\u015fkiler s\u0131k\u0131c\u0131, de\u011ferler y\u00fczeyseldir, arzular ve tutkular y\u00fckselme ve itibar kazanma h\u0131rslar\u0131ndan \u00f6t\u00fcr\u00fc daima bast\u0131r\u0131l\u0131r; arzunun engellenmesi mevcut kimlikleri i\u00e7ten i\u00e7e bunal\u0131ma s\u00fcrekler. Karakterler \u00e7\u00f6z\u00fcl\u00fcp da\u011f\u0131l\u0131r ama yeniden toparlanamazlar. Jane Austen bu yap\u0131t\u0131nda burjuva varolu\u015funu ger\u00e7ek\u00e7i bir tarzda a\u00e7\u0131\u011fa vurur, bu esnada aile kurumunun, iktidar ili\u015fkilerinin, zenginle\u015fme tutkular\u0131n\u0131n kuvvetli bir ele\u015ftirisini yapar, mevcut s\u0131k\u0131c\u0131 varolu\u015ftan \u00e7\u0131k\u0131\u015f i\u00e7in de kendi \u00fczerine kapansa da bir imkan olarak a\u015fka i\u015faret eder: En se\u00e7kin yazar\u0131n kaleminden bile bundan daha de\u011ferli bir mektup \u00e7\u0131kmam\u0131\u015ft\u0131. Zaten bir kad\u0131na duyulan a\u015fk\u0131n co\u015fkusu, onu yazan yazar\u0131 a\u015far ve yazd\u0131\u011f\u0131 nas\u0131l olursa olsun onun i\u00e7in mutluluk kayna\u011f\u0131 olurdu&#8230; Her ne kadar a\u015fk bir imkan olarak belirse de, burjuva ili\u015fkilerinin sarpa sarmas\u0131ndan \u00f6t\u00fcr\u00fc \u201cmutluluk kaynaklar\u0131\u201d kurur; kabaran duygu selleri d\u0131\u015far\u0131 akamad\u0131\u011f\u0131 i\u00e7in i\u00e7eriyi a\u015f\u0131nd\u0131r\u0131r, \u00f6zneler zamanla solar&#8230; <\/p>\n","protected":false},"excerpt":{"rendered":"<p>1814 y\u0131l\u0131nda yay\u0131mlanan Mansfield Park i\u00e7in Jane Austen\u2019\u0131n ba\u015fyap\u0131t\u0131 denebilir. Jane Austen\u2019\u0131n bu roman \u00f6zelindeki anlat\u0131m tekni\u011fi \u00e7etrefildir, dil kah a\u00e7\u0131l\u0131p geni\u015fler kah kapan\u0131p daral\u0131r; bazen<span class=\"excerpt-hellip\"> [\u2026]<\/span><\/p>\n","protected":false},"featured_media":0,"template":"","meta":{"_monsterinsights_skip_tracking":false,"_monsterinsights_sitenote_active":false,"_monsterinsights_sitenote_note":"","_monsterinsights_sitenote_category":0},"product_brand":[],"product_cat":[12291,12866],"product_tag":[],"class_list":{"0":"post-706528","1":"product","2":"type-product","3":"status-publish","5":"product_cat-edebiyat","6":"product_cat-ingiliz-edebiyati","7":"pa_cilt-ciltsiz","8":"pa_tur-kitap","9":"pa_yayinevi-ayrinti-yayinlari","10":"pa_yazar-jane-austen","12":"first","13":"instock","14":"sale","15":"shipping-taxable","16":"purchasable","17":"product-type-simple"},"_links":{"self":[{"href":"https:\/\/roveyayinevi.com.tr\/index.php\/wp-json\/wp\/v2\/product\/706528","targetHints":{"allow":["GET"]}}],"collection":[{"href":"https:\/\/roveyayinevi.com.tr\/index.php\/wp-json\/wp\/v2\/product"}],"about":[{"href":"https:\/\/roveyayinevi.com.tr\/index.php\/wp-json\/wp\/v2\/types\/product"}],"wp:attachment":[{"href":"https:\/\/roveyayinevi.com.tr\/index.php\/wp-json\/wp\/v2\/media?parent=706528"}],"wp:term":[{"taxonomy":"product_brand","embeddable":true,"href":"https:\/\/roveyayinevi.com.tr\/index.php\/wp-json\/wp\/v2\/product_brand?post=706528"},{"taxonomy":"product_cat","embeddable":true,"href":"https:\/\/roveyayinevi.com.tr\/index.php\/wp-json\/wp\/v2\/product_cat?post=706528"},{"taxonomy":"product_tag","embeddable":true,"href":"https:\/\/roveyayinevi.com.tr\/index.php\/wp-json\/wp\/v2\/product_tag?post=706528"}],"curies":[{"name":"wp","href":"https:\/\/api.w.org\/{rel}","templated":true}]}}