{"id":706525,"date":"2025-08-27T15:56:55","date_gmt":"2025-08-27T12:56:55","guid":{"rendered":"https:\/\/roveyayinevi.com.tr\/index.php\/urun\/tek-yola-sigmayan-devrim\/"},"modified":"2026-04-16T02:15:02","modified_gmt":"2026-04-15T23:15:02","slug":"tek-yola-sigmayan-devrim","status":"publish","type":"product","link":"https:\/\/roveyayinevi.com.tr\/index.php\/urun\/tek-yola-sigmayan-devrim\/","title":{"rendered":"Tek Yola S\u0131\u011fmayan Devrim"},"content":{"rendered":"<p>12 Eyl\u00fcl\u2019\u00fcn en karanl\u0131k g\u00fcnlerinde Samsun\u2019da bir grup gen\u00e7 devrimci tutuklan\u0131r. Tutuklayanlar aras\u0131nda yer alan bir polis memuru, daha sonra operasyondaki ve i\u015fkence s\u00fcrecindeki ba\u015far\u0131lar\u0131 nedeniyle komiser olur. Bahis konusu Komiser, y\u0131llar sonra devrimcilerin yo\u011funlukta oldu\u011fu Ardanu\u00e7\u2019ta, bir bayram sohbeti s\u0131ras\u0131nda orada bulunanlara Emniyet Genel M\u00fcd\u00fcr\u00fc edas\u0131yla \u015funlar\u0131 s\u00f6yler: \u201c1981\u2019in yaz aylar\u0131yd\u0131. Samsun\u2019da b\u00fcy\u00fck bir ter\u00f6r operasyonu ger\u00e7ekle\u015ftirdik. Elliden fazla az\u0131l\u0131 ter\u00f6rist yakalam\u0131\u015ft\u0131k. Odamda oturuyorum, \u00e7a\u011f\u0131rd\u0131m \u00e7ocuklar\u0131, yakalananlar\u0131 iki\u015fer iki\u015fer odama getirmelerini s\u00f6yledim. Bakt\u0131m getirilenlerin i\u00e7inde, 18-19 ya\u015flar\u0131nda iki de \u00e7ocuk var. \u2018Nerelisiniz?\u2019 \u2018Artvinli.\u2019 \u2018Neresinden?\u2019 \u2018Bor\u00e7ka\u2019dan.\u2019 \u2018Ulan o\u011flum sizin ne i\u015finiz var bu ter\u00f6ristlerin i\u00e7inde?\u2019 Ses yok. Yahu \u00e7ocuklara bak\u0131yorum, gencecik, fidan gibi \u00e7ocuklar, i\u00e7eriye atsan cezaevlerinde \u00e7\u00fcr\u00fcy\u00fcp gidecekler, \u2018git,\u2019 desem, nas\u0131l diyeyim, tehlikesi var. \u2018Kimin \u00e7ocuklar\u0131s\u0131n\u0131z?\u2019 diye sordum. Birisi \u2018Avni Alpaslan\u2019\u0131n,\u2019 dedi. \u2018Yani bizim Dedia\u011fa\u2019lar\u0131n \u00e7ocu\u011fu.\u2019 \u015eimdi yukar\u0131 t\u00fck\u00fcrsem b\u0131y\u0131k, a\u015fa\u011f\u0131 t\u00fck\u00fcrsem sakal. Bakt\u0131m olacak gibi de\u011fil, vicdan\u0131m kabul etmiyor. \u2018Kaybolun ulan kar\u015f\u0131mdan, bir daha da kar\u015f\u0131ma \u00e7\u0131kmay\u0131n,\u2019 deyip \u00e7ocuklar\u0131 g\u00f6nderdim.\u201d <\/p>\n","protected":false},"excerpt":{"rendered":"<p>12 Eyl\u00fcl\u2019\u00fcn en karanl\u0131k g\u00fcnlerinde Samsun\u2019da bir grup gen\u00e7 devrimci tutuklan\u0131r. Tutuklayanlar aras\u0131nda yer alan bir polis memuru, daha sonra operasyondaki ve i\u015fkence s\u00fcrecindeki ba\u015far\u0131lar\u0131 nedeniyle<span class=\"excerpt-hellip\"> [\u2026]<\/span><\/p>\n","protected":false},"featured_media":0,"template":"","meta":{"_monsterinsights_skip_tracking":false,"_monsterinsights_sitenote_active":false,"_monsterinsights_sitenote_note":"","_monsterinsights_sitenote_category":0},"product_brand":[],"product_cat":[12304,14128],"product_tag":[],"class_list":{"0":"post-706525","1":"product","2":"type-product","3":"status-publish","5":"product_cat-tarih","6":"product_cat-yakin-tarih","7":"pa_cilt-ciltsiz","8":"pa_tur-kitap","9":"pa_yayinevi-ayrinti-yayinlari","10":"pa_yazar-ibrahim-celik","12":"first","13":"instock","14":"sale","15":"shipping-taxable","16":"purchasable","17":"product-type-simple"},"_links":{"self":[{"href":"https:\/\/roveyayinevi.com.tr\/index.php\/wp-json\/wp\/v2\/product\/706525","targetHints":{"allow":["GET"]}}],"collection":[{"href":"https:\/\/roveyayinevi.com.tr\/index.php\/wp-json\/wp\/v2\/product"}],"about":[{"href":"https:\/\/roveyayinevi.com.tr\/index.php\/wp-json\/wp\/v2\/types\/product"}],"wp:attachment":[{"href":"https:\/\/roveyayinevi.com.tr\/index.php\/wp-json\/wp\/v2\/media?parent=706525"}],"wp:term":[{"taxonomy":"product_brand","embeddable":true,"href":"https:\/\/roveyayinevi.com.tr\/index.php\/wp-json\/wp\/v2\/product_brand?post=706525"},{"taxonomy":"product_cat","embeddable":true,"href":"https:\/\/roveyayinevi.com.tr\/index.php\/wp-json\/wp\/v2\/product_cat?post=706525"},{"taxonomy":"product_tag","embeddable":true,"href":"https:\/\/roveyayinevi.com.tr\/index.php\/wp-json\/wp\/v2\/product_tag?post=706525"}],"curies":[{"name":"wp","href":"https:\/\/api.w.org\/{rel}","templated":true}]}}