{"id":706521,"date":"2025-08-27T15:56:53","date_gmt":"2025-08-27T12:56:53","guid":{"rendered":"https:\/\/roveyayinevi.com.tr\/index.php\/urun\/ibretlik-oykuler\/"},"modified":"2026-04-16T02:15:02","modified_gmt":"2026-04-15T23:15:02","slug":"ibretlik-oykuler","status":"publish","type":"product","link":"https:\/\/roveyayinevi.com.tr\/index.php\/urun\/ibretlik-oykuler\/","title":{"rendered":"\u0130bretlik \u00d6yk\u00fcler"},"content":{"rendered":"<p>Zaman zaman sosyal mecralarda, bazen gazete ve televizyonlarda ilgiyle okudu\u011funuz, izledi\u011finiz \u00f6yk\u00fcler vard\u0131r. Kimi ya\u015fanm\u0131\u015f, kimi kurgulanm\u0131\u015f.Hepsinde bir mesaj, al\u0131nacak bir ders vard\u0131r okuyan ya da izleyen i\u00e7in. Bu kitapta bu \u00f6yk\u00fclerden tam 72 tane var.Bu \u00f6yk\u00fclerin baz\u0131lar\u0131 sizi a\u011flatacak, baz\u0131lar\u0131 kahkahalara bo\u011facak, baz\u0131lar\u0131 ise derin d\u00fc\u015f\u00fcncelere dalman\u0131z\u0131 sa\u011flayacak.Kitap ayn\u0131 zamanda Bat\u0131 ve Do\u011fu toplumlar\u0131n\u0131n insani konulardaki duyarl\u0131l\u0131\u011f\u0131 konusunda da \u00e7ok ciddi fikir vermektedir. \u201c\u0130nsan Haklar\u0131\u201d denildi\u011finde kendilerini bu i\u015fin belirleyicisi gibi konumland\u0131ran \u00fclkeler ger\u00e7ekte \u201cinsan haklar\u0131\u201d n\u0131n neresindedir bu kitapta bunu \u00f6rnekleri ile g\u00f6rece\u011fiz.Bir yanda biraz sonra akbabalar\u0131n par\u00e7alayabilece\u011fi a\u00e7l\u0131ktan kolunu k\u0131p\u0131rdatamayacak bir \u00e7ocu\u011fun foto\u011fraflar\u0131n\u0131 \u00e7ektikten sonra onu y\u0131rt\u0131c\u0131 hayvanlarla ba\u015f ba\u015fa b\u0131rak\u0131p giden Kevin Carter,Di\u011fer tarafta Aylan\u2019\u0131n i\u00e7ler ac\u0131tan g\u00f6r\u00fcnt\u00fclerini \u00e7ektikten sonra Jandarmalarla birlikte onun i\u00e7in yap\u0131labilecek her \u015feyi yapan Do\u011fan Haber Ajans\u0131 (DHA) Bodrum muhabiri Nil\u00fcfer Demir!.<\/p>\n","protected":false},"excerpt":{"rendered":"<p>Zaman zaman sosyal mecralarda, bazen gazete ve televizyonlarda ilgiyle okudu\u011funuz, izledi\u011finiz \u00f6yk\u00fcler vard\u0131r. Kimi ya\u015fanm\u0131\u015f, kimi kurgulanm\u0131\u015f.Hepsinde bir mesaj, al\u0131nacak bir ders vard\u0131r okuyan ya da<span class=\"excerpt-hellip\"> [\u2026]<\/span><\/p>\n","protected":false},"featured_media":0,"template":"","meta":{"_monsterinsights_skip_tracking":false,"_monsterinsights_sitenote_active":false,"_monsterinsights_sitenote_note":"","_monsterinsights_sitenote_category":0},"product_brand":[],"product_cat":[12291,12711],"product_tag":[],"class_list":{"0":"post-706521","1":"product","2":"type-product","3":"status-publish","5":"product_cat-edebiyat","6":"product_cat-roman-oyku","7":"pa_cilt-ciltsiz","8":"pa_tur-kitap","9":"pa_yayinevi-ayata-kitap","10":"pa_yazar-eylul-firat","12":"first","13":"instock","14":"sale","15":"shipping-taxable","16":"purchasable","17":"product-type-simple"},"_links":{"self":[{"href":"https:\/\/roveyayinevi.com.tr\/index.php\/wp-json\/wp\/v2\/product\/706521","targetHints":{"allow":["GET"]}}],"collection":[{"href":"https:\/\/roveyayinevi.com.tr\/index.php\/wp-json\/wp\/v2\/product"}],"about":[{"href":"https:\/\/roveyayinevi.com.tr\/index.php\/wp-json\/wp\/v2\/types\/product"}],"wp:attachment":[{"href":"https:\/\/roveyayinevi.com.tr\/index.php\/wp-json\/wp\/v2\/media?parent=706521"}],"wp:term":[{"taxonomy":"product_brand","embeddable":true,"href":"https:\/\/roveyayinevi.com.tr\/index.php\/wp-json\/wp\/v2\/product_brand?post=706521"},{"taxonomy":"product_cat","embeddable":true,"href":"https:\/\/roveyayinevi.com.tr\/index.php\/wp-json\/wp\/v2\/product_cat?post=706521"},{"taxonomy":"product_tag","embeddable":true,"href":"https:\/\/roveyayinevi.com.tr\/index.php\/wp-json\/wp\/v2\/product_tag?post=706521"}],"curies":[{"name":"wp","href":"https:\/\/api.w.org\/{rel}","templated":true}]}}