{"id":706519,"date":"2025-08-27T15:56:52","date_gmt":"2025-08-27T12:56:52","guid":{"rendered":"https:\/\/roveyayinevi.com.tr\/index.php\/urun\/osmanli-nasil-kuruldu\/"},"modified":"2026-04-16T02:15:02","modified_gmt":"2026-04-15T23:15:02","slug":"osmanli-nasil-kuruldu","status":"publish","type":"product","link":"https:\/\/roveyayinevi.com.tr\/index.php\/urun\/osmanli-nasil-kuruldu\/","title":{"rendered":"Osmanl\u0131 Nas\u0131l Kuruldu?"},"content":{"rendered":"<p>Bozk\u0131rdan evrensel bir imparatorlu\u011fa giden Osmanl\u0131 Devleti\u2019nin nas\u0131l kuruldu\u011funa dair \u00f6nemli bilgiler ve ilgin\u00e7 detaylar i\u00e7eren elinizdeki bu kitap, merak edilen bir\u00e7ok sorunun cevab\u0131n\u0131 veriyor. \u0130lk olarak Osmanl\u0131 a\u015firetinin Anadolu\u2019ya geldi\u011fi zamanlarda bu topraklar \u00fczerindeki sosyal, k\u00fclt\u00fcrel ve ekonomik yap\u0131 anlat\u0131l\u0131rken Osmanl\u0131lar bu topraklarda nelerle kar\u015f\u0131la\u015ft\u0131lar ve neler yapt\u0131lar? Mo\u011fol istilas\u0131, S\u00f6\u011f\u00fct\u2019e yerle\u015fme, a\u015firetten beyli\u011fe ge\u00e7i\u015f s\u00fcrecinde yap\u0131lan m\u00fccadeleler, Rumeli\u2019ye ge\u00e7i\u015f, Timur afeti ve Fetret Devri\u2019nin karde\u015fler aras\u0131nda meydana getirdi\u011fi kanl\u0131 kavgalar, Osmanl\u0131\u2019ya kar\u015f\u0131 yap\u0131lan Ha\u00e7l\u0131 sava\u015flar\u0131, Balkanlardaki devletlerle yap\u0131lan m\u00fccadeleler ve nihayetinde Fatih\u2019in ikinci saltanat\u0131 ile \u0130stanbul\u2019un fethi\u2026    Elinizdeki bu eserde, Anadolu\u2019ya bir a\u015firet olarak gelip, k\u0131sa bir s\u00fcre i\u00e7erisinde bir d\u00fcnya devleti haline gelen Osmanl\u0131lar\u0131n 1219-1453 tarihleri aras\u0131ndaki maceras\u0131na tan\u0131kl\u0131k edeceksiniz.  <\/p>\n","protected":false},"excerpt":{"rendered":"<p>Bozk\u0131rdan evrensel bir imparatorlu\u011fa giden Osmanl\u0131 Devleti\u2019nin nas\u0131l kuruldu\u011funa dair \u00f6nemli bilgiler ve ilgin\u00e7 detaylar i\u00e7eren elinizdeki bu kitap, merak edilen bir\u00e7ok sorunun cevab\u0131n\u0131 veriyor. \u0130lk<span class=\"excerpt-hellip\"> [\u2026]<\/span><\/p>\n","protected":false},"featured_media":0,"template":"","meta":{"_monsterinsights_skip_tracking":false,"_monsterinsights_sitenote_active":false,"_monsterinsights_sitenote_note":"","_monsterinsights_sitenote_category":0},"product_brand":[],"product_cat":[13517,12304],"product_tag":[],"class_list":{"0":"post-706519","1":"product","2":"type-product","3":"status-publish","5":"product_cat-osmanli-tarihi","6":"product_cat-tarih","7":"pa_cilt-ciltsiz","8":"pa_tur-kitap","9":"pa_yayinevi-atac-yayinlari","10":"pa_yazar-erhan-akcay","12":"first","13":"instock","14":"sale","15":"shipping-taxable","16":"purchasable","17":"product-type-simple"},"_links":{"self":[{"href":"https:\/\/roveyayinevi.com.tr\/index.php\/wp-json\/wp\/v2\/product\/706519","targetHints":{"allow":["GET"]}}],"collection":[{"href":"https:\/\/roveyayinevi.com.tr\/index.php\/wp-json\/wp\/v2\/product"}],"about":[{"href":"https:\/\/roveyayinevi.com.tr\/index.php\/wp-json\/wp\/v2\/types\/product"}],"wp:attachment":[{"href":"https:\/\/roveyayinevi.com.tr\/index.php\/wp-json\/wp\/v2\/media?parent=706519"}],"wp:term":[{"taxonomy":"product_brand","embeddable":true,"href":"https:\/\/roveyayinevi.com.tr\/index.php\/wp-json\/wp\/v2\/product_brand?post=706519"},{"taxonomy":"product_cat","embeddable":true,"href":"https:\/\/roveyayinevi.com.tr\/index.php\/wp-json\/wp\/v2\/product_cat?post=706519"},{"taxonomy":"product_tag","embeddable":true,"href":"https:\/\/roveyayinevi.com.tr\/index.php\/wp-json\/wp\/v2\/product_tag?post=706519"}],"curies":[{"name":"wp","href":"https:\/\/api.w.org\/{rel}","templated":true}]}}