{"id":706517,"date":"2025-08-27T15:56:51","date_gmt":"2025-08-27T12:56:51","guid":{"rendered":"https:\/\/roveyayinevi.com.tr\/index.php\/urun\/turkiye-solunun-kisa-tarihi\/"},"modified":"2026-04-16T02:15:01","modified_gmt":"2026-04-15T23:15:01","slug":"turkiye-solunun-kisa-tarihi","status":"publish","type":"product","link":"https:\/\/roveyayinevi.com.tr\/index.php\/urun\/turkiye-solunun-kisa-tarihi\/","title":{"rendered":"T\u00fcrkiye Solunun K\u0131sa Tarihi"},"content":{"rendered":"<p>12 Eyl\u00fcl \u00f6ncesinde sosyalist ve devrimci \u00f6rg\u00fctlerin ka\u00e7 fraksiyona b\u00f6l\u00fcnd\u00fckleri hep tart\u0131\u015fma konusuydu. Kimine g\u00f6re 49 kimine g\u00f6re 54\u2026 Askeri darbeye kadar h\u0131zla artan say\u0131da ve her ge\u00e7en g\u00fcn birbiri i\u00e7inden b\u00f6l\u00fcnen yap\u0131lar\u0131yla T\u00fcrkiye Sosyalist Hareketi esasl\u0131 bir k\u00fclliyat\u0131n konusuydu. Bir de buna sosyalist dernekleri, devrimci sendikalar\u0131 ve sivil toplum kurulu\u015flar\u0131 ile yasal siyasi partileri ekleyince k\u00fclliyat epeyce kalabal\u0131kla\u015f\u0131yordu. Kim nerde kurulmu\u015f, kurucular\u0131 kimler, hangi ideolojik politik hatt\u0131 benimsemi\u015f \u00e7ok ayr\u0131nt\u0131l\u0131 ve uzun bir \u00e7al\u0131\u015fmay\u0131 gerektiriyordu. Sonra araya upuzun bir 12 Eyl\u00fcl girdi. A\u011f\u0131r bask\u0131 ve cezaevi d\u00f6nemi T\u00fcrkiye Sosyalist Hareketini&#8217;de k\u0131rd\u0131 ve savurdu. Pek \u00e7ok \u00f6rg\u00fct ve yap\u0131 da\u011f\u0131ld\u0131. Kalanlar\u0131n bir k\u0131sm\u0131 ise giderek k\u00fc\u00e7\u00fcld\u00fc. Varl\u0131\u011f\u0131n\u0131 koruyanlar ise kabuk de\u011fi\u015ftirerek uzun ko\u015fular\u0131na devam ettiler. Gezi direni\u015fi ise gen\u00e7li\u011fin uzun y\u0131llar sonra sokakla bulu\u015ftu\u011fu birbirini g\u00f6rd\u00fc\u011f\u00fc tan\u0131d\u0131\u011f\u0131 ve kitlesel g\u00fcc\u00fcn\u00fc ke\u015ffetti\u011fi bir eylemlilik oldu. Aradan uzun y\u0131llar ge\u00e7mi\u015f T\u00fcrkiye k\u00f6kl\u00fc sosyalist devrimci gen\u00e7li\u011fi yerini bamba\u015fka bir yeni ku\u015fa\u011fa b\u0131rakm\u0131\u015ft\u0131. \u0130yi ama bu k\u00f6kl\u00fc ve gurur veren T\u00fcrkiye sol tarihinde kim kimdi? Kim hangi \u00f6rg\u00fct\u00fc hangi derne\u011fi hangi sendikay\u0131 kurmu\u015ftu? Hangi yazar hangi eserleri vermi\u015f hangi b\u00fcy\u00fck direni\u015f tarihimizn d\u00f6n\u00fcm noktas\u0131 olmu\u015ftu? \u0130\u015fte bu kitap bu saikle do\u011fdu. Gen\u00e7 ara\u015ft\u0131rmac\u0131 yazar \u015eenol \u00c7ar\u0131k T\u00fcrkiye Sosyalist Sol Hareketini yak\u0131ndan takip eden bir gazeteci olarak tarihin tozlu sayfalar\u0131na girdi tan\u0131klarla konu\u015ftu ve bu k\u0131sa \u00f6zeti ortaya \u00e7\u0131kard\u0131. T\u00fcrkiye solunun soya\u011fac\u0131n\u0131 \u00f6\u011frenmeye haz\u0131r m\u0131s\u0131n\u0131z? \ufffcTan\u0131t\u0131m Metni<\/p>\n","protected":false},"excerpt":{"rendered":"<p>12 Eyl\u00fcl \u00f6ncesinde sosyalist ve devrimci \u00f6rg\u00fctlerin ka\u00e7 fraksiyona b\u00f6l\u00fcnd\u00fckleri hep tart\u0131\u015fma konusuydu. Kimine g\u00f6re 49 kimine g\u00f6re 54\u2026 Askeri darbeye kadar h\u0131zla artan say\u0131da ve<span class=\"excerpt-hellip\"> [\u2026]<\/span><\/p>\n","protected":false},"featured_media":0,"template":"","meta":{"_monsterinsights_skip_tracking":false,"_monsterinsights_sitenote_active":false,"_monsterinsights_sitenote_note":"","_monsterinsights_sitenote_category":0},"product_brand":[],"product_cat":[12304,13650],"product_tag":[],"class_list":{"0":"post-706517","1":"product","2":"type-product","3":"status-publish","5":"product_cat-tarih","6":"product_cat-turk-tarihi-arastirmalari","7":"pa_cilt-ciltsiz","8":"pa_tur-kitap","9":"pa_yayinevi-asi-kitap","10":"pa_yazar-senol-carik","12":"first","13":"instock","14":"sale","15":"shipping-taxable","16":"purchasable","17":"product-type-simple"},"_links":{"self":[{"href":"https:\/\/roveyayinevi.com.tr\/index.php\/wp-json\/wp\/v2\/product\/706517","targetHints":{"allow":["GET"]}}],"collection":[{"href":"https:\/\/roveyayinevi.com.tr\/index.php\/wp-json\/wp\/v2\/product"}],"about":[{"href":"https:\/\/roveyayinevi.com.tr\/index.php\/wp-json\/wp\/v2\/types\/product"}],"wp:attachment":[{"href":"https:\/\/roveyayinevi.com.tr\/index.php\/wp-json\/wp\/v2\/media?parent=706517"}],"wp:term":[{"taxonomy":"product_brand","embeddable":true,"href":"https:\/\/roveyayinevi.com.tr\/index.php\/wp-json\/wp\/v2\/product_brand?post=706517"},{"taxonomy":"product_cat","embeddable":true,"href":"https:\/\/roveyayinevi.com.tr\/index.php\/wp-json\/wp\/v2\/product_cat?post=706517"},{"taxonomy":"product_tag","embeddable":true,"href":"https:\/\/roveyayinevi.com.tr\/index.php\/wp-json\/wp\/v2\/product_tag?post=706517"}],"curies":[{"name":"wp","href":"https:\/\/api.w.org\/{rel}","templated":true}]}}