{"id":706516,"date":"2025-08-27T15:56:51","date_gmt":"2025-08-27T12:56:51","guid":{"rendered":"https:\/\/roveyayinevi.com.tr\/index.php\/urun\/kriz-ucgeninde-turkiye-1-cilt\/"},"modified":"2026-04-16T02:15:01","modified_gmt":"2026-04-15T23:15:01","slug":"kriz-ucgeninde-turkiye-1-cilt","status":"publish","type":"product","link":"https:\/\/roveyayinevi.com.tr\/index.php\/urun\/kriz-ucgeninde-turkiye-1-cilt\/","title":{"rendered":"Kriz \u00dc\u00e7geninde T\u00fcrkiye 1. Cilt"},"content":{"rendered":"<p>\u00d6teki sosyal bilim disiplinlerine g\u00f6re, olduk\u00e7a yeni bir alan olan uluslararas\u0131 ili\u015fkiler, Birinci ve \u0130kinci D\u00fcnya Sava\u015flar\u0131 ile So\u011fuk Sava\u015f d\u00f6nemlerinin etkisiyle, konular\u0131 s\u0131n\u0131rl\u0131, i\u00e7eri\u011fi k\u0131s\u0131tl\u0131, donuk bir ara\u015ft\u0131rma alan\u0131 olmaya uzun y\u0131llar boyunca devam etti. Fakat \u00f6zellikle 1960&#8217;lar\u0131n sonras\u0131ndaki d\u00f6nemde d\u00fcnya politikas\u0131n\u0131n yeni bir bi\u00e7im almaya ba\u015flamas\u0131, 1980&#8217;Ierin sonunda So\u011fuk Sava\u015f&#8217;\u0131n biti\u015fiyle birlikte uluslararas\u0131 ili\u015fkiler disiplinin buzlar\u0131 \u00e7\u00f6z\u00fcld\u00fc; yepyeni dinamiklerin getirdi\u011fi bir konu bollu\u011fu ile kar\u015f\u0131la\u015f\u0131ld\u0131. Bu kitapta yer alan \u00e7al\u0131\u015fmalar b\u00fcy\u00fck \u00f6l\u00e7\u00fcde b\u00f6ylesi bir hareketli ve i\u00e7erik zengini bir d\u00f6nemin \u00fcr\u00fcn\u00fcd\u00fcrler. Bu \u00e7er\u00e7evede kitaptaki makalelerin b\u00fcy\u00fck k\u0131sm\u0131, T\u00fcrkiye&#8217;nin yak\u0131n \u00e7evresi olan Orta Do\u011fu ve Kafkasya ba\u015fta olmak \u00fczere, Avrasya ile K\u0131br\u0131s ve T\u00fcrk-Yunan \u0130li\u015fkileri konular\u0131n\u0131 ele alm\u0131\u015ft\u0131r. Bununla birlikte, Avrupa politikalar\u0131, \u0130sl\u00e2m d\u00fcnyas\u0131ndaki mezhep ili\u015fkileri, Uzak Asya&#8217;daki geli\u015fmeler, T\u00fcrk ulusal tarihine ili\u015fkin analizler de, ana merkezi d\u0131\u015f politika olan bu yaz\u0131lar\u0131n yan \u00fcr\u00fcnleri olmu\u015flard\u0131r. \ufffcTan\u0131t\u0131m Metni<\/p>\n","protected":false},"excerpt":{"rendered":"<p>\u00d6teki sosyal bilim disiplinlerine g\u00f6re, olduk\u00e7a yeni bir alan olan uluslararas\u0131 ili\u015fkiler, Birinci ve \u0130kinci D\u00fcnya Sava\u015flar\u0131 ile So\u011fuk Sava\u015f d\u00f6nemlerinin etkisiyle, konular\u0131 s\u0131n\u0131rl\u0131, i\u00e7eri\u011fi k\u0131s\u0131tl\u0131,<span class=\"excerpt-hellip\"> [\u2026]<\/span><\/p>\n","protected":false},"featured_media":0,"template":"","meta":{"_monsterinsights_skip_tracking":false,"_monsterinsights_sitenote_active":false,"_monsterinsights_sitenote_note":"","_monsterinsights_sitenote_category":0},"product_brand":[],"product_cat":[13590,12337],"product_tag":[],"class_list":{"0":"post-706516","1":"product","2":"type-product","3":"status-publish","5":"product_cat-arastirma-inceleme-politika-siyaset","6":"product_cat-politika-siyaset","7":"pa_cilt-ciltsiz","8":"pa_tur-kitap","9":"pa_yayinevi-asi-kitap","10":"pa_yazar-mehmet-hasguler","12":"first","13":"instock","14":"sale","15":"shipping-taxable","16":"purchasable","17":"product-type-simple"},"_links":{"self":[{"href":"https:\/\/roveyayinevi.com.tr\/index.php\/wp-json\/wp\/v2\/product\/706516","targetHints":{"allow":["GET"]}}],"collection":[{"href":"https:\/\/roveyayinevi.com.tr\/index.php\/wp-json\/wp\/v2\/product"}],"about":[{"href":"https:\/\/roveyayinevi.com.tr\/index.php\/wp-json\/wp\/v2\/types\/product"}],"wp:attachment":[{"href":"https:\/\/roveyayinevi.com.tr\/index.php\/wp-json\/wp\/v2\/media?parent=706516"}],"wp:term":[{"taxonomy":"product_brand","embeddable":true,"href":"https:\/\/roveyayinevi.com.tr\/index.php\/wp-json\/wp\/v2\/product_brand?post=706516"},{"taxonomy":"product_cat","embeddable":true,"href":"https:\/\/roveyayinevi.com.tr\/index.php\/wp-json\/wp\/v2\/product_cat?post=706516"},{"taxonomy":"product_tag","embeddable":true,"href":"https:\/\/roveyayinevi.com.tr\/index.php\/wp-json\/wp\/v2\/product_tag?post=706516"}],"curies":[{"name":"wp","href":"https:\/\/api.w.org\/{rel}","templated":true}]}}