{"id":706514,"date":"2025-08-27T15:56:50","date_gmt":"2025-08-27T12:56:50","guid":{"rendered":"https:\/\/roveyayinevi.com.tr\/index.php\/urun\/ah-su-osmanli\/"},"modified":"2026-04-16T02:15:01","modified_gmt":"2026-04-15T23:15:01","slug":"ah-su-osmanli","status":"publish","type":"product","link":"https:\/\/roveyayinevi.com.tr\/index.php\/urun\/ah-su-osmanli\/","title":{"rendered":"Ah \u015eu Osmanl\u0131"},"content":{"rendered":"<p>Sultan Hamid&#8217;in Maarif Naz\u0131r\u0131 Ha\u015fim Pa\u015fa, okul say\u0131s\u0131 biraz art\u0131p da i\u015fler karma\u015f\u0131kla\u015f\u0131nca, &#8220;\u015eu mektepler olmasa maarifi ne g\u00fczel idare ederdim!&#8221; demi\u015f. Biliyorsunuz, ne zaman dinlemi\u015fsek Ha\u015fim Pa\u015fa&#8217;n\u0131n bu s\u00f6zlerini, Yahu!.. Mektep olmadan marif olur mu bre!&#8230;&#8221; diyerek adam\u0131n cahilli\u011fine hemen kahkahay\u0131 patlatm\u0131\u015f\u0131zd\u0131r hepimiz. Ger\u00e7ekten, okul olmadan maarifin olmayaca\u011f\u0131n\u0131 bilmeyecek kadar cahil biri midir bu Osmanl\u0131 naz\u0131r\u0131? Yoksa, Osmanl\u0131 ger\u00e7e\u011fi konusunda cahil olan bizler miyiz? \u00c7\u00fcnk\u00fc, hi\u00e7 ku\u015fku yok, Ha\u015fim Pa\u015fa; &#8220;Allah a\u015fk\u0131na nereden \u00e7\u0131kard\u0131n\u0131z \u015fu mektepleri!.. Maarifi medreselerde ne g\u00fczel idare edip gidiyorduk&#8230;&#8221; demektedir asl\u0131nda. Ama medreselerin bildi\u011fimiz t\u00fcrde bir e\u011fitim kurumu olmad\u0131\u011f\u0131n\u0131, \u00d6rne\u011fin Osmanl\u0131 imparatorlu\u011fu&#8217;nun ta 1913 y\u0131l\u0131na dek b\u00fct\u00fcn tarihi boyunca tek bir medrese yapt\u0131rmad\u0131\u011f\u0131n\u0131, tek bir hocas\u0131na maa\u015f \u00f6demedi\u011fini aram\u0131zdan ka\u00e7 ki\u015fi bilir ki&#8230; Mustafa Kemal, &#8220;Tevhid-i Tedrisat&#8221; yasas\u0131yla, \u0130slamiyetin S\u00fcnni-Hanefi inanc\u0131n\u0131 yayg\u0131nla\u015ft\u0131racak m\u00fccahid yeti\u015ftiren bu medreselerle, din d\u0131\u015f\u0131 e\u011fitim veren mektepleri mi birle\u015ftirmeyi ama\u00e7lam\u0131\u015ft\u0131r? Yani, &#8220;Tevhid&#8221; s\u00f6zc\u00fc\u011f\u00fcn\u00fc &#8220;birle\u015ftirmek&#8221;anlam\u0131nda m\u0131 kullanm\u0131\u015ft\u0131r, yoksa &#8220;tek&#8221; anlam\u0131nda m\u0131? Demirta\u015f Ceyhun&#8217;un bu sorulara yan\u0131t arayan bu \u00e7al\u0131\u015fmas\u0131n\u0131n da, toplumsal bilincimizdeki bir \u00e7ok kan\u0131y\u0131 temelden sarsaca\u011f\u0131na ku\u015fkumuz yoktur. \ufffcTan\u0131t\u0131m Metni<\/p>\n","protected":false},"excerpt":{"rendered":"<p>Sultan Hamid&#8217;in Maarif Naz\u0131r\u0131 Ha\u015fim Pa\u015fa, okul say\u0131s\u0131 biraz art\u0131p da i\u015fler karma\u015f\u0131kla\u015f\u0131nca, &#8220;\u015eu mektepler olmasa maarifi ne g\u00fczel idare ederdim!&#8221; demi\u015f. Biliyorsunuz, ne zaman dinlemi\u015fsek<span class=\"excerpt-hellip\"> [\u2026]<\/span><\/p>\n","protected":false},"featured_media":0,"template":"","meta":{"_monsterinsights_skip_tracking":false,"_monsterinsights_sitenote_active":false,"_monsterinsights_sitenote_note":"","_monsterinsights_sitenote_category":0},"product_brand":[],"product_cat":[13517,12304],"product_tag":[],"class_list":{"0":"post-706514","1":"product","2":"type-product","3":"status-publish","5":"product_cat-osmanli-tarihi","6":"product_cat-tarih","7":"pa_cilt-ciltsiz","8":"pa_tur-kitap","9":"pa_yayinevi-asi-kitap","10":"pa_yazar-demirtas-ceyhun","12":"first","13":"instock","14":"sale","15":"shipping-taxable","16":"purchasable","17":"product-type-simple"},"_links":{"self":[{"href":"https:\/\/roveyayinevi.com.tr\/index.php\/wp-json\/wp\/v2\/product\/706514","targetHints":{"allow":["GET"]}}],"collection":[{"href":"https:\/\/roveyayinevi.com.tr\/index.php\/wp-json\/wp\/v2\/product"}],"about":[{"href":"https:\/\/roveyayinevi.com.tr\/index.php\/wp-json\/wp\/v2\/types\/product"}],"wp:attachment":[{"href":"https:\/\/roveyayinevi.com.tr\/index.php\/wp-json\/wp\/v2\/media?parent=706514"}],"wp:term":[{"taxonomy":"product_brand","embeddable":true,"href":"https:\/\/roveyayinevi.com.tr\/index.php\/wp-json\/wp\/v2\/product_brand?post=706514"},{"taxonomy":"product_cat","embeddable":true,"href":"https:\/\/roveyayinevi.com.tr\/index.php\/wp-json\/wp\/v2\/product_cat?post=706514"},{"taxonomy":"product_tag","embeddable":true,"href":"https:\/\/roveyayinevi.com.tr\/index.php\/wp-json\/wp\/v2\/product_tag?post=706514"}],"curies":[{"name":"wp","href":"https:\/\/api.w.org\/{rel}","templated":true}]}}