{"id":706513,"date":"2025-08-27T15:56:50","date_gmt":"2025-08-27T12:56:50","guid":{"rendered":"https:\/\/roveyayinevi.com.tr\/index.php\/urun\/korku-imparatorlugu\/"},"modified":"2026-02-03T02:25:00","modified_gmt":"2026-02-02T23:25:00","slug":"korku-imparatorlugu","status":"publish","type":"product","link":"https:\/\/roveyayinevi.com.tr\/index.php\/urun\/korku-imparatorlugu\/","title":{"rendered":"Korku \u0130mparatorlu\u011fu"},"content":{"rendered":"<p>Tarihte me\u015fruiyetlerini dinden alanla, dini kendilerine kalkan gibi kullanm\u0131\u015flar ve dini politikalar\u0131na alet etmi\u015flerdi. Bug\u00fcnde din politikaya belli bir g\u00fc\u00e7 elde etmeye yard\u0131mc\u0131 olmaktad\u0131r. Dini \u00f6n plana \u00e7\u0131kartanlar dini dokunulmazl\u0131\u011f\u0131na s\u0131\u011f\u0131narak hep diktat\u00f6rl\u00fck ve despotluk ile bir \u201ckorku imparatorlu\u011fu\u201d kurmu\u015flard\u0131r.F etullah\u00e7\u0131 ter\u00f6r \u00f6rg\u00fct\u00fc, CIA ile birlikte T\u00fcrk ayd\u0131n\u0131na, T\u00fcrk Silahl\u0131 Kuvvetleri\u2019ne y\u00f6nelik 2008 y\u0131l\u0131ndan beri Ergenekon, Balyoz, Casusluk ve benzerleri ad\u0131 alt\u0131nda ger\u00e7ekle\u015ftirilen sivil darbelerin ve emperyalizmin T\u00fcrkiye\u2019nin istikrars\u0131zla\u015ft\u0131r\u0131lmas\u0131 projesinin merkezinde yer ald\u0131lar.F etullah, gen\u00e7li\u011finden itibaren \u015fizofrenik \u00f6zellikler g\u00f6stermektedir. Bu sebeble \u00e7e\u015fitli ila\u00e7lar almaktad\u0131r. Zyprexa genellikle \u015fizofreni, bipolar bozukluklar ve hal\u00fcsinasyonlar\u0131n g\u00f6r\u00fclmesine sebep olan hastal\u0131klar\u0131n tedavilerinde kullan\u0131lan bir ila\u00e7t\u0131r. F etullah\u2019\u0131n bu ilac\u0131n yan\u0131nda Clopixol Depot denilen di\u011fer bir \u015fizofreni ilac\u0131n\u0131 da ald\u0131\u011f\u0131 iddia ediliyor. Zyprexa ilac\u0131 uykusuzl\u011fa neden oldu\u011fu i\u00e7in ayr\u0131ca uyku ilac\u0131 da (Diazem ) al\u0131yor. \u015eizofrenilerin \u00e7ift karaktere sahip oldu\u011fu bilinmektedir.Durup dururken a\u011flamas\u0131, garip haller i\u00e7ine girmesi, F etullah\u2019\u0131n ruh halinin bozuklu\u011fu konusunda belli ipu\u00e7lar\u0131 vermektedir.T\u00fcrk ordusunun darbe te\u015febb\u00fcs\u00fc yapmaya haz\u0131rlan\u0131yor yalanlar\u0131yla kendilerinin bir darbe haz\u0131rl\u0131\u011f\u0131 i\u00e7inde olduklar\u0131 15 Temmuz 2016 ak\u015fam\u0131 ortaya \u00e7\u0131kt\u0131. Burada da \u00fclke halk\u0131n\u0131 g\u00f6zlerini k\u0131rpmadan nas\u0131l katledebileceklerini g\u00f6sterdiler15 Temmuz 2016 gecesi F etullah\u00e7\u0131 ter\u00f6ristlerin kanl\u0131 darbe giri\u015fiminden sonra, y\u0131llard\u0131r elimizde biriken bilgileri derli toplu bir \u015fekilde yay\u0131nlamak F etullah ve ter\u00f6r \u00f6rg\u00fct\u00fcn\u00fcn ger\u00e7ek y\u00fcz\u00fcn\u00fc, \u00e7eli\u015fkilerini, yalanlar\u0131n\u0131, kumpaslar\u0131n\u0131 belgeleriyle detayl\u0131 bir \u015fekilde ortaya koymak art\u0131k ka\u00e7\u0131n\u0131lmaz olmu\u015ftur. <\/p>\n","protected":false},"excerpt":{"rendered":"<p>Tarihte me\u015fruiyetlerini dinden alanla, dini kendilerine kalkan gibi kullanm\u0131\u015flar ve dini politikalar\u0131na alet etmi\u015flerdi. Bug\u00fcnde din politikaya belli bir g\u00fc\u00e7 elde etmeye yard\u0131mc\u0131 olmaktad\u0131r. Dini \u00f6n<span class=\"excerpt-hellip\"> [\u2026]<\/span><\/p>\n","protected":false},"featured_media":0,"template":"","meta":{"_monsterinsights_skip_tracking":false,"_monsterinsights_sitenote_active":false,"_monsterinsights_sitenote_note":"","_monsterinsights_sitenote_category":0},"product_brand":[],"product_cat":[12337],"product_tag":[],"class_list":{"0":"post-706513","1":"product","2":"type-product","3":"status-publish","5":"product_cat-politika-siyaset","6":"pa_cilt-ciltsiz","7":"pa_tur-kitap","8":"pa_yayinevi-asi-kitap","9":"pa_yazar-ismail-tokalak","11":"first","12":"instock","13":"sale","14":"shipping-taxable","15":"purchasable","16":"product-type-simple"},"_links":{"self":[{"href":"https:\/\/roveyayinevi.com.tr\/index.php\/wp-json\/wp\/v2\/product\/706513","targetHints":{"allow":["GET"]}}],"collection":[{"href":"https:\/\/roveyayinevi.com.tr\/index.php\/wp-json\/wp\/v2\/product"}],"about":[{"href":"https:\/\/roveyayinevi.com.tr\/index.php\/wp-json\/wp\/v2\/types\/product"}],"wp:attachment":[{"href":"https:\/\/roveyayinevi.com.tr\/index.php\/wp-json\/wp\/v2\/media?parent=706513"}],"wp:term":[{"taxonomy":"product_brand","embeddable":true,"href":"https:\/\/roveyayinevi.com.tr\/index.php\/wp-json\/wp\/v2\/product_brand?post=706513"},{"taxonomy":"product_cat","embeddable":true,"href":"https:\/\/roveyayinevi.com.tr\/index.php\/wp-json\/wp\/v2\/product_cat?post=706513"},{"taxonomy":"product_tag","embeddable":true,"href":"https:\/\/roveyayinevi.com.tr\/index.php\/wp-json\/wp\/v2\/product_tag?post=706513"}],"curies":[{"name":"wp","href":"https:\/\/api.w.org\/{rel}","templated":true}]}}