{"id":706512,"date":"2025-08-27T15:56:50","date_gmt":"2025-08-27T12:56:50","guid":{"rendered":"https:\/\/roveyayinevi.com.tr\/index.php\/urun\/norofinans\/"},"modified":"2025-08-31T14:46:23","modified_gmt":"2025-08-31T11:46:23","slug":"norofinans","status":"publish","type":"product","link":"https:\/\/roveyayinevi.com.tr\/index.php\/urun\/norofinans\/","title":{"rendered":"N\u00f6rofinans"},"content":{"rendered":"<p>&#8220;K\u00fcresel Para Sava\u015flar\u0131&#8221;, 2008 Wall Street merkezli k\u00fcresel mali krizin k\u00fcresel ekonomiyi getirdi\u011fi noktay\u0131 en iyi anlatan tan\u0131m. Amerikan ordusu Mart 2009&#8217;dan itibaren 60 ekonomi ve finans uzman\u0131n\u0131n rehberli\u011finde k\u00fcresel finans sava\u015f\u0131 tatbikat\u0131 yap\u0131yor. Gelecek 20 y\u0131lda \u00f6nce kur sava\u015flar\u0131, ticaret sava\u015flar\u0131 ve topyek\u00fbn, k\u00fcresel bir finans sava\u015f\u0131 ile birlikte konvansiyonel silahlar\u0131n kullan\u0131ld\u0131\u011f\u0131 bir sava\u015f ihtimali hayli y\u00fcksek. Vahiy dinleri, mitolojik dinler ve sek\u00fcler dinlerin inananlar\u0131 \u00fctopik Yeni D\u00fcnya D\u00fczeni projesi i\u00e7in para oyunlar\u0131yla d\u00f6n\u00fc\u015ft\u00fcr\u00fclmeye \u00e7al\u0131\u015f\u0131l\u0131yor. Bilime dayand\u0131klar\u0131 iddias\u0131ndaki kom\u00fcnizm ve Nazizm ile ba\u015far\u0131lamayan, &#8220;d\u00fcnyan\u0131n tek bir y\u00f6netim bi\u00e7imi ve ekonomik d\u00fczende &#8211; evrensel demokrasi ya da k\u00fcresel serbest piyasa &#8211; birle\u015fece\u011fini \u00f6ne s\u00fcren -soldan sa\u011fa evrilen- yeni muhafazakar teoriler ile varl\u0131\u011f\u0131n\u0131 s\u00fcrd\u00fcr\u00fcyor.&#8221; John Gray&#8217;in dedi\u011fi gibi; &#8220;\u0130nsanl\u0131\u011f\u0131n yeni bir \u00e7a\u011f\u0131n e\u015fi\u011finde oldu\u011fu yolundaki bu inan\u00e7, her ne kadar sosyal bilimler kisvesi alt\u0131nda sunulduysa da, basbaya\u011f\u0131 \u00e7ok eski \u00e7a\u011flara dayanan apokaliptik inan\u00e7lar\u0131n en son bi\u00e7imidir.&#8221; A\u00e7\u0131k\u00e7as\u0131 &#8220;finansal Armagedon&#8221; ile post-apokaliptik bir cennet vaadediliyor. <\/p>\n","protected":false},"excerpt":{"rendered":"<p>&#8220;K\u00fcresel Para Sava\u015flar\u0131&#8221;, 2008 Wall Street merkezli k\u00fcresel mali krizin k\u00fcresel ekonomiyi getirdi\u011fi noktay\u0131 en iyi anlatan tan\u0131m. Amerikan ordusu Mart 2009&#8217;dan itibaren 60 ekonomi ve<span class=\"excerpt-hellip\"> [\u2026]<\/span><\/p>\n","protected":false},"featured_media":0,"template":"","meta":{"_monsterinsights_skip_tracking":false,"_monsterinsights_sitenote_active":false,"_monsterinsights_sitenote_note":"","_monsterinsights_sitenote_category":0},"product_brand":[],"product_cat":[17574,13527],"product_tag":[],"class_list":{"0":"post-706512","1":"product","2":"type-product","3":"status-publish","5":"product_cat-politika","6":"product_cat-sureli-yayinlar","7":"pa_cilt-ciltsiz","8":"pa_tur-kitap","9":"pa_yayinevi-asi-kitap","10":"pa_yazar-ramazan-kurtoglu","12":"first","13":"instock","14":"sale","15":"shipping-taxable","16":"purchasable","17":"product-type-simple"},"_links":{"self":[{"href":"https:\/\/roveyayinevi.com.tr\/index.php\/wp-json\/wp\/v2\/product\/706512","targetHints":{"allow":["GET"]}}],"collection":[{"href":"https:\/\/roveyayinevi.com.tr\/index.php\/wp-json\/wp\/v2\/product"}],"about":[{"href":"https:\/\/roveyayinevi.com.tr\/index.php\/wp-json\/wp\/v2\/types\/product"}],"wp:attachment":[{"href":"https:\/\/roveyayinevi.com.tr\/index.php\/wp-json\/wp\/v2\/media?parent=706512"}],"wp:term":[{"taxonomy":"product_brand","embeddable":true,"href":"https:\/\/roveyayinevi.com.tr\/index.php\/wp-json\/wp\/v2\/product_brand?post=706512"},{"taxonomy":"product_cat","embeddable":true,"href":"https:\/\/roveyayinevi.com.tr\/index.php\/wp-json\/wp\/v2\/product_cat?post=706512"},{"taxonomy":"product_tag","embeddable":true,"href":"https:\/\/roveyayinevi.com.tr\/index.php\/wp-json\/wp\/v2\/product_tag?post=706512"}],"curies":[{"name":"wp","href":"https:\/\/api.w.org\/{rel}","templated":true}]}}