{"id":706511,"date":"2025-08-27T15:56:49","date_gmt":"2025-08-27T12:56:49","guid":{"rendered":"https:\/\/roveyayinevi.com.tr\/index.php\/urun\/iyiler-icindir-ask\/"},"modified":"2025-10-08T11:28:37","modified_gmt":"2025-10-08T08:28:37","slug":"iyiler-icindir-ask","status":"publish","type":"product","link":"https:\/\/roveyayinevi.com.tr\/index.php\/urun\/iyiler-icindir-ask\/","title":{"rendered":"\u0130yiler \u0130\u00e7indir A\u015fk"},"content":{"rendered":"<p>Amac\u0131m sadece, m\u00fcsait bir zaman bulup da birka\u00e7 dakikan\u0131z\u0131 ay\u0131rd\u0131\u011f\u0131n\u0131zda zaten kolayl\u0131kla pi\u015firebilece\u011finiz ve asl\u0131nda \u00e7ok iyi bildi\u011finiz bir yemek tarifini, na\u00e7izane birka\u00e7 tavsiye ve p\u00fcf noktas\u0131 da ilave ederek burada tekrar vermekti. \u0130\u015fte bu kitab\u0131 bunun i\u00e7in yazd\u0131m. Bu yeme\u011fin ad\u0131 \u201cmutluluk\u201d.Bu yemek hepimizin bildi\u011fi, ama sadece baz\u0131lar\u0131m\u0131z\u0131n tadabildi\u011fi, say\u0131s\u0131z tarifi olan, yap\u0131s\u0131 basit gibi g\u00f6z\u00fckse de herkesin pi\u015firemedi\u011fi, d\u00fcnyan\u0131n en lezzetli yeme\u011fidir. Tarifindeki malzemeler hi\u00e7bir yerde sat\u0131lmaz, her yerde de bulunmaz&#8230; Ana malzemeleri \u201ca\u015fk\u201d, \u201csevgi\u201d ve \u201c\u00f6zg\u00fcrl\u00fck\u201d&#8230; Yeteri kadar yoksa yemek bir \u015feye benzemez. Baharatlar\u0131 \u201cd\u00fcr\u00fcstl\u00fck\u201d, \u201csab\u0131r\u201d, \u201cfedak\u00e2rl\u0131k\u201d ve \u201canlay\u0131\u015f\u201d&#8230; As\u0131l lezzeti bunlar verir. Pi\u015firmek i\u00e7in bir de kaba ihtiyac\u0131n\u0131z var elbet; \u201csa\u011fl\u0131k\u201d bu yeme\u011fin pi\u015fti\u011fi kapt\u0131r. Bu yeme\u011fin iyi pi\u015fmesi i\u00e7in sa\u011flam bir kab\u0131n\u0131z olmal\u0131. Bu yeme\u011fin ate\u015fi \u201cadalet\u201dtir. E\u011fer yeterli ve etkili bir \u201cadalet\u201d yoksa bu yemek pi\u015fmez&#8230; <\/p>\n","protected":false},"excerpt":{"rendered":"<p>Amac\u0131m sadece, m\u00fcsait bir zaman bulup da birka\u00e7 dakikan\u0131z\u0131 ay\u0131rd\u0131\u011f\u0131n\u0131zda zaten kolayl\u0131kla pi\u015firebilece\u011finiz ve asl\u0131nda \u00e7ok iyi bildi\u011finiz bir yemek tarifini, na\u00e7izane birka\u00e7 tavsiye ve p\u00fcf<span class=\"excerpt-hellip\"> [\u2026]<\/span><\/p>\n","protected":false},"featured_media":0,"template":"","meta":{"_monsterinsights_skip_tracking":false,"_monsterinsights_sitenote_active":false,"_monsterinsights_sitenote_note":"","_monsterinsights_sitenote_category":0},"product_brand":[],"product_cat":[12291,12711],"product_tag":[],"class_list":{"0":"post-706511","1":"product","2":"type-product","3":"status-publish","5":"product_cat-edebiyat","6":"product_cat-roman-oyku","7":"pa_cilt-ciltsiz","8":"pa_tur-kitap","9":"pa_yayinevi-arti-farma","10":"pa_yazar-yalim-ersoz","12":"first","13":"instock","14":"sale","15":"shipping-taxable","16":"purchasable","17":"product-type-simple"},"_links":{"self":[{"href":"https:\/\/roveyayinevi.com.tr\/index.php\/wp-json\/wp\/v2\/product\/706511","targetHints":{"allow":["GET"]}}],"collection":[{"href":"https:\/\/roveyayinevi.com.tr\/index.php\/wp-json\/wp\/v2\/product"}],"about":[{"href":"https:\/\/roveyayinevi.com.tr\/index.php\/wp-json\/wp\/v2\/types\/product"}],"wp:attachment":[{"href":"https:\/\/roveyayinevi.com.tr\/index.php\/wp-json\/wp\/v2\/media?parent=706511"}],"wp:term":[{"taxonomy":"product_brand","embeddable":true,"href":"https:\/\/roveyayinevi.com.tr\/index.php\/wp-json\/wp\/v2\/product_brand?post=706511"},{"taxonomy":"product_cat","embeddable":true,"href":"https:\/\/roveyayinevi.com.tr\/index.php\/wp-json\/wp\/v2\/product_cat?post=706511"},{"taxonomy":"product_tag","embeddable":true,"href":"https:\/\/roveyayinevi.com.tr\/index.php\/wp-json\/wp\/v2\/product_tag?post=706511"}],"curies":[{"name":"wp","href":"https:\/\/api.w.org\/{rel}","templated":true}]}}